{"id":17597,"date":"2016-06-14T05:23:47","date_gmt":"2016-06-14T05:23:47","guid":{"rendered":"https:\/\/zlcopenhagen.com\/product\/zlc-army-trunk\/?lang=da"},"modified":"2024-03-31T08:17:25","modified_gmt":"2024-03-31T07:17:25","slug":"army-groen-gylp-underbukser-medgenanvendt-nylon","status":"publish","type":"product","link":"https:\/\/zlcopenhagen.com\/da\/produkt\/army-groen-gylp-underbukser-medgenanvendt-nylon\/","title":{"rendered":"ZLC ARMY GR\u00d8N GYLP UNDERBUKSER MED GENANVENDT NYLON"},"content":{"rendered":"<p>[spb_tabs tabs_type=&#8221;standard&#8221; center_tabs=&#8221;no&#8221; width=&#8221;1\/1&#8243; el_position=&#8221;first last&#8221;] [spb_tab title=&#8221;Produkt&#8221; icon=&#8221;&#8221; id=&#8221;Produkt&#8221;] [spb_text_block animation=&#8221;none&#8221; animation_delay=&#8221;0&#8243; simplified_controls=&#8221;yes&#8221; custom_css_percentage=&#8221;no&#8221; padding_vertical=&#8221;0&#8243; padding_horizontal=&#8221;0&#8243; margin_vertical=&#8221;0&#8243; custom_css=&#8221;margin-top: 0px;margin-bottom: 0px;&#8221; border_size=&#8221;0&#8243; border_styling_global=&#8221;default&#8221; width=&#8221;1\/2&#8243; el_position=&#8221;first&#8221;]<\/p>\n<h2 class=\"p1\"><span class=\"s1\" style=\"color: #333333;\">ZLC ARMY UNDERBUKSER MED GYLP<\/span><\/h2>\n<p class=\"p1\">Opdag vores ZLC Army underbukser med gylp lukning. Det ultimative valg for den moderne mand, der v\u00e6rds\u00e6tter b\u00e5de stil og b\u00e6redygtighed. Fremstillet af genanvendt nylon med en praktisk gylp lukning, er disse underbukser designet til at give dig maksimal komfort og bev\u00e6gelsesfrihed hele dagen. Den trendy armygr\u00f8nne farve tilf\u00f8jer et strejf af maskulinitet til din garderobe, mens det b\u00e6redygtige materiale viser dit engagement i milj\u00f8et. Tag din stil til n\u00e6ste niveau med ZLC Army underbukserne &#8211; et bevidst valg for b\u00e5de dig og planeten. Og gylplukningen? Den er ikke kun praktisk til hurtige toiletbes\u00f8g, men ogs\u00e5 til andre ipludselige situationer, hvor hurtig adgang kan blive n\u00f8dvendigt.<\/p>\n<p>[\/spb_text_block] [spb_image image=&#8221;18399&#8243; image_size=&#8221;full&#8221; frame=&#8221;noframe&#8221; caption_pos=&#8221;hover&#8221; remove_rounded=&#8221;yes&#8221; fullwidth=&#8221;no&#8221; overflow_mode=&#8221;none&#8221; link_target=&#8221;_self&#8221; lightbox=&#8221;no&#8221; intro_animation=&#8221;none&#8221; animation_delay=&#8221;200&#8243; width=&#8221;1\/2&#8243; el_position=&#8221;last&#8221;][\/spb_image] [\/spb_tab] [spb_tab title=&#8221;Materiale&#8221; icon=&#8221;&#8221; id=&#8221;Materiale&#8221;] [spb_image image=&#8221;26324&#8243; image_size=&#8221;full&#8221; frame=&#8221;noframe&#8221; caption_pos=&#8221;hover&#8221; remove_rounded=&#8221;yes&#8221; fullwidth=&#8221;no&#8221; overflow_mode=&#8221;none&#8221; link_target=&#8221;_self&#8221; lightbox=&#8221;no&#8221; intro_animation=&#8221;none&#8221; animation_delay=&#8221;200&#8243; width=&#8221;1\/1&#8243; el_position=&#8221;first last&#8221;][\/spb_image] [spb_text_block animation=&#8221;none&#8221; animation_delay=&#8221;0&#8243; simplified_controls=&#8221;yes&#8221; custom_css_percentage=&#8221;no&#8221; padding_vertical=&#8221;0&#8243; padding_horizontal=&#8221;0&#8243; margin_vertical=&#8221;0&#8243; custom_css=&#8221;margin-top: 0px;margin-bottom: 0px;&#8221; border_size=&#8221;0&#8243; border_styling_global=&#8221;default&#8221; width=&#8221;1\/1&#8243; el_position=&#8221;first last&#8221;]<\/p>\n<h2>PERFEKT PASFORM &amp; MAKSIMAL KOMFORT<\/h2>\n<p>Vores ZLC Army Gr\u00f8n Gylp Underbukser er ikke kun en del af vores unikke Dansk Punjabi Design, men de tilbyder ogs\u00e5 en perfekt pasform og maksimal komfort. Med en smart gylp-lukning, mellemlange ben og en s\u00f8lvfarvet elastikb\u00e6lte, der indeholder op til 30% genanvendt nylon, fremh\u00e6ver de dine former forfra og bagfra, samtidig med at de undg\u00e5r irriterende p\u00e5syede m\u00e6rker.<\/p>\n<ul class=\"ul1\">\n<li>Perfekt pasform og maksimal komfort<\/li>\n<li>Unikt Dansk Punjabi Design<\/li>\n<li>Med gylp lukning<\/li>\n<li>94% bomuld og 6% elastan<\/li>\n<li>Materialet behandlet med <strong><a href=\"https:\/\/www.sanitized.com\/technology-for-textiles\/\" target=\"_blank\" rel=\"noopener\">Sanitized\u00ae<\/a><\/strong><\/li>\n<li>S\u00f8lvfarvet elastikb\u00e6lte med op til 30 procent genanvendt nylon<\/li>\n<li>Mellemlange ben<\/li>\n<li>Fremh\u00e6ver formerne forfra som bagfra<\/li>\n<\/ul>\n<h3>MILIT\u00c6RGR\u00d8NNE UNDERBUKSER MED GENANVENDT NYLON<\/h3>\n<p>Vi er stolte af at fremstille vores produkter med genanvendt nylon for at bidrage til b\u00e6redygtighed og milj\u00f8beskyttelse. Genanvendt nylon er en ressourceeffektiv l\u00f8sning, der reducerer behovet for at udvinde nye materialer og mindsker m\u00e6ngden af affald. Vores produkter af genanvendt nylon opretholder samme holdbarhed og kvalitet som traditionelle materialer, men med en langt mindre milj\u00f8m\u00e6ssig belastning. Ved at v\u00e6lge genanvendt nylon investerer du ikke kun i et stilfuldt produkt, men ogs\u00e5 i en b\u00e6redygtig fremtid for vores planet.<\/p>\n<p>[\/spb_text_block] [\/spb_tab] [spb_tab title=&#8221;Vaskeanvisning&#8221; icon=&#8221;&#8221; id=&#8221;Vaskeanvisning&#8221;] [spb_text_block animation=&#8221;none&#8221; animation_delay=&#8221;0&#8243; simplified_controls=&#8221;yes&#8221; custom_css_percentage=&#8221;no&#8221; padding_vertical=&#8221;0&#8243; padding_horizontal=&#8221;0&#8243; margin_vertical=&#8221;0&#8243; custom_css=&#8221;margin-top: 0px;margin-bottom: 0px;&#8221; border_size=&#8221;0&#8243; border_styling_global=&#8221;default&#8221; width=&#8221;1\/1&#8243; el_position=&#8221;first last&#8221;]<\/p>\n<div class=\"flex-1 overflow-hidden\">\n<div class=\"react-scroll-to-bottom--css-vwquq-79elbk h-full\">\n<div class=\"react-scroll-to-bottom--css-vwquq-1n7m0yu\">\n<div class=\"flex flex-col text-sm pb-9\">\n<div class=\"w-full text-token-text-primary\" data-testid=\"conversation-turn-284\">\n<div class=\"px-4 py-2 justify-center text-base md:gap-6 m-auto\">\n<div class=\"flex flex-1 text-base mx-auto gap-3 md:px-5 lg:px-1 xl:px-5 md:max-w-3xl lg:max-w-[40rem] xl:max-w-[48rem] group final-completion\">\n<div class=\"relative flex w-full flex-col agent-turn\">\n<div class=\"flex-col gap-1 md:gap-3\">\n<div class=\"flex flex-grow flex-col max-w-full\">\n<div class=\"min-h-[20px] text-message flex flex-col items-start gap-3 whitespace-pre-wrap break-words [.text-message+&amp;]:mt-5 overflow-x-auto\" data-message-author-role=\"assistant\" data-message-id=\"100116e7-9900-444e-8dbc-7c4065e616c7\">\n<div class=\"markdown prose w-full break-words dark:prose-invert light\">\n<h2>NEMME VASKEINSTRUKTIONER<\/h2>\n<h3>PLEJE TIPS TIL DINE ZLC ARMY GR\u00d8N GYLP UNDERBUKSER!<\/h3>\n<p>Vaskeanvisninger for de fr\u00e6kke: Giv underbukserne en blid behandling ved at vaske dem p\u00e5 et sk\u00e5nsomt program ved 40 grader og bruge milde vaskemidler. Undg\u00e5 t\u00f8rretumbling &#8211; lad dem i stedet luftt\u00f8rre og forbered dig p\u00e5 nye eventyr.<\/p>\n<\/div>\n<\/div>\n<\/div>\n<\/div>\n<\/div>\n<\/div>\n<\/div>\n<\/div>\n<\/div>\n<\/div>\n<\/div>\n<\/div>\n<p>[\/spb_text_block] [\/spb_tab] [spb_tab title=&#8221;S\u00e5dan syer du dine underbukser&#8221; icon=&#8221;&#8221; id=&#8221;Sdansyerdudineunderbukser&#8221;] [spb_video link=&#8221;https:\/\/www.youtube.com\/watch?v=-RhtyUuv9iU&#8221; remove_related=&#8221;yes&#8221; autoplay=&#8221;no&#8221; full_width=&#8221;no&#8221; width=&#8221;1\/1&#8243; el_position=&#8221;first last&#8221;] [\/spb_tab] [spb_tab title=&#8221;St\u00f8rrelsesguide&#8221; icon=&#8221;&#8221; id=&#8221;Strrelsesguide&#8221;] [spb_text_block animation=&#8221;none&#8221; animation_delay=&#8221;0&#8243; simplified_controls=&#8221;yes&#8221; custom_css_percentage=&#8221;no&#8221; padding_vertical=&#8221;0&#8243; padding_horizontal=&#8221;0&#8243; margin_vertical=&#8221;0&#8243; border_size=&#8221;0&#8243; border_styling_global=&#8221;default&#8221; width=&#8221;1\/1&#8243; el_position=&#8221;first last&#8221;]<\/p>\n<h2>ST\u00d8RRELSESGUIDE<\/h2>\n<h3>ARMY GR\u00d8N GYLP UNDERBUKSER ST\u00d8RRELSESGUIDE FRA ZLCOPENHAGEN<\/h3>\n<p>P\u00e5 denne side guider vi dig til den rigtige underbuksest\u00f8rrelse fra ZLCOPENHAGEN. Vores herreunderbukse st\u00f8rrelsesguide hj\u00e6lper dig nemlig p\u00e5 rette vej, hvis du er i tvivl om, hvilken st\u00f8rrelse du skal bruge i vores army gr\u00f8n gylp underbukser. F\u00f8lg blot guiden, s\u00e5 du er sikker p\u00e5 at f\u00e5 den rigtige st\u00f8rrelse sendt hjem til dig.<\/p>\n<p>ZLCOPENHAGEN underbukserne f\u00e5s i st\u00f8rrelserne Small, Medium, Large og Extra Large.<\/p>\n<p>Skulle du mod forventning ikke finde lige netop den st\u00f8rrelse, som du har brug for, s\u00e5 er du altid velkommen til at kontakte os. Vi har et bredt udvalg af st\u00f8rrelser, s\u00e5 du kan finde den perfekte pasform, uanset hvilket undert\u00f8jsdesign eller badebukser du v\u00e6lger.<\/p>\n<ul>\n<li>Tag m\u00e5leb\u00e5ndet i h\u00e5nden og s\u00f8rg for, at dine f\u00f8dder er samlet t\u00e6t sammen<\/li>\n<li>Plac\u00e9r m\u00e5leb\u00e5ndet l\u00f8st omkring dine hofter og balder p\u00e5 det bredeste punkt<\/li>\n<li>Afl\u00e6s omhyggeligt din omkreds<\/li>\n<li>Find din herreunderbuksest\u00f8rrelse i <strong>skemaet<\/strong><\/li>\n<\/ul>\n<p>&nbsp;<\/p>\n<p>[\/spb_text_block] [\/spb_tab] [\/spb_tabs] [spb_image image=&#8221;32236&#8243; image_size=&#8221;full&#8221; frame=&#8221;noframe&#8221; caption_pos=&#8221;hover&#8221; remove_rounded=&#8221;yes&#8221; fullwidth=&#8221;no&#8221; overflow_mode=&#8221;none&#8221; link_target=&#8221;_self&#8221; lightbox=&#8221;no&#8221; intro_animation=&#8221;none&#8221; animation_delay=&#8221;200&#8243; width=&#8221;1\/1&#8243; el_position=&#8221;first last&#8221;][\/spb_image] [spb_text_block animation=&#8221;none&#8221; animation_delay=&#8221;0&#8243; simplified_controls=&#8221;yes&#8221; custom_css_percentage=&#8221;no&#8221; padding_vertical=&#8221;0&#8243; padding_horizontal=&#8221;0&#8243; margin_vertical=&#8221;0&#8243; custom_css=&#8221;margin-top: 0px;margin-bottom: 0px;&#8221; border_size=&#8221;0&#8243; border_styling_global=&#8221;default&#8221; width=&#8221;1\/1&#8243; el_position=&#8221;first last&#8221;]<\/p>\n<h2>HVORFOR ER MODEINDUSTRIEN BESKIDT?<\/h2>\n<p>Som designer str\u00e6ber jeg efter at mindske milj\u00f8p\u00e5virkningen. Jeg er ikke perfekt, men jeg g\u00f8r en indsats for at p\u00e5virke den beskidte tekstilindustri. Vestens &#8216;k\u00f8b og smid v\u00e6k&#8217;-kultur l\u00e6gger pres p\u00e5 produktionen, hvilket jeg som designer mods\u00e6tter mig. Jeg ser min rolle som en dr\u00e5be i havet, der sammen med andre fors\u00f8ger at skabe en positiv forandring.<\/p>\n<p>Vi er stolte af at anvende op til 30% genanvendt nylon til fremstilling af underbuksernes elastiklinning. Dette er vores lille bidrag til at mindske milj\u00f8p\u00e5virkningen og fremme en mere b\u00e6redygtig fremtid. Nylon blev udviklet i 1930\u2019erne som en erstatning for silke. Det er behageligt mod huden og mere holdbart end polyester.<\/p>\n<p>Tag godt imod vores Army gr\u00f8n Gylp Underbukser fra ZLCOPENHAGEN. Er du til mindre ben s\u00e5 tjeck vores<strong><a href=\"https:\/\/zlcopenhagen.com\/da\/produkt\/zlc-army-trusser\/\" target=\"_blank\" rel=\"noopener\"> trusser<\/a><\/strong> ud, og hele vores <strong><a href=\"https:\/\/zlcopenhagen.com\/da\/produkt-kategori\/undertoej\/\" target=\"_blank\" rel=\"noopener\">kollektion<\/a><\/strong>. Sikkert noget der kan friste dig.<\/p>\n<p>[\/spb_text_block] [spb_blank_spacer height=&#8221;30px&#8221; width=&#8221;1\/1&#8243; el_position=&#8221;first last&#8221;] [spb_text_block animation=&#8221;none&#8221; animation_delay=&#8221;0&#8243; simplified_controls=&#8221;yes&#8221; custom_css_percentage=&#8221;no&#8221; padding_vertical=&#8221;0&#8243; padding_horizontal=&#8221;0&#8243; margin_vertical=&#8221;0&#8243; custom_css=&#8221;margin-top: 0px;margin-bottom: 0px;&#8221; border_size=&#8221;0&#8243; border_styling_global=&#8221;default&#8221; width=&#8221;1\/1&#8243; el_position=&#8221;first last&#8221;]<\/p>\n<h2><span style=\"color: #333333;\">UNDERT\u00d8JETS &amp; GYLPENS UDVIKLING<\/span><\/h2>\n<h3>GENNEM TIDERNE<\/h3>\n<p>Kender du til historien om gylpen? Ved du hvordan undert\u00f8jet har udviklet sig gennem tiderne? Hvis ikke, s\u00e5 f\u00f8lg gerne med her.<\/p>\n<p>M\u00e6nds undert\u00f8j har en lang historie, der str\u00e6kker sig tilbage til antikken, hvor m\u00e6nd brugte forskellige former for kl\u00e6der til at d\u00e6kke deres intimomr\u00e5der. I moderne tid begyndte m\u00e6nd at b\u00e6re undert\u00f8j mere regelm\u00e6ssigt fra det 19. \u00e5rhundrede og fremefter.<\/p>\n<h2>UDVIKLINGEN AF GYLPEN<\/h2>\n<p>Gylpen, eller \u00e5bningen i fronten af m\u00e6nds underbukser, blev f\u00f8rst introduceret i det 19. \u00e5rhundrede. F\u00f8r opfindelsen af gylpen var m\u00e6nd n\u00f8dt til at tr\u00e6kke deres undert\u00f8j ned for at urinere eller udf\u00f8re andre n\u00f8dvendige handlinger. Opfindelsen af gylpen gjorde det langt mere praktisk og bekvemt for m\u00e6nd at tisse uden at skulle fjerne deres undert\u00f8j helt.<\/p>\n<p>Den pr\u00e6cise oprindelse af gylpen er ikke helt klar, men den blev sandsynligvis udviklet som et svar p\u00e5 behovet for praktisk og funktionelt undert\u00f8j. Nogle kilder peger p\u00e5, at gylpen f\u00f8rst blev introduceret i England eller USA i midten af det 19. \u00e5rhundrede, men der er ingen definitiv kilde til opfindelsen.<\/p>\n<h2>FORSKELLIGE TYPER \u00c5BNINGER I UNDERBUKSER<\/h2>\n<ol>\n<li><strong>Flap Front (Traditionel Gylp):<\/strong> Denne type gylp er den mest almindelige og traditionelle. Den best\u00e5r af en flap af stof, der fastg\u00f8res med knapper eller velcro.<\/li>\n<li><strong>Horizontal Fly:<\/strong> Denne moderne variation af gylpen har en vandret \u00e5bning i stedet for en lodret flap. Det giver nem adgang uden at skulle l\u00f8fte eller flytte stoffet.<\/li>\n<li><strong>Vertical Fly:<\/strong> Denne type gylp har en lodret \u00e5bning og er designet til at give hurtig adgang med minimal bev\u00e6gelse.<\/li>\n<\/ol>\n<p>Opfindelsen af gylpen var en betydelig milep\u00e6l i udviklingen af m\u00e6nds undert\u00f8j og bidrog til \u00f8get bekvemmelighed og funktionalitet. Gylpen er nu en integreret del af m\u00e6nds underbukser og illustrerer, hvordan sm\u00e5 innovationer kan have stor indflydelse p\u00e5 vores daglige liv.<\/p>\n<h2>MODERNE INNOVATION<\/h2>\n<p>Siden opfindelsen af gylpen har der v\u00e6ret flere innovationer inden for m\u00e6nds undert\u00f8j, herunder forskellige stilarter, materialer og teknologier, der forbedrer komforten og funktionaliteten. I dag er der et bredt udvalg af m\u00e6nds underbukser p\u00e5 markedet, der passer til enhver smag og behov.<\/p>\n<p>[\/spb_text_block] [spb_image image=&#8221;19547&#8243; image_size=&#8221;full&#8221; frame=&#8221;noframe&#8221; caption_pos=&#8221;hover&#8221; remove_rounded=&#8221;yes&#8221; fullwidth=&#8221;no&#8221; overflow_mode=&#8221;none&#8221; link_target=&#8221;_self&#8221; lightbox=&#8221;no&#8221; intro_animation=&#8221;none&#8221; animation_delay=&#8221;200&#8243; width=&#8221;1\/1&#8243; el_position=&#8221;first last&#8221;][\/spb_image] [spb_blank_spacer height=&#8221;30px&#8221; width=&#8221;1\/1&#8243; el_position=&#8221;first last&#8221;] [spb_blank_spacer height=&#8221;30px&#8221; width=&#8221;1\/1&#8243; el_position=&#8221;first last&#8221;]<\/p>\n","protected":false},"excerpt":{"rendered":"<p>ZLC Army Gr\u00f8n gylp underbukser er for den kr\u00e6sne mand, der vil vise sig frem med stil og svulmende former. Designet med go gammeldags gylp lukning foran, for at g\u00f8re det nemt, n\u00e5r det br\u00e6nder p\u00e5. Med en l\u00e6kker bred s\u00f8lvelastik, der er lavet af recycled nylon.<br \/>\nOeko-Tex certificeret. Klassisk design i \u00f8kologisk bomuld, til fx sport, udend\u00f8rs aktiviteter, eller til hverdags brug. Undert\u00f8j af h\u00f8j kvalitet, med den perfekte pasform, forfra, som bagfra. Ingen irriterende vaskem\u00e6rker, der kradser ogirriterer huden.<\/p>\n<h2>ARMY GR\u00d8N UNDERBUKSER MED GYLP<\/h2>\n","protected":false},"featured_media":29103,"comment_status":"closed","ping_status":"closed","template":"","meta":[],"product_brand":[],"product_cat":[428,128],"product_tag":[264,212],"class_list":{"0":"post-17597","1":"product","2":"type-product","3":"status-publish","4":"has-post-thumbnail","6":"product_cat-underbukser","7":"product_cat-herre-undertoj-speedos-bulge","8":"product_tag-trunk-da","9":"product_tag-underwear-da","11":"first","12":"instock","13":"taxable","14":"shipping-taxable","15":"purchasable","16":"product-type-variable","17":"has-default-attributes"},"yoast_head":"<!-- This site is optimized with the Yoast SEO Premium plugin v26.6 (Yoast SEO v27.5) - https:\/\/yoast.com\/product\/yoast-seo-premium-wordpress\/ -->\n<title>Army Gr\u00f8n Gylp Underbukser med Recycled Nylon | Milj\u00f8venlig<\/title>\n<meta name=\"description\" content=\"Army Gr\u00f8n Gylp Underbukser med genanvendt nylon i s\u00f8lv elastikken. Fremh\u00e6ver forfra som bagfra dine former med optimal komfort. Dansk Punjabi Design\" \/>\n<meta name=\"robots\" content=\"index, follow, max-snippet:-1, max-image-preview:large, max-video-preview:-1\" \/>\n<link rel=\"canonical\" href=\"https:\/\/zlcopenhagen.com\/da\/produkt\/army-groen-gylp-underbukser-medgenanvendt-nylon\/\" \/>\n<meta property=\"og:locale\" content=\"da_DK\" \/>\n<meta property=\"og:type\" content=\"article\" \/>\n<meta property=\"og:title\" content=\"ZLC ARMY GR\u00d8N GYLP UNDERBUKSER MED GENANVENDT NYLON\" \/>\n<meta property=\"og:description\" content=\"Army Gr\u00f8n Gylp Underbukser med genanvendt nylon i s\u00f8lv elastikken. Fremh\u00e6ver forfra som bagfra dine former med optimal komfort. Dansk Punjabi Design\" \/>\n<meta property=\"og:url\" content=\"https:\/\/zlcopenhagen.com\/da\/produkt\/army-groen-gylp-underbukser-medgenanvendt-nylon\/\" \/>\n<meta property=\"og:site_name\" content=\"zlcopenhagen.com\" \/>\n<meta property=\"article:modified_time\" content=\"2024-03-31T07:17:25+00:00\" \/>\n<meta property=\"og:image\" content=\"https:\/\/zlcopenhagen.com\/wp-content\/uploads\/2016\/06\/Army-trunk-underwear-front-Danish-Design-by-ZLCOPENHAGEN-1.jpg\" \/>\n\t<meta property=\"og:image:width\" content=\"1075\" \/>\n\t<meta property=\"og:image:height\" content=\"1270\" \/>\n\t<meta property=\"og:image:type\" content=\"image\/jpeg\" \/>\n<meta name=\"twitter:card\" content=\"summary_large_image\" \/>\n<meta name=\"twitter:label1\" content=\"Tilg\u00e6ngelighed\" \/>\n\t<meta name=\"twitter:data1\" content=\"P\u00e5 lager\" \/>\n<meta property=\"og:availability\" content=\"instock\" \/>\n<meta property=\"product:availability\" content=\"instock\" \/>\n<meta property=\"product:retailer_item_id\" content=\"603109\" \/>\n<meta property=\"product:condition\" content=\"new\" \/>\n<!-- \/ Yoast SEO Premium plugin. -->","yoast_head_json":{"title":"Army Gr\u00f8n Gylp Underbukser med Recycled Nylon | Milj\u00f8venlig","description":"Army Gr\u00f8n Gylp Underbukser med genanvendt nylon i s\u00f8lv elastikken. Fremh\u00e6ver forfra som bagfra dine former med optimal komfort. Dansk Punjabi Design","robots":{"index":"index","follow":"follow","max-snippet":"max-snippet:-1","max-image-preview":"max-image-preview:large","max-video-preview":"max-video-preview:-1"},"canonical":"https:\/\/zlcopenhagen.com\/da\/produkt\/army-groen-gylp-underbukser-medgenanvendt-nylon\/","og_locale":"da_DK","og_type":"article","og_title":"ZLC ARMY GR\u00d8N GYLP UNDERBUKSER MED GENANVENDT NYLON","og_description":"Army Gr\u00f8n Gylp Underbukser med genanvendt nylon i s\u00f8lv elastikken. Fremh\u00e6ver forfra som bagfra dine former med optimal komfort. Dansk Punjabi Design","og_url":"https:\/\/zlcopenhagen.com\/da\/produkt\/army-groen-gylp-underbukser-medgenanvendt-nylon\/","og_site_name":"zlcopenhagen.com","article_modified_time":"2024-03-31T07:17:25+00:00","og_image":[{"width":1075,"height":1270,"url":"https:\/\/zlcopenhagen.com\/wp-content\/uploads\/2016\/06\/Army-trunk-underwear-front-Danish-Design-by-ZLCOPENHAGEN-1.jpg","type":"image\/jpeg"}],"twitter_card":"summary_large_image","twitter_misc":{"Tilg\u00e6ngelighed":"P\u00e5 lager"},"schema":{"@context":"https:\/\/schema.org","@graph":[{"@type":["WebPage","ItemPage"],"@id":"https:\/\/zlcopenhagen.com\/da\/produkt\/army-groen-gylp-underbukser-medgenanvendt-nylon\/","url":"https:\/\/zlcopenhagen.com\/da\/produkt\/army-groen-gylp-underbukser-medgenanvendt-nylon\/","name":"Army Gr\u00f8n Gylp Underbukser med Recycled Nylon | Milj\u00f8venlig","isPartOf":{"@id":"https:\/\/zlcopenhagen.com\/#website"},"primaryImageOfPage":{"@id":"https:\/\/zlcopenhagen.com\/da\/produkt\/army-groen-gylp-underbukser-medgenanvendt-nylon\/#primaryimage"},"image":{"@id":"https:\/\/zlcopenhagen.com\/da\/produkt\/army-groen-gylp-underbukser-medgenanvendt-nylon\/#primaryimage"},"thumbnailUrl":"https:\/\/zlcopenhagen.com\/wp-content\/uploads\/2016\/06\/Army-trunk-underwear-front-Danish-Design-by-ZLCOPENHAGEN-1.jpg","datePublished":"2016-06-14T05:23:47+00:00","dateModified":"2024-03-31T07:17:25+00:00","description":"Army Gr\u00f8n Gylp Underbukser med genanvendt nylon i s\u00f8lv elastikken. Fremh\u00e6ver forfra som bagfra dine former med optimal komfort. Dansk Punjabi Design","breadcrumb":{"@id":"https:\/\/zlcopenhagen.com\/da\/produkt\/army-groen-gylp-underbukser-medgenanvendt-nylon\/#breadcrumb"},"inLanguage":"da-DK","potentialAction":[{"@type":"ReadAction","target":["https:\/\/zlcopenhagen.com\/da\/produkt\/army-groen-gylp-underbukser-medgenanvendt-nylon\/"]}]},{"@type":"ImageObject","inLanguage":"da-DK","@id":"https:\/\/zlcopenhagen.com\/da\/produkt\/army-groen-gylp-underbukser-medgenanvendt-nylon\/#primaryimage","url":"https:\/\/zlcopenhagen.com\/wp-content\/uploads\/2016\/06\/Army-trunk-underwear-front-Danish-Design-by-ZLCOPENHAGEN-1.jpg","contentUrl":"https:\/\/zlcopenhagen.com\/wp-content\/uploads\/2016\/06\/Army-trunk-underwear-front-Danish-Design-by-ZLCOPENHAGEN-1.jpg","width":1075,"height":1270,"caption":"Army trunk underwear front Danish Design by ZLCOPENHAGEN"},{"@type":"BreadcrumbList","@id":"https:\/\/zlcopenhagen.com\/da\/produkt\/army-groen-gylp-underbukser-medgenanvendt-nylon\/#breadcrumb","itemListElement":[{"@type":"ListItem","position":1,"name":"Home","item":"https:\/\/zlcopenhagen.com\/da\/"},{"@type":"ListItem","position":2,"name":"Shop","item":"https:\/\/zlcopenhagen.com\/da\/shop\/"},{"@type":"ListItem","position":3,"name":"ZLC ARMY GR\u00d8N GYLP UNDERBUKSER MED GENANVENDT NYLON"}]},{"@type":"WebSite","@id":"https:\/\/zlcopenhagen.com\/#website","url":"https:\/\/zlcopenhagen.com\/","name":"zlcopenhagen.com","description":"","publisher":{"@id":"https:\/\/zlcopenhagen.com\/#organization"},"potentialAction":[{"@type":"SearchAction","target":{"@type":"EntryPoint","urlTemplate":"https:\/\/zlcopenhagen.com\/?s={search_term_string}"},"query-input":{"@type":"PropertyValueSpecification","valueRequired":true,"valueName":"search_term_string"}}],"inLanguage":"da-DK"},{"@type":["Organization","Place"],"@id":"https:\/\/zlcopenhagen.com\/#organization","name":"ZLCOPENHAGEN","alternateName":"ZLCOPENHAGEN","url":"https:\/\/zlcopenhagen.com\/","logo":{"@id":"https:\/\/zlcopenhagen.com\/da\/produkt\/army-groen-gylp-underbukser-medgenanvendt-nylon\/#local-main-organization-logo"},"image":{"@id":"https:\/\/zlcopenhagen.com\/da\/produkt\/army-groen-gylp-underbukser-medgenanvendt-nylon\/#local-main-organization-logo"},"sameAs":["https:\/\/www.youtube.com\/channel\/UCy7JINwB6DMr2fA9yHpDQJg"],"telephone":[],"openingHoursSpecification":[{"@type":"OpeningHoursSpecification","dayOfWeek":["Monday","Tuesday","Wednesday","Thursday","Friday","Saturday","Sunday"],"opens":"09:00","closes":"17:00"}]},{"@type":"ImageObject","inLanguage":"da-DK","@id":"https:\/\/zlcopenhagen.com\/da\/produkt\/army-groen-gylp-underbukser-medgenanvendt-nylon\/#local-main-organization-logo","url":"https:\/\/zlcopenhagen.com\/wp-content\/uploads\/2016\/05\/blog-logo.jpg","contentUrl":"https:\/\/zlcopenhagen.com\/wp-content\/uploads\/2016\/05\/blog-logo.jpg","width":68,"height":68,"caption":"ZLCOPENHAGEN"}]},"og_availability":"instock","product_availability":"instock","product_retailer_item_id":"603109","product_condition":"new"},"_links":{"self":[{"href":"https:\/\/zlcopenhagen.com\/da\/wp-json\/wp\/v2\/product\/17597","targetHints":{"allow":["GET"]}}],"collection":[{"href":"https:\/\/zlcopenhagen.com\/da\/wp-json\/wp\/v2\/product"}],"about":[{"href":"https:\/\/zlcopenhagen.com\/da\/wp-json\/wp\/v2\/types\/product"}],"replies":[{"embeddable":true,"href":"https:\/\/zlcopenhagen.com\/da\/wp-json\/wp\/v2\/comments?post=17597"}],"wp:featuredmedia":[{"embeddable":true,"href":"https:\/\/zlcopenhagen.com\/da\/wp-json\/wp\/v2\/media\/29103"}],"wp:attachment":[{"href":"https:\/\/zlcopenhagen.com\/da\/wp-json\/wp\/v2\/media?parent=17597"}],"wp:term":[{"taxonomy":"product_brand","embeddable":true,"href":"https:\/\/zlcopenhagen.com\/da\/wp-json\/wp\/v2\/product_brand?post=17597"},{"taxonomy":"product_cat","embeddable":true,"href":"https:\/\/zlcopenhagen.com\/da\/wp-json\/wp\/v2\/product_cat?post=17597"},{"taxonomy":"product_tag","embeddable":true,"href":"https:\/\/zlcopenhagen.com\/da\/wp-json\/wp\/v2\/product_tag?post=17597"}],"curies":[{"name":"wp","href":"https:\/\/api.w.org\/{rel}","templated":true}]}}