{"id":17578,"date":"2016-06-15T05:58:23","date_gmt":"2016-06-15T05:58:23","guid":{"rendered":"https:\/\/zlcopenhagen.com\/product\/blue-leather-rosa-gold-anchor\/?lang=da"},"modified":"2017-07-22T20:40:15","modified_gmt":"2017-07-22T19:40:15","slug":"blaa-laeder-rosaguld-ankerarmbaand","status":"publish","type":"product","link":"https:\/\/zlcopenhagen.com\/da\/produkt\/blaa-laeder-rosaguld-ankerarmbaand\/","title":{"rendered":"BL\u00c5 L\u00c6DER ROSAGULD ANKER"},"content":{"rendered":"","protected":false},"excerpt":{"rendered":"","protected":false},"featured_media":21563,"comment_status":"closed","ping_status":"closed","template":"","meta":[],"product_brand":[],"product_cat":[122],"product_tag":[240,241],"class_list":{"0":"post-17578","1":"product","2":"type-product","3":"status-publish","4":"has-post-thumbnail","6":"product_cat-anne-sofie-allarp-homas","7":"product_tag-anchor-da","8":"product_tag-jewelry-da","10":"first","11":"instock","12":"taxable","13":"shipping-taxable","14":"purchasable","15":"product-type-simple"},"yoast_head":"<!-- This site is optimized with the Yoast SEO Premium plugin v26.6 (Yoast SEO v27.4) - https:\/\/yoast.com\/product\/yoast-seo-premium-wordpress\/ -->\n<title>Ankerarmb\u00e5nd med bl\u00e5 italiensk l\u00e6der, og med rosaguld metal anker!<\/title>\n<meta name=\"description\" content=\"Ankerarmb\u00e5nd med bl\u00e5 italiensk l\u00e6der, leveres med rosaguld metal anker til at afrunde det maritime tema med. Leveres med en flot gave\u00e6ske.\" \/>\n<meta name=\"robots\" content=\"index, follow, max-snippet:-1, max-image-preview:large, max-video-preview:-1\" \/>\n<link rel=\"canonical\" href=\"https:\/\/zlcopenhagen.com\/da\/produkt\/blaa-laeder-rosaguld-ankerarmbaand\/\" \/>\n<meta property=\"og:locale\" content=\"da_DK\" \/>\n<meta property=\"og:type\" content=\"article\" \/>\n<meta property=\"og:title\" content=\"BL\u00c5 L\u00c6DER ROSAGULD ANKER\" \/>\n<meta property=\"og:description\" content=\"Ankerarmb\u00e5nd med bl\u00e5 italiensk l\u00e6der, leveres med rosaguld metal anker til at afrunde det maritime tema med. Leveres med en flot gave\u00e6ske.\" \/>\n<meta property=\"og:url\" content=\"https:\/\/zlcopenhagen.com\/da\/produkt\/blaa-laeder-rosaguld-ankerarmbaand\/\" \/>\n<meta property=\"og:site_name\" content=\"zlcopenhagen.com\" \/>\n<meta property=\"article:modified_time\" content=\"2017-07-22T19:40:15+00:00\" \/>\n<meta property=\"og:image\" content=\"https:\/\/zlcopenhagen.com\/wp-content\/uploads\/2016\/06\/zlc-blue-leather-rose-gold-anchor.jpg\" \/>\n\t<meta property=\"og:image:width\" content=\"1000\" \/>\n\t<meta property=\"og:image:height\" content=\"1000\" \/>\n\t<meta property=\"og:image:type\" content=\"image\/jpeg\" \/>\n<meta name=\"twitter:card\" content=\"summary_large_image\" \/>\n<meta name=\"twitter:label1\" content=\"Pris\" \/>\n\t<meta name=\"twitter:data1\" content=\"&#036;&nbsp;35\" \/>\n\t<meta name=\"twitter:label2\" content=\"Tilg\u00e6ngelighed\" \/>\n\t<meta name=\"twitter:data2\" content=\"P\u00e5 lager\" \/>\n<meta property=\"product:price:amount\" content=\"35\" \/>\n<meta property=\"product:price:currency\" content=\"USD\" \/>\n<meta property=\"og:availability\" content=\"instock\" \/>\n<meta property=\"product:availability\" content=\"instock\" \/>\n<meta property=\"product:retailer_item_id\" content=\"JELABL03\" \/>\n<meta property=\"product:condition\" content=\"new\" \/>\n<!-- \/ Yoast SEO Premium plugin. -->","yoast_head_json":{"title":"Ankerarmb\u00e5nd med bl\u00e5 italiensk l\u00e6der, og med rosaguld metal anker!","description":"Ankerarmb\u00e5nd med bl\u00e5 italiensk l\u00e6der, leveres med rosaguld metal anker til at afrunde det maritime tema med. Leveres med en flot gave\u00e6ske.","robots":{"index":"index","follow":"follow","max-snippet":"max-snippet:-1","max-image-preview":"max-image-preview:large","max-video-preview":"max-video-preview:-1"},"canonical":"https:\/\/zlcopenhagen.com\/da\/produkt\/blaa-laeder-rosaguld-ankerarmbaand\/","og_locale":"da_DK","og_type":"article","og_title":"BL\u00c5 L\u00c6DER ROSAGULD ANKER","og_description":"Ankerarmb\u00e5nd med bl\u00e5 italiensk l\u00e6der, leveres med rosaguld metal anker til at afrunde det maritime tema med. Leveres med en flot gave\u00e6ske.","og_url":"https:\/\/zlcopenhagen.com\/da\/produkt\/blaa-laeder-rosaguld-ankerarmbaand\/","og_site_name":"zlcopenhagen.com","article_modified_time":"2017-07-22T19:40:15+00:00","og_image":[{"width":1000,"height":1000,"url":"https:\/\/zlcopenhagen.com\/wp-content\/uploads\/2016\/06\/zlc-blue-leather-rose-gold-anchor.jpg","type":"image\/jpeg"}],"twitter_card":"summary_large_image","twitter_misc":{"Pris":"&#36;&nbsp;35","Tilg\u00e6ngelighed":"P\u00e5 lager"},"schema":{"@context":"https:\/\/schema.org","@graph":[{"@type":"WebPage","@id":"https:\/\/zlcopenhagen.com\/da\/produkt\/blaa-laeder-rosaguld-ankerarmbaand\/","url":"https:\/\/zlcopenhagen.com\/da\/produkt\/blaa-laeder-rosaguld-ankerarmbaand\/","name":"Ankerarmb\u00e5nd med bl\u00e5 italiensk l\u00e6der, og med rosaguld metal anker!","isPartOf":{"@id":"https:\/\/zlcopenhagen.com\/#website"},"primaryImageOfPage":{"@id":"https:\/\/zlcopenhagen.com\/da\/produkt\/blaa-laeder-rosaguld-ankerarmbaand\/#primaryimage"},"image":{"@id":"https:\/\/zlcopenhagen.com\/da\/produkt\/blaa-laeder-rosaguld-ankerarmbaand\/#primaryimage"},"thumbnailUrl":"https:\/\/zlcopenhagen.com\/wp-content\/uploads\/2016\/06\/zlc-blue-leather-rose-gold-anchor.jpg","datePublished":"2016-06-15T05:58:23+00:00","dateModified":"2017-07-22T19:40:15+00:00","description":"Ankerarmb\u00e5nd med bl\u00e5 italiensk l\u00e6der, leveres med rosaguld metal anker til at afrunde det maritime tema med. Leveres med en flot gave\u00e6ske.","breadcrumb":{"@id":"https:\/\/zlcopenhagen.com\/da\/produkt\/blaa-laeder-rosaguld-ankerarmbaand\/#breadcrumb"},"inLanguage":"da-DK","potentialAction":[{"@type":"ReadAction","target":["https:\/\/zlcopenhagen.com\/da\/produkt\/blaa-laeder-rosaguld-ankerarmbaand\/"]}]},{"@type":"ImageObject","inLanguage":"da-DK","@id":"https:\/\/zlcopenhagen.com\/da\/produkt\/blaa-laeder-rosaguld-ankerarmbaand\/#primaryimage","url":"https:\/\/zlcopenhagen.com\/wp-content\/uploads\/2016\/06\/zlc-blue-leather-rose-gold-anchor.jpg","contentUrl":"https:\/\/zlcopenhagen.com\/wp-content\/uploads\/2016\/06\/zlc-blue-leather-rose-gold-anchor.jpg","width":1000,"height":1000},{"@type":"BreadcrumbList","@id":"https:\/\/zlcopenhagen.com\/da\/produkt\/blaa-laeder-rosaguld-ankerarmbaand\/#breadcrumb","itemListElement":[{"@type":"ListItem","position":1,"name":"Home","item":"https:\/\/zlcopenhagen.com\/da\/"},{"@type":"ListItem","position":2,"name":"Shop","item":"https:\/\/zlcopenhagen.com\/da\/shop\/"},{"@type":"ListItem","position":3,"name":"BL\u00c5 L\u00c6DER ROSAGULD ANKER"}]},{"@type":"WebSite","@id":"https:\/\/zlcopenhagen.com\/#website","url":"https:\/\/zlcopenhagen.com\/","name":"zlcopenhagen.com","description":"","publisher":{"@id":"https:\/\/zlcopenhagen.com\/#organization"},"potentialAction":[{"@type":"SearchAction","target":{"@type":"EntryPoint","urlTemplate":"https:\/\/zlcopenhagen.com\/?s={search_term_string}"},"query-input":{"@type":"PropertyValueSpecification","valueRequired":true,"valueName":"search_term_string"}}],"inLanguage":"da-DK"},{"@type":["Organization","Place"],"@id":"https:\/\/zlcopenhagen.com\/#organization","name":"ZLCOPENHAGEN","alternateName":"ZLCOPENHAGEN","url":"https:\/\/zlcopenhagen.com\/","logo":{"@id":"https:\/\/zlcopenhagen.com\/da\/produkt\/blaa-laeder-rosaguld-ankerarmbaand\/#local-main-organization-logo"},"image":{"@id":"https:\/\/zlcopenhagen.com\/da\/produkt\/blaa-laeder-rosaguld-ankerarmbaand\/#local-main-organization-logo"},"sameAs":["https:\/\/www.youtube.com\/channel\/UCy7JINwB6DMr2fA9yHpDQJg"],"telephone":[],"openingHoursSpecification":[{"@type":"OpeningHoursSpecification","dayOfWeek":["Monday","Tuesday","Wednesday","Thursday","Friday","Saturday","Sunday"],"opens":"09:00","closes":"17:00"}]},{"@type":"ImageObject","inLanguage":"da-DK","@id":"https:\/\/zlcopenhagen.com\/da\/produkt\/blaa-laeder-rosaguld-ankerarmbaand\/#local-main-organization-logo","url":"https:\/\/zlcopenhagen.com\/wp-content\/uploads\/2016\/05\/blog-logo.jpg","contentUrl":"https:\/\/zlcopenhagen.com\/wp-content\/uploads\/2016\/05\/blog-logo.jpg","width":68,"height":68,"caption":"ZLCOPENHAGEN"}]},"product_price_amount":"35","product_price_currency":"USD","og_availability":"instock","product_availability":"instock","product_retailer_item_id":"JELABL03","product_condition":"new"},"_links":{"self":[{"href":"https:\/\/zlcopenhagen.com\/da\/wp-json\/wp\/v2\/product\/17578","targetHints":{"allow":["GET"]}}],"collection":[{"href":"https:\/\/zlcopenhagen.com\/da\/wp-json\/wp\/v2\/product"}],"about":[{"href":"https:\/\/zlcopenhagen.com\/da\/wp-json\/wp\/v2\/types\/product"}],"replies":[{"embeddable":true,"href":"https:\/\/zlcopenhagen.com\/da\/wp-json\/wp\/v2\/comments?post=17578"}],"wp:featuredmedia":[{"embeddable":true,"href":"https:\/\/zlcopenhagen.com\/da\/wp-json\/wp\/v2\/media\/21563"}],"wp:attachment":[{"href":"https:\/\/zlcopenhagen.com\/da\/wp-json\/wp\/v2\/media?parent=17578"}],"wp:term":[{"taxonomy":"product_brand","embeddable":true,"href":"https:\/\/zlcopenhagen.com\/da\/wp-json\/wp\/v2\/product_brand?post=17578"},{"taxonomy":"product_cat","embeddable":true,"href":"https:\/\/zlcopenhagen.com\/da\/wp-json\/wp\/v2\/product_cat?post=17578"},{"taxonomy":"product_tag","embeddable":true,"href":"https:\/\/zlcopenhagen.com\/da\/wp-json\/wp\/v2\/product_tag?post=17578"}],"curies":[{"name":"wp","href":"https:\/\/api.w.org\/{rel}","templated":true}]}}