{"id":17382,"date":"2016-08-22T05:11:41","date_gmt":"2016-08-22T05:11:41","guid":{"rendered":"https:\/\/zlcopenhagen.com\/product\/zlc-beanie-grey-folded\/?lang=da"},"modified":"2021-02-02T21:53:46","modified_gmt":"2021-02-02T20:53:46","slug":"zlc-beanie-soelvgraa-foldet-hue","status":"publish","type":"product","link":"https:\/\/zlcopenhagen.com\/da\/produkt\/zlc-beanie-soelvgraa-foldet-hue\/","title":{"rendered":"ZLC BEANIE S\u00d8LVGR\u00c5 FOLDET HUE"},"content":{"rendered":"<p>[spb_tabs tabs_type=&#8221;standard&#8221; center_tabs=&#8221;no&#8221; width=&#8221;1\/1&#8243; el_position=&#8221;first last&#8221;] [spb_tab title=&#8221;Produkt&#8221; icon=&#8221;&#8221; id=&#8221;Produkt&#8221;] [spb_text_block animation=&#8221;none&#8221; animation_delay=&#8221;0&#8243; simplified_controls=&#8221;yes&#8221; custom_css_percentage=&#8221;no&#8221; padding_vertical=&#8221;0&#8243; padding_horizontal=&#8221;0&#8243; margin_vertical=&#8221;0&#8243; custom_css=&#8221;margin-top: 0px;margin-bottom: 0px;&#8221; border_size=&#8221;0&#8243; border_styling_global=&#8221;default&#8221; width=&#8221;1\/1&#8243; el_position=&#8221;first last&#8221;]<\/p>\n<p>Beanie s\u00f8lvgr\u00e5 foldet hue fra ZLCOPENHAGEN.<\/p>\n<p>Beanie huen er lavet af genanvendt akryluld. Denne t\u00e6tte komfortable hue er velegnet til en lang r\u00e6kke udend\u00f8rs aktiviteter, og evt. under din tr\u00e6ning. Bare det ikke bliver for varmt \ud83d\ude42<\/p>\n<p>[\/spb_text_block] [\/spb_tab] [spb_tab title=&#8221;Materiale&#8221; icon=&#8221;&#8221; id=&#8221;Materiale&#8221;] [spb_text_block animation=&#8221;none&#8221; animation_delay=&#8221;0&#8243; simplified_controls=&#8221;yes&#8221; custom_css_percentage=&#8221;no&#8221; padding_vertical=&#8221;0&#8243; padding_horizontal=&#8221;0&#8243; margin_vertical=&#8221;0&#8243; custom_css=&#8221;margin-top: 0px;margin-bottom: 0px;&#8221; border_size=&#8221;0&#8243; border_styling_global=&#8221;default&#8221; width=&#8221;1\/1&#8243; el_position=&#8221;first last&#8221;]<\/p>\n<p>100% akryl-uld<\/p>\n<p>[\/spb_text_block] [\/spb_tab] [spb_tab title=&#8221;Vaskeanvisninger &#8221; icon=&#8221;&#8221; id=&#8221;Vaskeanvisninger&#8221;] [spb_text_block animation=&#8221;none&#8221; animation_delay=&#8221;0&#8243; simplified_controls=&#8221;yes&#8221; custom_css_percentage=&#8221;no&#8221; padding_vertical=&#8221;0&#8243; padding_horizontal=&#8221;0&#8243; margin_vertical=&#8221;0&#8243; custom_css=&#8221;margin-top: 0px;margin-bottom: 0px;&#8221; border_size=&#8221;0&#8243; border_styling_global=&#8221;default&#8221; width=&#8221;1\/1&#8243; el_position=&#8221;first last&#8221;]<\/p>\n<ul>\n<li>Vask manuelt eller sk\u00e5nsomt maskinvask<\/li>\n<li>Brug ikke blegemiddel eller strygejern<\/li>\n<li>T\u00f8r udend\u00f8rs eller i en t\u00f8rretumbler<\/li>\n<\/ul>\n<p>[\/spb_text_block] [\/spb_tab] [spb_tab title=&#8221;St\u00f8rrelsesguide&#8221; icon=&#8221;&#8221; id=&#8221;Strrelsesguide&#8221;] [spb_text_block animation=&#8221;none&#8221; animation_delay=&#8221;0&#8243; simplified_controls=&#8221;yes&#8221; custom_css_percentage=&#8221;no&#8221; padding_vertical=&#8221;0&#8243; padding_horizontal=&#8221;0&#8243; margin_vertical=&#8221;0&#8243; custom_css=&#8221;margin-top: 0px;margin-bottom: 0px;&#8221; border_size=&#8221;0&#8243; border_styling_global=&#8221;default&#8221; width=&#8221;1\/1&#8243; el_position=&#8221;first last&#8221;]<\/p>\n<ul>\n<li>Onesize <a href=\"https:\/\/zlcopenhagen.com\/stoerrelsesguide\/?lang=es\" target=\"_blank\" rel=\"noopener noreferrer\" data-saferedirecturl=\"https:\/\/www.google.com\/url?q=https:\/\/zlcopenhagen.com\/size-and-fit\/?lang%3Des&amp;source=gmail&amp;ust=1557777986601000&amp;usg=AFQjCNG5BkC-1CcJPwjitl8z5kmY1ImPNg\">St\u00f8rrelsesguide<\/a><\/li>\n<\/ul>\n<p>[\/spb_text_block] [\/spb_tab] [\/spb_tabs] [spb_image image=&#8221;25996&#8243; image_size=&#8221;full&#8221; frame=&#8221;noframe&#8221; caption_pos=&#8221;hover&#8221; remove_rounded=&#8221;yes&#8221; fullwidth=&#8221;no&#8221; overflow_mode=&#8221;none&#8221; link_target=&#8221;_self&#8221; lightbox=&#8221;no&#8221; intro_animation=&#8221;none&#8221; animation_delay=&#8221;200&#8243; width=&#8221;1\/1&#8243; el_position=&#8221;first last&#8221;][\/spb_image]<\/p>\n","protected":false},"excerpt":{"rendered":"<p>[spb_tabs tabs_type=&#8221;standard&#8221; center_tabs=&#8221;no&#8221; width=&#8221;1\/1&#8243; el_position=&#8221;first last&#8221;] [spb_tab title=&#8221;Produkt&#8221; icon=&#8221;&#8221; id=&#8221;Produkt&#8221;] [spb_text_block animation=&#8221;none&#8221; animation_delay=&#8221;0&#8243; simplified_controls=&#8221;yes&#8221; custom_css_percentage=&#8221;no&#8221; padding_vertical=&#8221;0&#8243; padding_horizontal=&#8221;0&#8243; margin_vertical=&#8221;0&#8243; custom_css=&#8221;margin-top: 0px;margin-bottom: 0px;&#8221; border_size=&#8221;0&#8243; border_styling_global=&#8221;default&#8221; width=&#8221;1\/1&#8243; el_position=&#8221;first last&#8221;] Beanie s\u00f8lvgr\u00e5 foldet hue fra ZLCOPENHAGEN. Beanie huen er lavet af genanvendt akryluld. Denne t\u00e6tte komfortable hue er velegnet til en lang r\u00e6kke udend\u00f8rs aktiviteter, og evt. under din tr\u00e6ning. Bare det ikke bliver [&hellip;]<\/p>\n","protected":false},"featured_media":26008,"comment_status":"closed","ping_status":"closed","template":"","meta":[],"product_brand":[],"product_cat":[114,115],"product_tag":[218,219],"class_list":{"0":"post-17382","1":"product","2":"type-product","3":"status-publish","4":"has-post-thumbnail","6":"product_cat-accessories","7":"product_cat-huer-kasketter","8":"product_tag-beanies-da","9":"product_tag-cap-da","11":"first","12":"instock","13":"taxable","14":"shipping-taxable","15":"purchasable","16":"product-type-simple"},"yoast_head":"<!-- This site is optimized with the Yoast SEO Premium plugin v26.6 (Yoast SEO v27.6) - https:\/\/yoast.com\/product\/yoast-seo-premium-wordpress\/ -->\n<title>Beanie s\u00f8lvgr\u00e5 foldet hue | Accessories | Dansk Design | Shop Online<\/title>\n<meta name=\"description\" content=\"Beanie s\u00f8lvgr\u00e5 foldet hue er lavet af genanvendt akryluld. Denne t\u00e6tte komfortable hue passer perfekt til alle | Fri fragt ved k\u00f8b over 500\" \/>\n<meta name=\"robots\" content=\"index, follow, max-snippet:-1, max-image-preview:large, max-video-preview:-1\" \/>\n<link rel=\"canonical\" href=\"https:\/\/zlcopenhagen.com\/da\/produkt\/zlc-beanie-soelvgraa-foldet-hue\/\" \/>\n<meta property=\"og:locale\" content=\"da_DK\" \/>\n<meta property=\"og:type\" content=\"article\" \/>\n<meta property=\"og:title\" content=\"ZLC BEANIE S\u00d8LVGR\u00c5 FOLDET HUE\" \/>\n<meta property=\"og:description\" content=\"Beanie s\u00f8lvgr\u00e5 foldet hue er lavet af genanvendt akryluld. Denne t\u00e6tte komfortable hue passer perfekt til alle | Fri fragt ved k\u00f8b over 500\" \/>\n<meta property=\"og:url\" content=\"https:\/\/zlcopenhagen.com\/da\/produkt\/zlc-beanie-soelvgraa-foldet-hue\/\" \/>\n<meta property=\"og:site_name\" content=\"zlcopenhagen.com\" \/>\n<meta property=\"article:modified_time\" content=\"2021-02-02T20:53:46+00:00\" \/>\n<meta property=\"og:image\" content=\"https:\/\/i0.wp.com\/zlcopenhagen.com\/wp-content\/uploads\/2016\/08\/beanie-grey-folded.jpg?fit=1000%2C1000&ssl=1\" \/>\n\t<meta property=\"og:image:width\" content=\"1000\" \/>\n\t<meta property=\"og:image:height\" content=\"1000\" \/>\n\t<meta property=\"og:image:type\" content=\"image\/jpeg\" \/>\n<meta name=\"twitter:card\" content=\"summary_large_image\" \/>\n<meta name=\"twitter:label1\" content=\"Pris\" \/>\n\t<meta name=\"twitter:data1\" content=\"&#036;&nbsp;35\" \/>\n\t<meta name=\"twitter:label2\" content=\"Tilg\u00e6ngelighed\" \/>\n\t<meta name=\"twitter:data2\" content=\"P\u00e5 lager\" \/>\n<meta property=\"product:price:amount\" content=\"35\" \/>\n<meta property=\"product:price:currency\" content=\"USD\" \/>\n<meta property=\"og:availability\" content=\"instock\" \/>\n<meta property=\"product:availability\" content=\"instock\" \/>\n<meta property=\"product:retailer_item_id\" content=\"ZLC-BE-GRY-FLD-001\" \/>\n<meta property=\"product:condition\" content=\"new\" \/>\n<!-- \/ Yoast SEO Premium plugin. -->","yoast_head_json":{"title":"Beanie s\u00f8lvgr\u00e5 foldet hue | Accessories | Dansk Design | Shop Online","description":"Beanie s\u00f8lvgr\u00e5 foldet hue er lavet af genanvendt akryluld. Denne t\u00e6tte komfortable hue passer perfekt til alle | Fri fragt ved k\u00f8b over 500","robots":{"index":"index","follow":"follow","max-snippet":"max-snippet:-1","max-image-preview":"max-image-preview:large","max-video-preview":"max-video-preview:-1"},"canonical":"https:\/\/zlcopenhagen.com\/da\/produkt\/zlc-beanie-soelvgraa-foldet-hue\/","og_locale":"da_DK","og_type":"article","og_title":"ZLC BEANIE S\u00d8LVGR\u00c5 FOLDET HUE","og_description":"Beanie s\u00f8lvgr\u00e5 foldet hue er lavet af genanvendt akryluld. Denne t\u00e6tte komfortable hue passer perfekt til alle | Fri fragt ved k\u00f8b over 500","og_url":"https:\/\/zlcopenhagen.com\/da\/produkt\/zlc-beanie-soelvgraa-foldet-hue\/","og_site_name":"zlcopenhagen.com","article_modified_time":"2021-02-02T20:53:46+00:00","og_image":[{"width":1000,"height":1000,"url":"https:\/\/i0.wp.com\/zlcopenhagen.com\/wp-content\/uploads\/2016\/08\/beanie-grey-folded.jpg?fit=1000%2C1000&ssl=1","type":"image\/jpeg"}],"twitter_card":"summary_large_image","twitter_misc":{"Pris":"&#36;&nbsp;35","Tilg\u00e6ngelighed":"P\u00e5 lager"},"schema":{"@context":"https:\/\/schema.org","@graph":[{"@type":"WebPage","@id":"https:\/\/zlcopenhagen.com\/da\/produkt\/zlc-beanie-soelvgraa-foldet-hue\/","url":"https:\/\/zlcopenhagen.com\/da\/produkt\/zlc-beanie-soelvgraa-foldet-hue\/","name":"Beanie s\u00f8lvgr\u00e5 foldet hue | Accessories | Dansk Design | Shop Online","isPartOf":{"@id":"https:\/\/zlcopenhagen.com\/#website"},"primaryImageOfPage":{"@id":"https:\/\/zlcopenhagen.com\/da\/produkt\/zlc-beanie-soelvgraa-foldet-hue\/#primaryimage"},"image":{"@id":"https:\/\/zlcopenhagen.com\/da\/produkt\/zlc-beanie-soelvgraa-foldet-hue\/#primaryimage"},"thumbnailUrl":"https:\/\/zlcopenhagen.com\/wp-content\/uploads\/2016\/08\/beanie-grey-folded.jpg","datePublished":"2016-08-22T05:11:41+00:00","dateModified":"2021-02-02T20:53:46+00:00","description":"Beanie s\u00f8lvgr\u00e5 foldet hue er lavet af genanvendt akryluld. Denne t\u00e6tte komfortable hue passer perfekt til alle | Fri fragt ved k\u00f8b over 500","breadcrumb":{"@id":"https:\/\/zlcopenhagen.com\/da\/produkt\/zlc-beanie-soelvgraa-foldet-hue\/#breadcrumb"},"inLanguage":"da-DK","potentialAction":[{"@type":"ReadAction","target":["https:\/\/zlcopenhagen.com\/da\/produkt\/zlc-beanie-soelvgraa-foldet-hue\/"]}]},{"@type":"ImageObject","inLanguage":"da-DK","@id":"https:\/\/zlcopenhagen.com\/da\/produkt\/zlc-beanie-soelvgraa-foldet-hue\/#primaryimage","url":"https:\/\/zlcopenhagen.com\/wp-content\/uploads\/2016\/08\/beanie-grey-folded.jpg","contentUrl":"https:\/\/zlcopenhagen.com\/wp-content\/uploads\/2016\/08\/beanie-grey-folded.jpg","width":1000,"height":1000,"caption":"Beanie s\u00f8lvgr\u00e5 foldet hue"},{"@type":"BreadcrumbList","@id":"https:\/\/zlcopenhagen.com\/da\/produkt\/zlc-beanie-soelvgraa-foldet-hue\/#breadcrumb","itemListElement":[{"@type":"ListItem","position":1,"name":"Home","item":"https:\/\/zlcopenhagen.com\/da\/"},{"@type":"ListItem","position":2,"name":"Shop","item":"https:\/\/zlcopenhagen.com\/da\/shop\/"},{"@type":"ListItem","position":3,"name":"ZLC BEANIE S\u00d8LVGR\u00c5 FOLDET HUE"}]},{"@type":"WebSite","@id":"https:\/\/zlcopenhagen.com\/#website","url":"https:\/\/zlcopenhagen.com\/","name":"zlcopenhagen.com","description":"","publisher":{"@id":"https:\/\/zlcopenhagen.com\/#organization"},"potentialAction":[{"@type":"SearchAction","target":{"@type":"EntryPoint","urlTemplate":"https:\/\/zlcopenhagen.com\/?s={search_term_string}"},"query-input":{"@type":"PropertyValueSpecification","valueRequired":true,"valueName":"search_term_string"}}],"inLanguage":"da-DK"},{"@type":["Organization","Place"],"@id":"https:\/\/zlcopenhagen.com\/#organization","name":"ZLCOPENHAGEN","alternateName":"ZLCOPENHAGEN","url":"https:\/\/zlcopenhagen.com\/","logo":{"@id":"https:\/\/zlcopenhagen.com\/da\/produkt\/zlc-beanie-soelvgraa-foldet-hue\/#local-main-organization-logo"},"image":{"@id":"https:\/\/zlcopenhagen.com\/da\/produkt\/zlc-beanie-soelvgraa-foldet-hue\/#local-main-organization-logo"},"sameAs":["https:\/\/www.youtube.com\/channel\/UCy7JINwB6DMr2fA9yHpDQJg"],"telephone":[],"openingHoursSpecification":[{"@type":"OpeningHoursSpecification","dayOfWeek":["Monday","Tuesday","Wednesday","Thursday","Friday","Saturday","Sunday"],"opens":"09:00","closes":"17:00"}]},{"@type":"ImageObject","inLanguage":"da-DK","@id":"https:\/\/zlcopenhagen.com\/da\/produkt\/zlc-beanie-soelvgraa-foldet-hue\/#local-main-organization-logo","url":"https:\/\/zlcopenhagen.com\/wp-content\/uploads\/2016\/05\/blog-logo.jpg","contentUrl":"https:\/\/zlcopenhagen.com\/wp-content\/uploads\/2016\/05\/blog-logo.jpg","width":68,"height":68,"caption":"ZLCOPENHAGEN"}]},"product_price_amount":"35","product_price_currency":"USD","og_availability":"instock","product_availability":"instock","product_retailer_item_id":"ZLC-BE-GRY-FLD-001","product_condition":"new"},"_links":{"self":[{"href":"https:\/\/zlcopenhagen.com\/da\/wp-json\/wp\/v2\/product\/17382","targetHints":{"allow":["GET"]}}],"collection":[{"href":"https:\/\/zlcopenhagen.com\/da\/wp-json\/wp\/v2\/product"}],"about":[{"href":"https:\/\/zlcopenhagen.com\/da\/wp-json\/wp\/v2\/types\/product"}],"replies":[{"embeddable":true,"href":"https:\/\/zlcopenhagen.com\/da\/wp-json\/wp\/v2\/comments?post=17382"}],"wp:featuredmedia":[{"embeddable":true,"href":"https:\/\/zlcopenhagen.com\/da\/wp-json\/wp\/v2\/media\/26008"}],"wp:attachment":[{"href":"https:\/\/zlcopenhagen.com\/da\/wp-json\/wp\/v2\/media?parent=17382"}],"wp:term":[{"taxonomy":"product_brand","embeddable":true,"href":"https:\/\/zlcopenhagen.com\/da\/wp-json\/wp\/v2\/product_brand?post=17382"},{"taxonomy":"product_cat","embeddable":true,"href":"https:\/\/zlcopenhagen.com\/da\/wp-json\/wp\/v2\/product_cat?post=17382"},{"taxonomy":"product_tag","embeddable":true,"href":"https:\/\/zlcopenhagen.com\/da\/wp-json\/wp\/v2\/product_tag?post=17382"}],"curies":[{"name":"wp","href":"https:\/\/api.w.org\/{rel}","templated":true}]}}