{"id":17241,"date":"2016-07-19T09:09:11","date_gmt":"2016-07-19T08:09:11","guid":{"rendered":"https:\/\/zlcopenhagen.com\/product\/zlc-onesie\/?lang=da"},"modified":"2021-09-05T19:21:10","modified_gmt":"2021-09-05T18:21:10","slug":"zlc-onesie-med-knaphulslukning","status":"publish","type":"product","link":"https:\/\/zlcopenhagen.com\/da\/produkt\/zlc-onesie-med-knaphulslukning\/","title":{"rendered":"ZLC ONESIE HELDRAGT MED KNAPHULSLUKNING"},"content":{"rendered":"<p>[spb_image image=&#8221;19412&#8243; image_size=&#8221;full&#8221; frame=&#8221;noframe&#8221; caption_pos=&#8221;hover&#8221; remove_rounded=&#8221;yes&#8221; fullwidth=&#8221;no&#8221; overflow_mode=&#8221;none&#8221; link_target=&#8221;_self&#8221; lightbox=&#8221;no&#8221; intro_animation=&#8221;none&#8221; animation_delay=&#8221;200&#8243; width=&#8221;1\/2&#8243; el_position=&#8221;first&#8221;][\/spb_image] [spb_image image=&#8221;19418&#8243; image_size=&#8221;full&#8221; frame=&#8221;noframe&#8221; caption_pos=&#8221;hover&#8221; remove_rounded=&#8221;yes&#8221; fullwidth=&#8221;no&#8221; overflow_mode=&#8221;none&#8221; link_target=&#8221;_self&#8221; lightbox=&#8221;no&#8221; intro_animation=&#8221;none&#8221; animation_delay=&#8221;200&#8243; width=&#8221;1\/2&#8243; el_position=&#8221;last&#8221;][\/spb_image] [spb_image image=&#8221;19333&#8243; image_size=&#8221;full&#8221; frame=&#8221;noframe&#8221; caption_pos=&#8221;hover&#8221; remove_rounded=&#8221;yes&#8221; fullwidth=&#8221;no&#8221; overflow_mode=&#8221;none&#8221; link_target=&#8221;_self&#8221; lightbox=&#8221;no&#8221; intro_animation=&#8221;none&#8221; animation_delay=&#8221;200&#8243; width=&#8221;1\/1&#8243; el_position=&#8221;first last&#8221;][\/spb_image] [spb_image image=&#8221;19415&#8243; image_size=&#8221;full&#8221; frame=&#8221;noframe&#8221; caption_pos=&#8221;hover&#8221; remove_rounded=&#8221;yes&#8221; fullwidth=&#8221;no&#8221; overflow_mode=&#8221;none&#8221; link_target=&#8221;_self&#8221; lightbox=&#8221;no&#8221; intro_animation=&#8221;none&#8221; animation_delay=&#8221;200&#8243; width=&#8221;1\/1&#8243; el_position=&#8221;first last&#8221;][\/spb_image] [spb_tabs tabs_type=&#8221;standard&#8221; center_tabs=&#8221;no&#8221; width=&#8221;1\/1&#8243; el_position=&#8221;first last&#8221;] [spb_tab title=&#8221;Produkt&#8221; icon=&#8221;&#8221; id=&#8221;Produkt&#8221;] [spb_text_block animation=&#8221;none&#8221; animation_delay=&#8221;0&#8243; simplified_controls=&#8221;yes&#8221; custom_css_percentage=&#8221;no&#8221; padding_vertical=&#8221;0&#8243; padding_horizontal=&#8221;0&#8243; margin_vertical=&#8221;0&#8243; custom_css=&#8221;margin-top: 0px;margin-bottom: 0px;&#8221; border_size=&#8221;0&#8243; border_styling_global=&#8221;default&#8221; width=&#8221;1\/1&#8243; el_position=&#8221;first last&#8221;]<\/p>\n<p>Onesie fra det danske m\u00e6rke ZLCOPENHAGEN.<\/p>\n<p>Minder fra det vilde vesten, cowboys, de farlige b\u00f8ller, sheriffer, bliver vagt til live med denne sk\u00f8nhed. Simpel enkelt dragt, der giver dig fuld bev\u00e6gelighed og komfort. Et perfekt mikroklima der opst\u00e5r , da luften f\u00e5r frit spil mellem dragten og kroppen, s\u00e5ledes man f\u00f8ler sig veltilpas og frisk. Et meget behageligt underbekl\u00e6dning, lavet af 100 procent bomuld.<\/p>\n<p>Brug det som afslapnings moment derhjemme en s\u00f8ndags aften, eller mens du ser en John Wayne film med din elskede p\u00e5 de k\u00f8lige n\u00e6tter.<\/p>\n<p>&nbsp;<\/p>\n<p>Vores ZLC Onesie bliver special fremstillet for den enkelte kunde, og der er leverings tid p\u00e5. Hvis du har yderligere sp\u00f8rgsm\u00e5l, s\u00e5 ring endelig p\u00e5<\/p>\n<p>+45 7070 7666 eller skriv til os p\u00e5 info@zlcopenhagen.com, for flere informationer eller specielle \u00f8nsker.<\/p>\n<p>[\/spb_text_block] [\/spb_tab] [spb_tab title=&#8221;Materiale&#8221; icon=&#8221;&#8221; id=&#8221;Materiale&#8221;] [spb_text_block animation=&#8221;none&#8221; animation_delay=&#8221;0&#8243; simplified_controls=&#8221;yes&#8221; custom_css_percentage=&#8221;no&#8221; padding_vertical=&#8221;0&#8243; padding_horizontal=&#8221;0&#8243; margin_vertical=&#8221;0&#8243; custom_css=&#8221;margin-top: 0px;margin-bottom: 0px;&#8221; border_size=&#8221;0&#8243; border_styling_global=&#8221;default&#8221; width=&#8221;1\/1&#8243; el_position=&#8221;first last&#8221;]<\/p>\n<p>\u00d8kologisk bomuld 100%<\/p>\n<p>[\/spb_text_block] [\/spb_tab] [spb_tab title=&#8221;Vaskeanvisning&#8221; icon=&#8221;&#8221; id=&#8221;Vaskeanvisning&#8221;] [spb_text_block animation=&#8221;none&#8221; animation_delay=&#8221;0&#8243; padding_vertical=&#8221;0&#8243; padding_horizontal=&#8221;0&#8243; width=&#8221;1\/1&#8243; el_position=&#8221;first last&#8221;]<\/p>\n<p>This is a text block. Click the edit button to change this text.<\/p>\n<p>[\/spb_text_block] [\/spb_tab] [\/spb_tabs]<\/p>\n","protected":false},"excerpt":{"rendered":"<p>Vores ZLC Onesie bliver special fremstillet for den enkelte kunde, og der er leverings tid p\u00e5. Hvis du har yderligere sp\u00f8rgsm\u00e5l, s\u00e5 ring endelig p\u00e5<\/p>\n<p>+45 7070 7666 eller skriv til os p\u00e5 info@zlcopenhagen.com, for flere informationer eller specielle \u00f8nsker.<\/p>\n<p>&nbsp;<\/p>\n<p>&nbsp;<\/p>\n","protected":false},"featured_media":19415,"comment_status":"closed","ping_status":"closed","template":"","meta":[],"product_brand":[],"product_cat":[427,128],"product_tag":[215,212,217],"class_list":{"0":"post-17241","1":"product","2":"type-product","3":"status-publish","4":"has-post-thumbnail","6":"product_cat-onesie-da","7":"product_cat-herre-undertoj-speedos-bulge","8":"product_tag-long-john-da","9":"product_tag-underwear-da","10":"product_tag-zlc-onesie-da","12":"first","13":"onbackorder","14":"taxable","15":"shipping-taxable","16":"purchasable","17":"product-type-variable","18":"has-default-attributes"},"yoast_head":"<!-- This site is optimized with the Yoast SEO Premium plugin v26.6 (Yoast SEO v27.5) - https:\/\/yoast.com\/product\/yoast-seo-premium-wordpress\/ -->\n<title>Onesie heldragt | Den perfekte onesie til den aktive mand - K\u00f8b online<\/title>\n<meta name=\"description\" content=\"Onesie heldragt | Jumpsuit, sidder som en dr\u00f8m, behageligt undert\u00f8j hvor kvaliteten er i top | V\u00e6re fr\u00e6k og vis dig frem, fork\u00e6l din krop\" \/>\n<meta name=\"robots\" content=\"index, follow, max-snippet:-1, max-image-preview:large, max-video-preview:-1\" \/>\n<link rel=\"canonical\" href=\"https:\/\/zlcopenhagen.com\/da\/produkt\/zlc-onesie-med-knaphulslukning\/\" \/>\n<meta property=\"og:locale\" content=\"da_DK\" \/>\n<meta property=\"og:type\" content=\"article\" \/>\n<meta property=\"og:title\" content=\"ZLC ONESIE HELDRAGT MED KNAPHULSLUKNING\" \/>\n<meta property=\"og:description\" content=\"Onesie heldragt | Jumpsuit, sidder som en dr\u00f8m, behageligt undert\u00f8j hvor kvaliteten er i top | V\u00e6re fr\u00e6k og vis dig frem, fork\u00e6l din krop\" \/>\n<meta property=\"og:url\" content=\"https:\/\/zlcopenhagen.com\/da\/produkt\/zlc-onesie-med-knaphulslukning\/\" \/>\n<meta property=\"og:site_name\" content=\"zlcopenhagen.com\" \/>\n<meta property=\"article:modified_time\" content=\"2021-09-05T18:21:10+00:00\" \/>\n<meta property=\"og:image\" content=\"https:\/\/zlcopenhagen.com\/wp-content\/uploads\/2016\/07\/zlc-onesie-front2BW.jpg\" \/>\n\t<meta property=\"og:image:width\" content=\"800\" \/>\n\t<meta property=\"og:image:height\" content=\"1213\" \/>\n\t<meta property=\"og:image:type\" content=\"image\/jpeg\" \/>\n<meta name=\"twitter:card\" content=\"summary_large_image\" \/>\n<meta name=\"twitter:label1\" content=\"Tilg\u00e6ngelighed\" \/>\n\t<meta name=\"twitter:data1\" content=\"I restordre\" \/>\n<meta property=\"og:availability\" content=\"backorder\" \/>\n<meta property=\"product:availability\" content=\"available for order\" \/>\n<meta property=\"product:condition\" content=\"new\" \/>\n<!-- \/ Yoast SEO Premium plugin. -->","yoast_head_json":{"title":"Onesie heldragt | Den perfekte onesie til den aktive mand - K\u00f8b online","description":"Onesie heldragt | Jumpsuit, sidder som en dr\u00f8m, behageligt undert\u00f8j hvor kvaliteten er i top | V\u00e6re fr\u00e6k og vis dig frem, fork\u00e6l din krop","robots":{"index":"index","follow":"follow","max-snippet":"max-snippet:-1","max-image-preview":"max-image-preview:large","max-video-preview":"max-video-preview:-1"},"canonical":"https:\/\/zlcopenhagen.com\/da\/produkt\/zlc-onesie-med-knaphulslukning\/","og_locale":"da_DK","og_type":"article","og_title":"ZLC ONESIE HELDRAGT MED KNAPHULSLUKNING","og_description":"Onesie heldragt | Jumpsuit, sidder som en dr\u00f8m, behageligt undert\u00f8j hvor kvaliteten er i top | V\u00e6re fr\u00e6k og vis dig frem, fork\u00e6l din krop","og_url":"https:\/\/zlcopenhagen.com\/da\/produkt\/zlc-onesie-med-knaphulslukning\/","og_site_name":"zlcopenhagen.com","article_modified_time":"2021-09-05T18:21:10+00:00","og_image":[{"width":800,"height":1213,"url":"https:\/\/zlcopenhagen.com\/wp-content\/uploads\/2016\/07\/zlc-onesie-front2BW.jpg","type":"image\/jpeg"}],"twitter_card":"summary_large_image","twitter_misc":{"Tilg\u00e6ngelighed":"I restordre"},"schema":{"@context":"https:\/\/schema.org","@graph":[{"@type":"WebPage","@id":"https:\/\/zlcopenhagen.com\/da\/produkt\/zlc-onesie-med-knaphulslukning\/","url":"https:\/\/zlcopenhagen.com\/da\/produkt\/zlc-onesie-med-knaphulslukning\/","name":"Onesie heldragt | Den perfekte onesie til den aktive mand - K\u00f8b online","isPartOf":{"@id":"https:\/\/zlcopenhagen.com\/#website"},"primaryImageOfPage":{"@id":"https:\/\/zlcopenhagen.com\/da\/produkt\/zlc-onesie-med-knaphulslukning\/#primaryimage"},"image":{"@id":"https:\/\/zlcopenhagen.com\/da\/produkt\/zlc-onesie-med-knaphulslukning\/#primaryimage"},"thumbnailUrl":"https:\/\/zlcopenhagen.com\/wp-content\/uploads\/2016\/07\/zlc-onesie-front2BW.jpg","datePublished":"2016-07-19T08:09:11+00:00","dateModified":"2021-09-05T18:21:10+00:00","description":"Onesie heldragt | Jumpsuit, sidder som en dr\u00f8m, behageligt undert\u00f8j hvor kvaliteten er i top | V\u00e6re fr\u00e6k og vis dig frem, fork\u00e6l din krop","breadcrumb":{"@id":"https:\/\/zlcopenhagen.com\/da\/produkt\/zlc-onesie-med-knaphulslukning\/#breadcrumb"},"inLanguage":"da-DK","potentialAction":[{"@type":"ReadAction","target":["https:\/\/zlcopenhagen.com\/da\/produkt\/zlc-onesie-med-knaphulslukning\/"]}]},{"@type":"ImageObject","inLanguage":"da-DK","@id":"https:\/\/zlcopenhagen.com\/da\/produkt\/zlc-onesie-med-knaphulslukning\/#primaryimage","url":"https:\/\/zlcopenhagen.com\/wp-content\/uploads\/2016\/07\/zlc-onesie-front2BW.jpg","contentUrl":"https:\/\/zlcopenhagen.com\/wp-content\/uploads\/2016\/07\/zlc-onesie-front2BW.jpg","width":800,"height":1213,"caption":"ZLC onesie\/heldragt."},{"@type":"BreadcrumbList","@id":"https:\/\/zlcopenhagen.com\/da\/produkt\/zlc-onesie-med-knaphulslukning\/#breadcrumb","itemListElement":[{"@type":"ListItem","position":1,"name":"Home","item":"https:\/\/zlcopenhagen.com\/da\/"},{"@type":"ListItem","position":2,"name":"Shop","item":"https:\/\/zlcopenhagen.com\/da\/shop\/"},{"@type":"ListItem","position":3,"name":"ZLC ONESIE HELDRAGT MED KNAPHULSLUKNING"}]},{"@type":"WebSite","@id":"https:\/\/zlcopenhagen.com\/#website","url":"https:\/\/zlcopenhagen.com\/","name":"zlcopenhagen.com","description":"","publisher":{"@id":"https:\/\/zlcopenhagen.com\/#organization"},"potentialAction":[{"@type":"SearchAction","target":{"@type":"EntryPoint","urlTemplate":"https:\/\/zlcopenhagen.com\/?s={search_term_string}"},"query-input":{"@type":"PropertyValueSpecification","valueRequired":true,"valueName":"search_term_string"}}],"inLanguage":"da-DK"},{"@type":["Organization","Place"],"@id":"https:\/\/zlcopenhagen.com\/#organization","name":"ZLCOPENHAGEN","alternateName":"ZLCOPENHAGEN","url":"https:\/\/zlcopenhagen.com\/","logo":{"@id":"https:\/\/zlcopenhagen.com\/da\/produkt\/zlc-onesie-med-knaphulslukning\/#local-main-organization-logo"},"image":{"@id":"https:\/\/zlcopenhagen.com\/da\/produkt\/zlc-onesie-med-knaphulslukning\/#local-main-organization-logo"},"sameAs":["https:\/\/www.youtube.com\/channel\/UCy7JINwB6DMr2fA9yHpDQJg"],"telephone":[],"openingHoursSpecification":[{"@type":"OpeningHoursSpecification","dayOfWeek":["Monday","Tuesday","Wednesday","Thursday","Friday","Saturday","Sunday"],"opens":"09:00","closes":"17:00"}]},{"@type":"ImageObject","inLanguage":"da-DK","@id":"https:\/\/zlcopenhagen.com\/da\/produkt\/zlc-onesie-med-knaphulslukning\/#local-main-organization-logo","url":"https:\/\/zlcopenhagen.com\/wp-content\/uploads\/2016\/05\/blog-logo.jpg","contentUrl":"https:\/\/zlcopenhagen.com\/wp-content\/uploads\/2016\/05\/blog-logo.jpg","width":68,"height":68,"caption":"ZLCOPENHAGEN"}]},"og_availability":"backorder","product_availability":"available for order","product_condition":"new"},"_links":{"self":[{"href":"https:\/\/zlcopenhagen.com\/da\/wp-json\/wp\/v2\/product\/17241","targetHints":{"allow":["GET"]}}],"collection":[{"href":"https:\/\/zlcopenhagen.com\/da\/wp-json\/wp\/v2\/product"}],"about":[{"href":"https:\/\/zlcopenhagen.com\/da\/wp-json\/wp\/v2\/types\/product"}],"replies":[{"embeddable":true,"href":"https:\/\/zlcopenhagen.com\/da\/wp-json\/wp\/v2\/comments?post=17241"}],"wp:featuredmedia":[{"embeddable":true,"href":"https:\/\/zlcopenhagen.com\/da\/wp-json\/wp\/v2\/media\/19415"}],"wp:attachment":[{"href":"https:\/\/zlcopenhagen.com\/da\/wp-json\/wp\/v2\/media?parent=17241"}],"wp:term":[{"taxonomy":"product_brand","embeddable":true,"href":"https:\/\/zlcopenhagen.com\/da\/wp-json\/wp\/v2\/product_brand?post=17241"},{"taxonomy":"product_cat","embeddable":true,"href":"https:\/\/zlcopenhagen.com\/da\/wp-json\/wp\/v2\/product_cat?post=17241"},{"taxonomy":"product_tag","embeddable":true,"href":"https:\/\/zlcopenhagen.com\/da\/wp-json\/wp\/v2\/product_tag?post=17241"}],"curies":[{"name":"wp","href":"https:\/\/api.w.org\/{rel}","templated":true}]}}