{"id":17179,"date":"2025-11-05T07:28:20","date_gmt":"2025-11-05T06:28:20","guid":{"rendered":"https:\/\/zlcopenhagen.com\/product\/zlc-navy-badebuks-copy-copy-copy-copy-copy-copy\/?lang=da"},"modified":"2025-11-05T19:37:48","modified_gmt":"2025-11-05T18:37:48","slug":"badebukser-til-maend","status":"publish","type":"product","link":"https:\/\/zlcopenhagen.com\/da\/produkt\/badebukser-til-maend\/","title":{"rendered":"ZLC BADEBUKSER KONG NEPTUN BL\u00c5 VENDBAR RECYCLED"},"content":{"rendered":"<p>[spb_text_block animation=&#8221;none&#8221; animation_delay=&#8221;0&#8243; simplified_controls=&#8221;yes&#8221; custom_css_percentage=&#8221;no&#8221; padding_vertical=&#8221;0&#8243; padding_horizontal=&#8221;0&#8243; margin_vertical=&#8221;0&#8243; custom_css=&#8221;margin-top: 0px;margin-bottom: 0px;&#8221; border_size=&#8221;0&#8243; border_styling_global=&#8221;default&#8221; width=&#8221;1\/1&#8243; el_position=&#8221;first last&#8221;]<\/p>\n<h3>V\u00c6R LIDT BLID MOD NATUREN<\/h3>\n<p>Vask dine l\u00e6kre badebukser sk\u00e5nsomt, gerne i h\u00e5nden. Det vil betyde, at fu vilnyde dem langt mere, og de vil holde l\u00e6ngere.Du vil ogs\u00e5 g\u00f8re en bj\u00f8rnetjeneste for milj\u00f8et.<\/p>\n<p>Vaske dem evt ved at l\u00e6gge dem i bl\u00f8d de n\u00e6ste 20 minutter, og derefter tils\u00e6t lidt vaskemiddle, og arbejde dem igennem s\u00e6bevandet langtsomt et par minutter. Skyl dem derefter, og evt l\u00e6g dem flat, p\u00e5 et h\u00e5ndkl\u00e6de, s\u00e5ledes de bevarer formen.<\/p>\n<p>Du kan sagtesn vaske dem i maskinen, men det vil vi frar\u00e5de. Hellere fork\u00e6l dem med lidt k\u00e6rlighed. For at undg\u00e5 at mikroplast ikke ender ud i havet, s\u00e5 brug evt vaskepose fra <a title=\"GuppyFriend Vaskepose mod mikroplast\" href=\"https:\/\/en.guppyfriend.com\/\" target=\"_blank\" rel=\"noopener noreferrer\">GuppyFriend Vaskepose<\/a><\/p>\n<p>En simpel og billig l\u00f8sning, praktisk, der g\u00f8r, at den frigivne mikroplast under vask, ikke bliver skyllet ud i grundvandet, eller floder.<\/p>\n<p>[\/spb_text_block] [spb_text_block animation=&#8221;none&#8221; animation_delay=&#8221;0&#8243; simplified_controls=&#8221;yes&#8221; custom_css_percentage=&#8221;no&#8221; padding_vertical=&#8221;0&#8243; padding_horizontal=&#8221;0&#8243; margin_vertical=&#8221;0&#8243; custom_css=&#8221;margin-top: 0px;margin-bottom: 0px;&#8221; border_size=&#8221;0&#8243; border_styling_global=&#8221;default&#8221; width=&#8221;1\/1&#8243; el_position=&#8221;first last&#8221;]<\/p>\n<h3 data-start=\"805\" data-end=\"848\">FORK\u00c6L DIG SELV \u2013 OG F\u00d8R DIG FREM<\/h3>\n<p data-start=\"849\" data-end=\"1174\">ZLC badet\u00f8j er skabt af <strong data-start=\"873\" data-end=\"884\">Econyl\u00ae<\/strong>, et bl\u00f8dt, genanvendt nylonstof, der giver komfort, holdbarhed og et skarpt, selvsikkert look.<br data-start=\"979\" data-end=\"982\" \/>Fra lyse til m\u00f8rke nuancer \u2013 find den farve, der matcher dit hum\u00f8r. Designet beskytter huden, fremh\u00e6ver kroppens linjer og giver dig den der sommerlige <em data-start=\"1134\" data-end=\"1164\">jeg-har-det-helt-styr-p\u00e5-det<\/em> energi.<\/p>\n<p>[\/spb_text_block] [spb_text_block animation=&#8221;none&#8221; animation_delay=&#8221;0&#8243; simplified_controls=&#8221;yes&#8221; custom_css_percentage=&#8221;no&#8221; padding_vertical=&#8221;0&#8243; padding_horizontal=&#8221;0&#8243; margin_vertical=&#8221;0&#8243; custom_css=&#8221;margin-top: 0px;margin-bottom: 0px;&#8221; border_size=&#8221;0&#8243; border_styling_global=&#8221;default&#8221; width=&#8221;1\/1&#8243; el_position=&#8221;first last&#8221;]<\/p>\n<h3 data-start=\"1181\" data-end=\"1199\"><strong data-start=\"1185\" data-end=\"1197\">FOR ALLE<\/strong><\/h3>\n<ul data-start=\"1200\" data-end=\"1311\">\n<li data-start=\"1200\" data-end=\"1221\">\n<p data-start=\"1202\" data-end=\"1221\">St\u00f8rrelser: S \u2013 L<\/p>\n<\/li>\n<li data-start=\"1222\" data-end=\"1267\">\n<p data-start=\"1224\" data-end=\"1267\">T\u00e6t pasform, der f\u00f8lger kroppens konturer<\/p>\n<\/li>\n<li data-start=\"1268\" data-end=\"1291\">\n<p data-start=\"1270\" data-end=\"1291\">Behagelig mod huden<\/p>\n<\/li>\n<li data-start=\"1292\" data-end=\"1311\">\n<p data-start=\"1294\" data-end=\"1311\">Standard l\u00e6ngde<\/p>\n<\/li>\n<\/ul>\n<p>[\/spb_text_block] [spb_text_block animation=&#8221;none&#8221; animation_delay=&#8221;0&#8243; simplified_controls=&#8221;yes&#8221; custom_css_percentage=&#8221;no&#8221; padding_vertical=&#8221;0&#8243; padding_horizontal=&#8221;0&#8243; margin_vertical=&#8221;0&#8243; custom_css=&#8221;margin-top: 0px;margin-bottom: 0px;&#8221; border_size=&#8221;0&#8243; border_styling_global=&#8221;default&#8221; width=&#8221;1\/1&#8243; el_position=&#8221;first last&#8221;]<\/p>\n<h3 data-start=\"1318\" data-end=\"1377\">ZLC BADEBUKSER \u2013 KONG NEPTUN BL\u00c5 VENDBAR RECYCLED<\/h3>\n<p data-start=\"1378\" data-end=\"1545\">Milj\u00f8venlige og Oeko-Tex\u00ae-certificerede badebukser lavet af genanvendt nylon. Designet i klassisk bl\u00e5 med en fr\u00e6k pink inderside \u2013 vendbare, fleksible og slidst\u00e6rke.<\/p>\n<p data-start=\"1547\" data-end=\"1616\">Udforsk hele kollektionen af <strong data-start=\"1576\" data-end=\"1613\">vendbare farver og tidl\u00f8st design<\/strong>.<\/p>\n<p>[\/spb_text_block] [spb_image image=&#8221;18122&#8243; image_size=&#8221;full&#8221; frame=&#8221;noframe&#8221; caption_pos=&#8221;hover&#8221; remove_rounded=&#8221;yes&#8221; fullwidth=&#8221;no&#8221; overflow_mode=&#8221;none&#8221; link_target=&#8221;_self&#8221; lightbox=&#8221;no&#8221; intro_animation=&#8221;none&#8221; animation_delay=&#8221;200&#8243; width=&#8221;1\/2&#8243; el_position=&#8221;first&#8221;][\/spb_image] [spb_image image=&#8221;18119&#8243; image_size=&#8221;full&#8221; frame=&#8221;noframe&#8221; caption_pos=&#8221;hover&#8221; remove_rounded=&#8221;yes&#8221; fullwidth=&#8221;no&#8221; overflow_mode=&#8221;none&#8221; link_target=&#8221;_self&#8221; lightbox=&#8221;no&#8221; intro_animation=&#8221;none&#8221; animation_delay=&#8221;200&#8243; width=&#8221;1\/2&#8243; el_position=&#8221;last&#8221;][\/spb_image] [spb_blank_spacer height=&#8221;30px&#8221; width=&#8221;1\/1&#8243; el_position=&#8221;first last&#8221;] [spb_text_block animation=&#8221;none&#8221; animation_delay=&#8221;0&#8243; simplified_controls=&#8221;yes&#8221; custom_css_percentage=&#8221;no&#8221; padding_vertical=&#8221;0&#8243; padding_horizontal=&#8221;0&#8243; margin_vertical=&#8221;0&#8243; custom_css=&#8221;margin-top: 0px;margin-bottom: 0px;&#8221; border_size=&#8221;0&#8243; border_styling_global=&#8221;default&#8221; width=&#8221;1\/1&#8243; el_position=&#8221;first last&#8221;]<\/p>\n<h3 data-start=\"1623\" data-end=\"1652\">G\u00c5 EFTER DIT UDTRYK<\/h3>\n<p data-start=\"1653\" data-end=\"1898\">Vil du have et andet look?<br data-start=\"1679\" data-end=\"1682\" \/>Pr\u00f8v de sorte for et stilrent udtryk, de turkise for en frisk sommerstemning, eller de pink hvis du t\u00f8r skille dig ud.<br data-start=\"1800\" data-end=\"1803\" \/>Alle modeller er lavet i genanvendt nylon og skabt med tanke for b\u00e5de stil, pasform og milj\u00f8.<\/p>\n<p>[\/spb_text_block] [spb_video link=&#8221;https:\/\/www.youtube.com\/watch?v=1UAofYqkdLs&amp;ab_channel=ECONYL%C2%AEBrand&#8221; remove_related=&#8221;yes&#8221; autoplay=&#8221;yes&#8221; full_width=&#8221;no&#8221; width=&#8221;1\/1&#8243; el_position=&#8221;first last&#8221;] [spb_blank_spacer height=&#8221;30px&#8221; width=&#8221;1\/1&#8243; el_position=&#8221;first last&#8221;] [spb_video link=&#8221;https:\/\/youtu.be\/-P0nz4hA5es&#8221; remove_related=&#8221;yes&#8221; autoplay=&#8221;no&#8221; full_width=&#8221;no&#8221; width=&#8221;1\/1&#8243; el_position=&#8221;first last&#8221;] [spb_image image=&#8221;19478&#8243; image_size=&#8221;full&#8221; frame=&#8221;noframe&#8221; caption_pos=&#8221;hover&#8221; remove_rounded=&#8221;yes&#8221; fullwidth=&#8221;no&#8221; overflow_mode=&#8221;none&#8221; link_target=&#8221;_self&#8221; lightbox=&#8221;no&#8221; intro_animation=&#8221;none&#8221; animation_delay=&#8221;200&#8243; width=&#8221;1\/1&#8243; el_position=&#8221;first last&#8221;][\/spb_image]<\/p>\n","protected":false},"excerpt":{"rendered":"<p><strong data-start=\"106\" data-end=\"159\">ZLC Badebukser \u2013 Kong Neptun Bl\u00e5 Vendbar Recycled<\/strong><br data-start=\"159\" data-end=\"162\" \/>Skabt af genanvendt nylon og syet med pr\u00e6cision i Kina. De her badebukser sidder t\u00e6t, fremh\u00e6ver din form og holder s\u00e6son efter s\u00e6son. Vendbar farve med fr\u00e6k pink lining og en komfort, der f\u00f8les lige s\u00e5 god, som den ser ud. B\u00e6redygtig stil med globalt h\u00e5ndv\u00e6rk.<\/p>\n","protected":false},"featured_media":18116,"comment_status":"closed","ping_status":"closed","template":"","meta":[],"product_brand":[],"product_cat":[127],"product_tag":[200],"class_list":{"0":"post-17179","1":"product","2":"type-product","3":"status-publish","4":"has-post-thumbnail","6":"product_cat-baeredygtige-badebukser-maend","7":"product_tag-swimwear-da","9":"first","10":"instock","11":"taxable","12":"shipping-taxable","13":"purchasable","14":"product-type-variable"},"yoast_head":"<!-- This site is optimized with the Yoast SEO Premium plugin v26.6 (Yoast SEO v27.4) - https:\/\/yoast.com\/product\/yoast-seo-premium-wordpress\/ -->\n<title>Badebukser til m\u00e6nd \u2013 Bl\u00e5, b\u00e6redygtige &amp; dansk design | ZLC<\/title>\n<meta name=\"description\" content=\"Bl\u00e5 badebukser til m\u00e6nd i genbrugt nylon. Dansk design, perfekt pasform og b\u00e6redygtig stil til strand og sv\u00f8mning.\" \/>\n<meta name=\"robots\" content=\"index, follow, max-snippet:-1, max-image-preview:large, max-video-preview:-1\" \/>\n<link rel=\"canonical\" href=\"https:\/\/zlcopenhagen.com\/da\/produkt\/badebukser-til-maend\/\" \/>\n<meta property=\"og:locale\" content=\"da_DK\" \/>\n<meta property=\"og:type\" content=\"article\" \/>\n<meta property=\"og:title\" content=\"ZLC BADEBUKSER KONG NEPTUN BL\u00c5 VENDBAR RECYCLED\" \/>\n<meta property=\"og:description\" content=\"Bl\u00e5 badebukser til m\u00e6nd i genbrugt nylon. Dansk design, perfekt pasform og b\u00e6redygtig stil til strand og sv\u00f8mning.\" \/>\n<meta property=\"og:url\" content=\"https:\/\/zlcopenhagen.com\/da\/produkt\/badebukser-til-maend\/\" \/>\n<meta property=\"og:site_name\" content=\"zlcopenhagen.com\" \/>\n<meta property=\"article:modified_time\" content=\"2025-11-05T18:37:48+00:00\" \/>\n<meta property=\"og:image\" content=\"https:\/\/zlcopenhagen.com\/wp-content\/uploads\/2016\/07\/ZLC-GRENOBLE-FULL-FRONT-CLOSEUP-AURELIEN-1.jpg\" \/>\n\t<meta property=\"og:image:width\" content=\"1000\" \/>\n\t<meta property=\"og:image:height\" content=\"1000\" \/>\n\t<meta property=\"og:image:type\" content=\"image\/jpeg\" \/>\n<meta name=\"twitter:card\" content=\"summary_large_image\" \/>\n<meta name=\"twitter:label1\" content=\"Tilg\u00e6ngelighed\" \/>\n\t<meta name=\"twitter:data1\" content=\"P\u00e5 lager\" \/>\n<meta property=\"og:availability\" content=\"instock\" \/>\n<meta property=\"product:availability\" content=\"instock\" \/>\n<meta property=\"product:retailer_item_id\" content=\"OFSW08\" \/>\n<meta property=\"product:condition\" content=\"new\" \/>\n<!-- \/ Yoast SEO Premium plugin. -->","yoast_head_json":{"title":"Badebukser til m\u00e6nd \u2013 Bl\u00e5, b\u00e6redygtige & dansk design | ZLC","description":"Bl\u00e5 badebukser til m\u00e6nd i genbrugt nylon. Dansk design, perfekt pasform og b\u00e6redygtig stil til strand og sv\u00f8mning.","robots":{"index":"index","follow":"follow","max-snippet":"max-snippet:-1","max-image-preview":"max-image-preview:large","max-video-preview":"max-video-preview:-1"},"canonical":"https:\/\/zlcopenhagen.com\/da\/produkt\/badebukser-til-maend\/","og_locale":"da_DK","og_type":"article","og_title":"ZLC BADEBUKSER KONG NEPTUN BL\u00c5 VENDBAR RECYCLED","og_description":"Bl\u00e5 badebukser til m\u00e6nd i genbrugt nylon. Dansk design, perfekt pasform og b\u00e6redygtig stil til strand og sv\u00f8mning.","og_url":"https:\/\/zlcopenhagen.com\/da\/produkt\/badebukser-til-maend\/","og_site_name":"zlcopenhagen.com","article_modified_time":"2025-11-05T18:37:48+00:00","og_image":[{"width":1000,"height":1000,"url":"https:\/\/zlcopenhagen.com\/wp-content\/uploads\/2016\/07\/ZLC-GRENOBLE-FULL-FRONT-CLOSEUP-AURELIEN-1.jpg","type":"image\/jpeg"}],"twitter_card":"summary_large_image","twitter_misc":{"Tilg\u00e6ngelighed":"P\u00e5 lager"},"schema":{"@context":"https:\/\/schema.org","@graph":[{"@type":"WebPage","@id":"https:\/\/zlcopenhagen.com\/da\/produkt\/badebukser-til-maend\/","url":"https:\/\/zlcopenhagen.com\/da\/produkt\/badebukser-til-maend\/","name":"Badebukser til m\u00e6nd \u2013 Bl\u00e5, b\u00e6redygtige & dansk design | ZLC","isPartOf":{"@id":"https:\/\/zlcopenhagen.com\/#website"},"primaryImageOfPage":{"@id":"https:\/\/zlcopenhagen.com\/da\/produkt\/badebukser-til-maend\/#primaryimage"},"image":{"@id":"https:\/\/zlcopenhagen.com\/da\/produkt\/badebukser-til-maend\/#primaryimage"},"thumbnailUrl":"https:\/\/zlcopenhagen.com\/wp-content\/uploads\/2016\/07\/ZLC-GRENOBLE-FULL-FRONT-CLOSEUP-AURELIEN-1.jpg","datePublished":"2025-11-05T06:28:20+00:00","dateModified":"2025-11-05T18:37:48+00:00","description":"Bl\u00e5 badebukser til m\u00e6nd i genbrugt nylon. Dansk design, perfekt pasform og b\u00e6redygtig stil til strand og sv\u00f8mning.","breadcrumb":{"@id":"https:\/\/zlcopenhagen.com\/da\/produkt\/badebukser-til-maend\/#breadcrumb"},"inLanguage":"da-DK","potentialAction":[{"@type":"ReadAction","target":["https:\/\/zlcopenhagen.com\/da\/produkt\/badebukser-til-maend\/"]}]},{"@type":"ImageObject","inLanguage":"da-DK","@id":"https:\/\/zlcopenhagen.com\/da\/produkt\/badebukser-til-maend\/#primaryimage","url":"https:\/\/zlcopenhagen.com\/wp-content\/uploads\/2016\/07\/ZLC-GRENOBLE-FULL-FRONT-CLOSEUP-AURELIEN-1.jpg","contentUrl":"https:\/\/zlcopenhagen.com\/wp-content\/uploads\/2016\/07\/ZLC-GRENOBLE-FULL-FRONT-CLOSEUP-AURELIEN-1.jpg","width":1000,"height":1000,"caption":"Bl\u00e5 badebukser fra ZLCOPENHAGEN | Genanvendt recycled nylon | B\u00e6redygtigt design | H\u00e5ndlavet"},{"@type":"BreadcrumbList","@id":"https:\/\/zlcopenhagen.com\/da\/produkt\/badebukser-til-maend\/#breadcrumb","itemListElement":[{"@type":"ListItem","position":1,"name":"Home","item":"https:\/\/zlcopenhagen.com\/da\/"},{"@type":"ListItem","position":2,"name":"Shop","item":"https:\/\/zlcopenhagen.com\/da\/shop\/"},{"@type":"ListItem","position":3,"name":"ZLC BADEBUKSER KONG NEPTUN BL\u00c5 VENDBAR RECYCLED"}]},{"@type":"WebSite","@id":"https:\/\/zlcopenhagen.com\/#website","url":"https:\/\/zlcopenhagen.com\/","name":"zlcopenhagen.com","description":"","publisher":{"@id":"https:\/\/zlcopenhagen.com\/#organization"},"potentialAction":[{"@type":"SearchAction","target":{"@type":"EntryPoint","urlTemplate":"https:\/\/zlcopenhagen.com\/?s={search_term_string}"},"query-input":{"@type":"PropertyValueSpecification","valueRequired":true,"valueName":"search_term_string"}}],"inLanguage":"da-DK"},{"@type":["Organization","Place"],"@id":"https:\/\/zlcopenhagen.com\/#organization","name":"ZLCOPENHAGEN","alternateName":"ZLCOPENHAGEN","url":"https:\/\/zlcopenhagen.com\/","logo":{"@id":"https:\/\/zlcopenhagen.com\/da\/produkt\/badebukser-til-maend\/#local-main-organization-logo"},"image":{"@id":"https:\/\/zlcopenhagen.com\/da\/produkt\/badebukser-til-maend\/#local-main-organization-logo"},"sameAs":["https:\/\/www.youtube.com\/channel\/UCy7JINwB6DMr2fA9yHpDQJg"],"telephone":[],"openingHoursSpecification":[{"@type":"OpeningHoursSpecification","dayOfWeek":["Monday","Tuesday","Wednesday","Thursday","Friday","Saturday","Sunday"],"opens":"09:00","closes":"17:00"}]},{"@type":"ImageObject","inLanguage":"da-DK","@id":"https:\/\/zlcopenhagen.com\/da\/produkt\/badebukser-til-maend\/#local-main-organization-logo","url":"https:\/\/zlcopenhagen.com\/wp-content\/uploads\/2016\/05\/blog-logo.jpg","contentUrl":"https:\/\/zlcopenhagen.com\/wp-content\/uploads\/2016\/05\/blog-logo.jpg","width":68,"height":68,"caption":"ZLCOPENHAGEN"}]},"og_availability":"instock","product_availability":"instock","product_retailer_item_id":"OFSW08","product_condition":"new"},"_links":{"self":[{"href":"https:\/\/zlcopenhagen.com\/da\/wp-json\/wp\/v2\/product\/17179","targetHints":{"allow":["GET"]}}],"collection":[{"href":"https:\/\/zlcopenhagen.com\/da\/wp-json\/wp\/v2\/product"}],"about":[{"href":"https:\/\/zlcopenhagen.com\/da\/wp-json\/wp\/v2\/types\/product"}],"replies":[{"embeddable":true,"href":"https:\/\/zlcopenhagen.com\/da\/wp-json\/wp\/v2\/comments?post=17179"}],"wp:featuredmedia":[{"embeddable":true,"href":"https:\/\/zlcopenhagen.com\/da\/wp-json\/wp\/v2\/media\/18116"}],"wp:attachment":[{"href":"https:\/\/zlcopenhagen.com\/da\/wp-json\/wp\/v2\/media?parent=17179"}],"wp:term":[{"taxonomy":"product_brand","embeddable":true,"href":"https:\/\/zlcopenhagen.com\/da\/wp-json\/wp\/v2\/product_brand?post=17179"},{"taxonomy":"product_cat","embeddable":true,"href":"https:\/\/zlcopenhagen.com\/da\/wp-json\/wp\/v2\/product_cat?post=17179"},{"taxonomy":"product_tag","embeddable":true,"href":"https:\/\/zlcopenhagen.com\/da\/wp-json\/wp\/v2\/product_tag?post=17179"}],"curies":[{"name":"wp","href":"https:\/\/api.w.org\/{rel}","templated":true}]}}