{"id":17122,"date":"2016-06-14T16:34:33","date_gmt":"2016-06-14T16:34:33","guid":{"rendered":"https:\/\/zlcopenhagen.com\/product\/army-paracord-2\/"},"modified":"2021-08-17T10:23:41","modified_gmt":"2021-08-17T09:23:41","slug":"army-paracord-armbaand","status":"publish","type":"product","link":"https:\/\/zlcopenhagen.com\/da\/produkt\/army-paracord-armbaand\/","title":{"rendered":"ARMY PARACORD ARMB\u00c5ND"},"content":{"rendered":"<p>[spb_tabs tabs_type=&#8221;standard&#8221; center_tabs=&#8221;no&#8221; width=&#8221;1\/1&#8243; el_position=&#8221;first last&#8221;] [spb_tab title=&#8221;Produkt&#8221; icon=&#8221;&#8221; id=&#8221;Produkt&#8221;] [spb_text_block animation=&#8221;none&#8221; animation_delay=&#8221;0&#8243; simplified_controls=&#8221;yes&#8221; custom_css_percentage=&#8221;no&#8221; padding_vertical=&#8221;0&#8243; padding_horizontal=&#8221;0&#8243; margin_vertical=&#8221;0&#8243; custom_css=&#8221;margin-top: 0px;margin-bottom: 0px;&#8221; border_size=&#8221;0&#8243; border_styling_global=&#8221;default&#8221; width=&#8221;1\/1&#8243; el_position=&#8221;first last&#8221;]<\/p>\n<h3>ARMY PARACORD ARMB\u00c5ND MED SOLID RUSTFRIT ST\u00c5L<\/h3>\n<p>Denne flotte armb\u00e5nd, er fremstillet af milit\u00e6r farve army gr\u00f8n, og som leveres med gave\u00e6ske. For ham og hende.<br \/>\nParacord blev oprindeligt brugt til faldsk\u00e6rme under 2. verdens krig, og har en ansl\u00e5et b\u00e6reevne p\u00e5 250 KG. Den tynde nylonsnor er blevet synonym med styrke, mod og overlevelse. Med et paracord armb\u00e5nd om h\u00e5ndleddet har du altid en st\u00e6rk og brugbar snor ved h\u00e5nden.\u00a0Til vores smykke kollektion, bruger vi <a href=\"https:\/\/www.econyl.com\/\" target=\"_blank\" rel=\"noopener\">genanvendt nylon<\/a>. Paracord f\u00e5s i mange farver, m\u00f8nstre.<\/p>\n<h3>LAV DIT EGET PARACORD ARMB\u00c5ND<\/h3>\n<p>Det er simpelt nemt at lave dit eget armb\u00e5nd, hvor du skal bruge mindst 3 meter nylon snor, og en l\u00e5s, der kan v\u00e6re lavet i metal, eller en plastik sp\u00e6nde. Se den engelske guide <a href=\"https:\/\/www.youtube.com\/watch?v=LtlLPxSMfds&amp;t=321s\" target=\"_blank\" rel=\"noopener\">her\u00a0<\/a><br \/>\nEventuelt se den danske version <a href=\"https:\/\/www.youtube.com\/watch?v=ZOaBu-H7hUg\" target=\"_blank\" rel=\"noopener\">her<\/a><\/p>\n<p>Hvis det bliver for b\u00f8vlet, kan du ogs\u00e5 bare k\u00f8be den nemt online her.<\/p>\n<p><strong>Et godt r\u00e5d! Hvis du er kreativt, og vant til at lave smykker, kan du nemt tilf\u00f8je et lille kompas p\u00e5 midten.<\/strong><\/p>\n<p>[\/spb_text_block] [\/spb_tab] [spb_tab title=&#8221;Materiale&#8221; icon=&#8221;&#8221; id=&#8221;Materiale&#8221;] [spb_text_block animation=&#8221;none&#8221; animation_delay=&#8221;0&#8243; simplified_controls=&#8221;yes&#8221; custom_css_percentage=&#8221;no&#8221; padding_vertical=&#8221;0&#8243; padding_horizontal=&#8221;0&#8243; margin_vertical=&#8221;0&#8243; custom_css=&#8221;margin-top: 0px;margin-bottom: 0px;&#8221; border_size=&#8221;0&#8243; border_styling_global=&#8221;default&#8221; width=&#8221;1\/1&#8243; el_position=&#8221;first last&#8221;]<\/p>\n<p>Army paracord armb\u00e5nd er et must accessory for den maskuline aktive mand. Denne flotte armb\u00e5nd, er fremstillet af genanvendte materialer, og derfor det perfekte valg, ogs\u00e5 for hende. Lukkes med en fr\u00e6k solid metall\u00e5s.<\/p>\n<p>Paracord blev oprindeligt brugt til faldsk\u00e6rme under 2. verdens krig, og har en ansl\u00e5et b\u00e6reevne p\u00e5 250 KG. Den tynde nylonsnor er blevet synonym med styrke, mod og overlevelse. Med et paracord armb\u00e5nd om h\u00e5ndleddet har du altid en st\u00e6rk og brugbar snor ved h\u00e5nden.<\/p>\n<p>Til vores smykke kollektion, bruger vi genanvendt nylon, som f\u00e5s i mange farver og m\u00f8nstre, hvilket kan ses <a href=\"https:\/\/zlcopenhagen.com\/produkt-kategori\/smykker\/faldskaerms-snor\/?lang=da\" target=\"_blank\" rel=\"noopener\">her<\/a><\/p>\n<p>[\/spb_text_block] [\/spb_tab] [spb_tab title=&#8221;Pleje&#8221; icon=&#8221;&#8221; id=&#8221;Pleje&#8221;] [spb_text_block animation=&#8221;none&#8221; animation_delay=&#8221;0&#8243; simplified_controls=&#8221;yes&#8221; custom_css_percentage=&#8221;no&#8221; padding_vertical=&#8221;0&#8243; padding_horizontal=&#8221;0&#8243; margin_vertical=&#8221;0&#8243; border_size=&#8221;0&#8243; border_styling_global=&#8221;default&#8221; width=&#8221;1\/1&#8243; el_position=&#8221;first last&#8221;]<\/p>\n<ul>\n<li>Vaskes med fugtig klud forsigtigt efter behov<\/li>\n<li>Undg\u00e5 at sove med dine smykker p\u00e5<\/li>\n<li>Undg\u00e5 at dyrke sport med dine smykker p\u00e5<\/li>\n<li>Undg\u00e5 at g\u00e5 i bad med dem p\u00e5 &#8211; Is\u00e6r l\u00e6der<\/li>\n<li>Undg\u00e5 ber\u00f8ring med saltvand, for eksempel i forbindelse med udend\u00f8rs badning<\/li>\n<li>Undg\u00e5 i kontakt med parfume, cremer, h\u00e5rlak osv.<\/li>\n<li>Opbevar dem sikkert, gerne i en stof pose<\/li>\n<\/ul>\n<p>[\/spb_text_block] [\/spb_tab] [spb_tab title=&#8221;St\u00f8rrelse&#8221; icon=&#8221;&#8221; id=&#8221;Strrelse&#8221;] [spb_text_block animation=&#8221;none&#8221; animation_delay=&#8221;0&#8243; padding_vertical=&#8221;0&#8243; padding_horizontal=&#8221;0&#8243; width=&#8221;1\/1&#8243; el_position=&#8221;first last&#8221;]<\/p>\n<p>F\u00e5s i 3 st\u00f8rrelser, svarende til small, medium og large.<\/p>\n<p>Den gennemsnitlige mands h\u00e5nd er 18 cm. F\u00e5 yderligere oplysninger om st\u00f8rrelsesforhold <a href=\"https:\/\/zlcopenhagen.com\/stoerrelsesguide\/?lang=da\" target=\"_blank\" rel=\"noopener\">her<\/a><\/p>\n<ul>\n<li>19 cm (small) svarer til h\u00e5ndledstykkelse \u00a0max. 17 cm (7&#8243;) og l\u00e6ngden p\u00e5 line er ca 2 meter.<\/li>\n<li>21 cm (medium) svarer til h\u00e5ndledstykkelse max. 20 cm (8&#8243;), l\u00e6ngde p\u00e5 line \u00a02,25 m<\/li>\n<li>23 cm (large) svarer til h\u00e5ndledstykkelse max. 22 cm (9&#8243;), l\u00e6ngden p\u00e5 line 2,5 m<\/li>\n<li>Evt. ring til os p\u00e5 +45 7070 7666 eller skriv p\u00e5 info@zlcopenhagen.com<\/li>\n<\/ul>\n<p>&nbsp;<\/p>\n<p>[\/spb_text_block] [\/spb_tab] [spb_tab title=&#8221;Lav dit helt eget armb\u00e5nd&#8221; icon=&#8221;&#8221; id=&#8221;Lavditheltegetarmbnd&#8221;] [spb_video link=&#8221;https:\/\/www.youtube.com\/watch?v=ZOaBu-H7hUg&#8221; remove_related=&#8221;yes&#8221; autoplay=&#8221;no&#8221; full_width=&#8221;no&#8221; width=&#8221;1\/1&#8243; el_position=&#8221;first last&#8221;] [\/spb_tab] [\/spb_tabs] [spb_image image=&#8221;18757&#8243; image_size=&#8221;full&#8221; frame=&#8221;noframe&#8221; caption_pos=&#8221;hover&#8221; remove_rounded=&#8221;yes&#8221; fullwidth=&#8221;no&#8221; overflow_mode=&#8221;none&#8221; link_target=&#8221;_self&#8221; lightbox=&#8221;no&#8221; intro_animation=&#8221;none&#8221; animation_delay=&#8221;200&#8243; width=&#8221;1\/1&#8243; el_position=&#8221;first last&#8221;][\/spb_image] [spb_image image=&#8221;26825&#8243; image_size=&#8221;full&#8221; frame=&#8221;noframe&#8221; caption_pos=&#8221;hover&#8221; remove_rounded=&#8221;yes&#8221; fullwidth=&#8221;no&#8221; overflow_mode=&#8221;none&#8221; link_target=&#8221;_self&#8221; lightbox=&#8221;no&#8221; intro_animation=&#8221;none&#8221; animation_delay=&#8221;200&#8243; width=&#8221;1\/1&#8243; el_position=&#8221;first last&#8221;][\/spb_image]<\/p>\n","protected":false},"excerpt":{"rendered":"<p>[spb_tabs tabs_type=&#8221;standard&#8221; center_tabs=&#8221;no&#8221; width=&#8221;1\/1&#8243; el_position=&#8221;first last&#8221;] [spb_tab title=&#8221;Produkt&#8221; icon=&#8221;&#8221; id=&#8221;Produkt&#8221;] [spb_text_block animation=&#8221;none&#8221; animation_delay=&#8221;0&#8243; simplified_controls=&#8221;yes&#8221; custom_css_percentage=&#8221;no&#8221; padding_vertical=&#8221;0&#8243; padding_horizontal=&#8221;0&#8243; margin_vertical=&#8221;0&#8243; custom_css=&#8221;margin-top: 0px;margin-bottom: 0px;&#8221; border_size=&#8221;0&#8243; border_styling_global=&#8221;default&#8221; width=&#8221;1\/1&#8243; el_position=&#8221;first last&#8221;] ARMY PARACORD ARMB\u00c5ND MED SOLID RUSTFRIT ST\u00c5L Denne flotte armb\u00e5nd, er fremstillet af milit\u00e6r farve army gr\u00f8n, og som leveres med gave\u00e6ske. For ham og hende. Paracord blev oprindeligt brugt til faldsk\u00e6rme under 2. [&hellip;]<\/p>\n","protected":false},"featured_media":18757,"comment_status":"closed","ping_status":"closed","template":"","meta":[],"product_brand":[],"product_cat":[121,125],"product_tag":[205,255],"class_list":{"0":"post-17122","1":"product","2":"type-product","3":"status-publish","4":"has-post-thumbnail","6":"product_cat-baeredygtige-smykker","7":"product_cat-makrame-armband-smykke","8":"product_tag-bracelet-da","9":"product_tag-paracord-da","11":"first","12":"instock","13":"taxable","14":"shipping-taxable","15":"product-type-variable","16":"has-default-attributes"},"yoast_head":"<!-- This site is optimized with the Yoast SEO Premium plugin v26.6 (Yoast SEO v27.5) - https:\/\/yoast.com\/product\/yoast-seo-premium-wordpress\/ -->\n<title>Army paracord armb\u00e5nd fra Dansk Design firmaet ZLCOPENHAGEN<\/title>\n<meta name=\"description\" content=\"Army paracord armb\u00e5nd flettet med st\u00e5l l\u00e5s. F\u00e5s med flot gave \u00e6ske. Bes\u00f8g vores online butik - V\u00e6lg mellem flere farver, og m\u00f8nstre og design\" \/>\n<meta name=\"robots\" content=\"index, follow, max-snippet:-1, max-image-preview:large, max-video-preview:-1\" \/>\n<link rel=\"canonical\" href=\"https:\/\/zlcopenhagen.com\/da\/produkt\/army-paracord-armbaand\/\" \/>\n<meta property=\"og:locale\" content=\"da_DK\" \/>\n<meta property=\"og:type\" content=\"article\" \/>\n<meta property=\"og:title\" content=\"ARMY PARACORD ARMB\u00c5ND\" \/>\n<meta property=\"og:description\" content=\"Army paracord armb\u00e5nd flettet med st\u00e5l l\u00e5s. F\u00e5s med flot gave \u00e6ske. Bes\u00f8g vores online butik - V\u00e6lg mellem flere farver, og m\u00f8nstre og design\" \/>\n<meta property=\"og:url\" content=\"https:\/\/zlcopenhagen.com\/da\/produkt\/army-paracord-armbaand\/\" \/>\n<meta property=\"og:site_name\" content=\"zlcopenhagen.com\" \/>\n<meta property=\"article:modified_time\" content=\"2021-08-17T09:23:41+00:00\" \/>\n<meta property=\"og:image\" content=\"https:\/\/i0.wp.com\/zlcopenhagen.com\/wp-content\/uploads\/2016\/06\/A010AM.jpg?fit=1200%2C1200&ssl=1\" \/>\n\t<meta property=\"og:image:width\" content=\"1200\" \/>\n\t<meta property=\"og:image:height\" content=\"1200\" \/>\n\t<meta property=\"og:image:type\" content=\"image\/jpeg\" \/>\n<meta name=\"twitter:card\" content=\"summary_large_image\" \/>\n<meta name=\"twitter:label1\" content=\"Tilg\u00e6ngelighed\" \/>\n\t<meta name=\"twitter:data1\" content=\"P\u00e5 lager\" \/>\n<meta property=\"og:availability\" content=\"instock\" \/>\n<meta property=\"product:availability\" content=\"instock\" \/>\n<meta property=\"product:retailer_item_id\" content=\"12345\" \/>\n<meta property=\"product:condition\" content=\"new\" \/>\n<!-- \/ Yoast SEO Premium plugin. -->","yoast_head_json":{"title":"Army paracord armb\u00e5nd fra Dansk Design firmaet ZLCOPENHAGEN","description":"Army paracord armb\u00e5nd flettet med st\u00e5l l\u00e5s. F\u00e5s med flot gave \u00e6ske. Bes\u00f8g vores online butik - V\u00e6lg mellem flere farver, og m\u00f8nstre og design","robots":{"index":"index","follow":"follow","max-snippet":"max-snippet:-1","max-image-preview":"max-image-preview:large","max-video-preview":"max-video-preview:-1"},"canonical":"https:\/\/zlcopenhagen.com\/da\/produkt\/army-paracord-armbaand\/","og_locale":"da_DK","og_type":"article","og_title":"ARMY PARACORD ARMB\u00c5ND","og_description":"Army paracord armb\u00e5nd flettet med st\u00e5l l\u00e5s. F\u00e5s med flot gave \u00e6ske. Bes\u00f8g vores online butik - V\u00e6lg mellem flere farver, og m\u00f8nstre og design","og_url":"https:\/\/zlcopenhagen.com\/da\/produkt\/army-paracord-armbaand\/","og_site_name":"zlcopenhagen.com","article_modified_time":"2021-08-17T09:23:41+00:00","og_image":[{"width":1200,"height":1200,"url":"https:\/\/i0.wp.com\/zlcopenhagen.com\/wp-content\/uploads\/2016\/06\/A010AM.jpg?fit=1200%2C1200&ssl=1","type":"image\/jpeg"}],"twitter_card":"summary_large_image","twitter_misc":{"Tilg\u00e6ngelighed":"P\u00e5 lager"},"schema":{"@context":"https:\/\/schema.org","@graph":[{"@type":"WebPage","@id":"https:\/\/zlcopenhagen.com\/da\/produkt\/army-paracord-armbaand\/","url":"https:\/\/zlcopenhagen.com\/da\/produkt\/army-paracord-armbaand\/","name":"Army paracord armb\u00e5nd fra Dansk Design firmaet ZLCOPENHAGEN","isPartOf":{"@id":"https:\/\/zlcopenhagen.com\/#website"},"primaryImageOfPage":{"@id":"https:\/\/zlcopenhagen.com\/da\/produkt\/army-paracord-armbaand\/#primaryimage"},"image":{"@id":"https:\/\/zlcopenhagen.com\/da\/produkt\/army-paracord-armbaand\/#primaryimage"},"thumbnailUrl":"https:\/\/zlcopenhagen.com\/wp-content\/uploads\/2016\/06\/A010AM.jpg","datePublished":"2016-06-14T16:34:33+00:00","dateModified":"2021-08-17T09:23:41+00:00","description":"Army paracord armb\u00e5nd flettet med st\u00e5l l\u00e5s. F\u00e5s med flot gave \u00e6ske. Bes\u00f8g vores online butik - V\u00e6lg mellem flere farver, og m\u00f8nstre og design","breadcrumb":{"@id":"https:\/\/zlcopenhagen.com\/da\/produkt\/army-paracord-armbaand\/#breadcrumb"},"inLanguage":"da-DK","potentialAction":[{"@type":"ReadAction","target":["https:\/\/zlcopenhagen.com\/da\/produkt\/army-paracord-armbaand\/"]}]},{"@type":"ImageObject","inLanguage":"da-DK","@id":"https:\/\/zlcopenhagen.com\/da\/produkt\/army-paracord-armbaand\/#primaryimage","url":"https:\/\/zlcopenhagen.com\/wp-content\/uploads\/2016\/06\/A010AM.jpg","contentUrl":"https:\/\/zlcopenhagen.com\/wp-content\/uploads\/2016\/06\/A010AM.jpg","width":1200,"height":1200,"caption":"Army paracord armb\u00e5nd fra ZLCOPENHAGEN. Fremstillet af genanvendte materialer"},{"@type":"BreadcrumbList","@id":"https:\/\/zlcopenhagen.com\/da\/produkt\/army-paracord-armbaand\/#breadcrumb","itemListElement":[{"@type":"ListItem","position":1,"name":"Home","item":"https:\/\/zlcopenhagen.com\/da\/"},{"@type":"ListItem","position":2,"name":"Shop","item":"https:\/\/zlcopenhagen.com\/da\/shop\/"},{"@type":"ListItem","position":3,"name":"ARMY PARACORD ARMB\u00c5ND"}]},{"@type":"WebSite","@id":"https:\/\/zlcopenhagen.com\/#website","url":"https:\/\/zlcopenhagen.com\/","name":"zlcopenhagen.com","description":"","publisher":{"@id":"https:\/\/zlcopenhagen.com\/#organization"},"potentialAction":[{"@type":"SearchAction","target":{"@type":"EntryPoint","urlTemplate":"https:\/\/zlcopenhagen.com\/?s={search_term_string}"},"query-input":{"@type":"PropertyValueSpecification","valueRequired":true,"valueName":"search_term_string"}}],"inLanguage":"da-DK"},{"@type":["Organization","Place"],"@id":"https:\/\/zlcopenhagen.com\/#organization","name":"ZLCOPENHAGEN","alternateName":"ZLCOPENHAGEN","url":"https:\/\/zlcopenhagen.com\/","logo":{"@id":"https:\/\/zlcopenhagen.com\/da\/produkt\/army-paracord-armbaand\/#local-main-organization-logo"},"image":{"@id":"https:\/\/zlcopenhagen.com\/da\/produkt\/army-paracord-armbaand\/#local-main-organization-logo"},"sameAs":["https:\/\/www.youtube.com\/channel\/UCy7JINwB6DMr2fA9yHpDQJg"],"telephone":[],"openingHoursSpecification":[{"@type":"OpeningHoursSpecification","dayOfWeek":["Monday","Tuesday","Wednesday","Thursday","Friday","Saturday","Sunday"],"opens":"09:00","closes":"17:00"}]},{"@type":"ImageObject","inLanguage":"da-DK","@id":"https:\/\/zlcopenhagen.com\/da\/produkt\/army-paracord-armbaand\/#local-main-organization-logo","url":"https:\/\/zlcopenhagen.com\/wp-content\/uploads\/2016\/05\/blog-logo.jpg","contentUrl":"https:\/\/zlcopenhagen.com\/wp-content\/uploads\/2016\/05\/blog-logo.jpg","width":68,"height":68,"caption":"ZLCOPENHAGEN"}]},"og_availability":"instock","product_availability":"instock","product_retailer_item_id":"12345","product_condition":"new"},"_links":{"self":[{"href":"https:\/\/zlcopenhagen.com\/da\/wp-json\/wp\/v2\/product\/17122","targetHints":{"allow":["GET"]}}],"collection":[{"href":"https:\/\/zlcopenhagen.com\/da\/wp-json\/wp\/v2\/product"}],"about":[{"href":"https:\/\/zlcopenhagen.com\/da\/wp-json\/wp\/v2\/types\/product"}],"replies":[{"embeddable":true,"href":"https:\/\/zlcopenhagen.com\/da\/wp-json\/wp\/v2\/comments?post=17122"}],"wp:featuredmedia":[{"embeddable":true,"href":"https:\/\/zlcopenhagen.com\/da\/wp-json\/wp\/v2\/media\/18757"}],"wp:attachment":[{"href":"https:\/\/zlcopenhagen.com\/da\/wp-json\/wp\/v2\/media?parent=17122"}],"wp:term":[{"taxonomy":"product_brand","embeddable":true,"href":"https:\/\/zlcopenhagen.com\/da\/wp-json\/wp\/v2\/product_brand?post=17122"},{"taxonomy":"product_cat","embeddable":true,"href":"https:\/\/zlcopenhagen.com\/da\/wp-json\/wp\/v2\/product_cat?post=17122"},{"taxonomy":"product_tag","embeddable":true,"href":"https:\/\/zlcopenhagen.com\/da\/wp-json\/wp\/v2\/product_tag?post=17122"}],"curies":[{"name":"wp","href":"https:\/\/api.w.org\/{rel}","templated":true}]}}