{"id":16994,"date":"2025-11-07T13:59:23","date_gmt":"2025-11-07T12:59:23","guid":{"rendered":"https:\/\/zlcopenhagen.com\/produkt\/zlc-navy-badebuks\/?lang=da"},"modified":"2021-08-25T12:13:22","modified_gmt":"2021-08-25T11:13:22","slug":"zlc-badebukser-ibenholdt-sort-vendbar-recycled","status":"publish","type":"product","link":"https:\/\/zlcopenhagen.com\/da\/produkt\/zlc-badebukser-ibenholdt-sort-vendbar-recycled\/","title":{"rendered":"ZLC BADEBUKSER IBENHOLDT SORT VENDBAR RECYCLED"},"content":{"rendered":"<p>[spb_tabs tabs_type=&#8221;standard&#8221; center_tabs=&#8221;no&#8221; width=&#8221;1\/1&#8243; el_position=&#8221;first last&#8221;] [spb_tab title=&#8221;Produkt&#8221; icon=&#8221;&#8221; id=&#8221;Produkt&#8221;] [spb_text_block animation=&#8221;none&#8221; animation_delay=&#8221;0&#8243; simplified_controls=&#8221;yes&#8221; custom_css_percentage=&#8221;no&#8221; padding_vertical=&#8221;0&#8243; padding_horizontal=&#8221;0&#8243; margin_vertical=&#8221;0&#8243; custom_css=&#8221;margin-top: 0px;margin-bottom: 0px;&#8221; border_size=&#8221;0&#8243; border_styling_global=&#8221;default&#8221; width=&#8221;1\/2&#8243; el_position=&#8221;first&#8221;]<\/p>\n<h2>BADEBUKSER IBENHOLDT SORT VENBAR RECYCLED<\/h2>\n<p>ZLC Badebukser Ibenholdt Sort Vendbar Recycled, se vores kollektion lige <strong><a href=\"https:\/\/zlcopenhagen.com\/da\/produkt-kategori\/econyl-badebukser\/\" target=\"_blank\" rel=\"noopener\">her<\/a><\/strong>.<\/p>\n<p>Vi elsker at forvandle plast affald til badebukser. Disse sorte badebukser fra vores kollektion er lavet af Econyl\u00ae \u2013 nylonfiber, der er 100% genanvendt fra rester fra industrielle processer og kasserede brugsgenstande som fiskenet, gulvt\u00e6pper og tekstiler.<\/p>\n<p>Genbrugspladserne er fyldt op med plast affald, som fiskenet, plast, gulv t\u00e6pper og gamle tekstilrester. Men nu bliver plast affald til eftertragtede r\u00e5varer. Med nye metoder, kan man i dag genbruge i stedet for at producere nyt igen. Derfor er dit affald guld v\u00e6rd, fordi man er klar til at producere nye tekstiler af gammelt plast affald. Vis dit badet\u00f8j stolt frem med god samvittighed.<\/p>\n<p>L\u00e6s mere om ECONYL <a href=\"http:\/\/www.econyl.com\/\" target=\"_blank\" rel=\"noopener\">her<\/a>.<\/p>\n<p>[\/spb_text_block] [spb_image image=&#8221;17994&#8243; image_size=&#8221;full&#8221; frame=&#8221;noframe&#8221; caption_pos=&#8221;hover&#8221; remove_rounded=&#8221;yes&#8221; fullwidth=&#8221;no&#8221; overflow_mode=&#8221;none&#8221; link_target=&#8221;_self&#8221; lightbox=&#8221;no&#8221; intro_animation=&#8221;none&#8221; animation_delay=&#8221;200&#8243; width=&#8221;1\/2&#8243; el_position=&#8221;last&#8221;][\/spb_image] [\/spb_tab] [spb_tab title=&#8221;Materialer&#8221; icon=&#8221;&#8221; id=&#8221;Materialer&#8221;] [spb_text_block animation=&#8221;none&#8221; animation_delay=&#8221;0&#8243; simplified_controls=&#8221;yes&#8221; custom_css_percentage=&#8221;no&#8221; padding_vertical=&#8221;0&#8243; padding_horizontal=&#8221;0&#8243; margin_vertical=&#8221;0&#8243; custom_css=&#8221;margin-top: 0px;margin-bottom: 0px;&#8221; border_size=&#8221;0&#8243; border_styling_global=&#8221;default&#8221; width=&#8221;1\/1&#8243; el_position=&#8221;first last&#8221;]<\/p>\n<ul>\n<li>78% Recycled Nylon ECONYL\u00ae &amp; 22% Elastane XTRA LIFE LYCRA\u00ae<\/li>\n<li>Oeko-Tex\u00ae Standard 100<\/li>\n<li>Pilling resistant &amp; resistant to suntan creams &amp; oils<\/li>\n<li>2-way stretch for perfect fit &amp; extreme soft feeling<\/li>\n<li>Polyamide contrast colouring lining<\/li>\n<li>UPF 50+ UV protection &amp; Ultra chlorine resistant<\/li>\n<\/ul>\n<p>[\/spb_text_block] [\/spb_tab] [spb_tab title=&#8221;St\u00f8rrelse&#8221; icon=&#8221;&#8221; id=&#8221;Strrelse&#8221;] [spb_text_block animation=&#8221;none&#8221; animation_delay=&#8221;0&#8243; simplified_controls=&#8221;yes&#8221; custom_css_percentage=&#8221;no&#8221; padding_vertical=&#8221;0&#8243; padding_horizontal=&#8221;0&#8243; margin_vertical=&#8221;0&#8243; border_size=&#8221;0&#8243; border_styling_global=&#8221;default&#8221; width=&#8221;1\/1&#8243; el_position=&#8221;first last&#8221;]<\/p>\n<h3>FOR ALLE<\/h3>\n<ul>\n<li>F\u00e5s fra st\u00f8rrelse S til L. Bes\u00f8g ogs\u00e5 vores <a href=\"https:\/\/zlcopenhagen.com\/da\/stoerrelsesguide\/\" target=\"_blank\" rel=\"noopener\">St\u00f8rrelses Guide<\/a><\/li>\n<li>F\u00f8lger fr\u00e6kt kroppens konturlinjer, og sidder t\u00e6t til kroppen<\/li>\n<li>F\u00f8les behageligt mod huden<\/li>\n<li>Standard l\u00e6ngde<\/li>\n<\/ul>\n<p>[\/spb_text_block] [\/spb_tab] [spb_tab title=&#8221;Vaskeanvisning&#8221; icon=&#8221;&#8221; id=&#8221;Vaskeanvisning&#8221;] [spb_text_block animation=&#8221;none&#8221; animation_delay=&#8221;0&#8243; simplified_controls=&#8221;yes&#8221; custom_css_percentage=&#8221;no&#8221; padding_vertical=&#8221;0&#8243; padding_horizontal=&#8221;0&#8243; margin_vertical=&#8221;0&#8243; border_size=&#8221;0&#8243; border_styling_global=&#8221;default&#8221; width=&#8221;1\/1&#8243; el_position=&#8221;first last&#8221;]<\/p>\n<h3>V\u00c6R LIDT BLID MOD NATUREN<\/h3>\n<p>Vask dine l\u00e6kre badebukser sk\u00e5nsomt, gerne i h\u00e5nden. Det vil betyde, at du vil nyde dem langt mere, og de vil holde l\u00e6ngere. Du vil ogs\u00e5 g\u00f8re en bj\u00f8rnetjeneste for milj\u00f8et.<\/p>\n<p>Vaske dem evt ved at l\u00e6gge dem i bl\u00f8d de n\u00e6ste 20 minutter, og derefter tils\u00e6t lidt vaskemiddle, og arbejde dem igennem s\u00e6bevandet langtsomt et par minutter. Skyl dem derefter, og evt l\u00e6g dem flat, p\u00e5 et h\u00e5ndkl\u00e6de, s\u00e5ledes de bevarer formen.<\/p>\n<p>Du kan sagtesn vaske dem i maskinen, men det vil vi frar\u00e5de. Hellere fork\u00e6l dem med lidt k\u00e6rlighed. For at undg\u00e5 at mikroplast ikke ender ud i havet, s\u00e5 brug evt vaskepose fra <a title=\"GuppyFriend Vaskepose mod mikroplast\" href=\"https:\/\/en.guppyfriend.com\/\" target=\"_blank\" rel=\"noopener noreferrer\">GuppyFriend Vaskepose<\/a><\/p>\n<p>En simpel og billig l\u00f8sning, praktisk, der g\u00f8r, at den frigivne mikroplast under vask, ikke bliver skyllet ud i grundvandet, eller floder.<\/p>\n<p>[\/spb_text_block] [spb_video link=&#8221;https:\/\/youtu.be\/-P0nz4hA5es&#8221; remove_related=&#8221;yes&#8221; autoplay=&#8221;no&#8221; full_width=&#8221;no&#8221; width=&#8221;1\/1&#8243; el_position=&#8221;first last&#8221;] [\/spb_tab] [spb_tab title=&#8221;Genanvendt nylon&#8221; icon=&#8221;&#8221; id=&#8221;Genanvendtnylon&#8221;] [\/spb_tab] [\/spb_tabs] [spb_image image=&#8221;19456&#8243; image_size=&#8221;full&#8221; frame=&#8221;noframe&#8221; caption_pos=&#8221;hover&#8221; remove_rounded=&#8221;yes&#8221; fullwidth=&#8221;no&#8221; overflow_mode=&#8221;none&#8221; link_target=&#8221;_self&#8221; lightbox=&#8221;no&#8221; intro_animation=&#8221;none&#8221; animation_delay=&#8221;200&#8243; width=&#8221;1\/2&#8243; el_position=&#8221;first&#8221;][\/spb_image] [spb_text_block animation=&#8221;none&#8221; animation_delay=&#8221;0&#8243; simplified_controls=&#8221;yes&#8221; custom_css_percentage=&#8221;no&#8221; padding_vertical=&#8221;0&#8243; padding_horizontal=&#8221;0&#8243; margin_vertical=&#8221;0&#8243; custom_css=&#8221;margin-top: 0px;margin-bottom: 0px;&#8221; border_size=&#8221;0&#8243; border_styling_global=&#8221;default&#8221; width=&#8221;1\/2&#8243; el_position=&#8221;last&#8221;]<\/p>\n<h2><span style=\"color: #333333;\">BLACK IS BACK<\/span><\/h2>\n<p>Eller, Sort er det nye Sort, som man ogs\u00e5 siger det. Den sorte farve har altid v\u00e6ret et must i garderobeskab, b\u00e5de fr\u00e6k elegant, men ogs\u00e5 fordi den kan tilpasses til en del outfits, og se naturligt ud.<\/p>\n<p>[\/spb_text_block]<\/p>\n","protected":false},"excerpt":{"rendered":"<p>Sort er klassisk. Det er magisk og det er autorit\u00e6rt.<br \/>\nTil pool partiet har du valgt dine sorte ZLC badebukser, som sidder helt perfekt og viser alt hvad du har uden du praler. Sort formindsker og du vil ikke have de der misundelige blikke. Du vil bare have det sjovt og de fleste ved poolen ved alligevel hvad du har at byde p\u00e5.<\/p>\n<p>Du smider shorts og T-shirt og alles blikke siger: \u2019WAAAUW!\u2019 Selvsikkert smider du din gigantiske lyser\u00f8de flamingo badering i vandet og g\u00e5r direkte i baren for at f\u00e5 den st\u00e6rkeste Mallorca drink \u2013 du ved, den med paraplyer, stjernekaster og glitter suger\u00f8r. Det skal ikke v\u00e6re kedeligt. Du smutter i baderingen, hvis st\u00f8rrelse tillader, at du kan sidde med godt spredte ben, s\u00e5 alle har perfekt udsyn til hele din manddom. Din krop er semi v\u00e5d og vandr\u00e5berne k\u00e6ler for din sp\u00e6ndstige krop. Det er tid til at danse. Dine trin er despacito \u2013 det l\u00e6rte du i Spanien. Dine moves er maskuline, ground\u2019ede og alligevel bruger du hofterne, s\u00e5 opm\u00e6rksomheden automatisk h\u00e6ftes p\u00e5 din kuglerunde bag og din fyldige bule. Dine h\u00e6nder strejfer bulen, som du ogs\u00e5 korrigerer og retter p\u00e5. Du vil tage dig bedst muligt ud. Folk n\u00e6rmer sig og I danser alle s\u00e5 t\u00e6t, at din hud strejfer de andres kroppe. Det bliver en hot aften, og det er ikke kun pga. temperaturen. Du nyder f\u00f8re dig frem i vores <strong><a href=\"https:\/\/zlcopenhagen.com\/da\/plast-affald-i-havet\/\" target=\"_blank\" rel=\"noopener\">milj\u00f8venlige<\/a><\/strong> ZLC Sorte Badebukser. Enjoy!<\/p>\n","protected":false},"featured_media":19700,"comment_status":"closed","ping_status":"closed","template":"","meta":[],"product_brand":[],"product_cat":[127],"product_tag":[1455,199,200],"class_list":{"0":"post-16994","1":"product","2":"type-product","3":"status-publish","4":"has-post-thumbnail","6":"product_cat-baeredygtige-badebukser-maend","7":"product_tag-black-da","8":"product_tag-menswear-da","9":"product_tag-swimwear-da","11":"first","12":"instock","13":"taxable","14":"shipping-taxable","15":"purchasable","16":"product-type-variable"},"yoast_head":"<!-- This site is optimized with the Yoast SEO Premium plugin v26.6 (Yoast SEO v27.5) - https:\/\/yoast.com\/product\/yoast-seo-premium-wordpress\/ -->\n<title>ZLC Badebukser Ibenholdt Sort Vendbart Recycled | Dansk Design<\/title>\n<meta name=\"description\" content=\"ZLC Badebukser Ibenholdt Sort Vendbart Recycled | Dansk Design | Lavet af plast affald | Oeko-Tex certificeret | Fremh\u00e6ve dine mandlige former\" \/>\n<meta name=\"robots\" content=\"index, follow, max-snippet:-1, max-image-preview:large, max-video-preview:-1\" \/>\n<link rel=\"canonical\" href=\"https:\/\/zlcopenhagen.com\/da\/produkt\/zlc-badebukser-ibenholdt-sort-vendbar-recycled\/\" \/>\n<meta property=\"og:locale\" content=\"da_DK\" \/>\n<meta property=\"og:type\" content=\"article\" \/>\n<meta property=\"og:title\" content=\"ZLC BADEBUKSER IBENHOLDT SORT VENDBAR RECYCLED\" \/>\n<meta property=\"og:description\" content=\"ZLC Badebukser Ibenholdt Sort Vendbart Recycled | Dansk Design | Lavet af plast affald | Oeko-Tex certificeret | Fremh\u00e6ve dine mandlige former\" \/>\n<meta property=\"og:url\" content=\"https:\/\/zlcopenhagen.com\/da\/produkt\/zlc-badebukser-ibenholdt-sort-vendbar-recycled\/\" \/>\n<meta property=\"og:site_name\" content=\"zlcopenhagen.com\" \/>\n<meta property=\"og:image\" content=\"https:\/\/zlcopenhagen.com\/wp-content\/uploads\/2016\/07\/ZLC-SWIMWEAR-BLACK-Front-close-up-1.jpg\" \/>\n\t<meta property=\"og:image:width\" content=\"1632\" \/>\n\t<meta property=\"og:image:height\" content=\"1632\" \/>\n\t<meta property=\"og:image:type\" content=\"image\/jpeg\" \/>\n<meta name=\"twitter:card\" content=\"summary_large_image\" \/>\n<meta name=\"twitter:label1\" content=\"Tilg\u00e6ngelighed\" \/>\n\t<meta name=\"twitter:data1\" content=\"P\u00e5 lager\" \/>\n<meta property=\"og:availability\" content=\"instock\" \/>\n<meta property=\"product:availability\" content=\"instock\" \/>\n<meta property=\"product:retailer_item_id\" content=\"OFSW06\" \/>\n<meta property=\"product:condition\" content=\"new\" \/>\n<!-- \/ Yoast SEO Premium plugin. -->","yoast_head_json":{"title":"ZLC Badebukser Ibenholdt Sort Vendbart Recycled | Dansk Design","description":"ZLC Badebukser Ibenholdt Sort Vendbart Recycled | Dansk Design | Lavet af plast affald | Oeko-Tex certificeret | Fremh\u00e6ve dine mandlige former","robots":{"index":"index","follow":"follow","max-snippet":"max-snippet:-1","max-image-preview":"max-image-preview:large","max-video-preview":"max-video-preview:-1"},"canonical":"https:\/\/zlcopenhagen.com\/da\/produkt\/zlc-badebukser-ibenholdt-sort-vendbar-recycled\/","og_locale":"da_DK","og_type":"article","og_title":"ZLC BADEBUKSER IBENHOLDT SORT VENDBAR RECYCLED","og_description":"ZLC Badebukser Ibenholdt Sort Vendbart Recycled | Dansk Design | Lavet af plast affald | Oeko-Tex certificeret | Fremh\u00e6ve dine mandlige former","og_url":"https:\/\/zlcopenhagen.com\/da\/produkt\/zlc-badebukser-ibenholdt-sort-vendbar-recycled\/","og_site_name":"zlcopenhagen.com","og_image":[{"width":1632,"height":1632,"url":"https:\/\/zlcopenhagen.com\/wp-content\/uploads\/2016\/07\/ZLC-SWIMWEAR-BLACK-Front-close-up-1.jpg","type":"image\/jpeg"}],"twitter_card":"summary_large_image","twitter_misc":{"Tilg\u00e6ngelighed":"P\u00e5 lager"},"schema":{"@context":"https:\/\/schema.org","@graph":[{"@type":"WebPage","@id":"https:\/\/zlcopenhagen.com\/da\/produkt\/zlc-badebukser-ibenholdt-sort-vendbar-recycled\/","url":"https:\/\/zlcopenhagen.com\/da\/produkt\/zlc-badebukser-ibenholdt-sort-vendbar-recycled\/","name":"ZLC Badebukser Ibenholdt Sort Vendbart Recycled | Dansk Design","isPartOf":{"@id":"https:\/\/zlcopenhagen.com\/#website"},"primaryImageOfPage":{"@id":"https:\/\/zlcopenhagen.com\/da\/produkt\/zlc-badebukser-ibenholdt-sort-vendbar-recycled\/#primaryimage"},"image":{"@id":"https:\/\/zlcopenhagen.com\/da\/produkt\/zlc-badebukser-ibenholdt-sort-vendbar-recycled\/#primaryimage"},"thumbnailUrl":"https:\/\/zlcopenhagen.com\/wp-content\/uploads\/2016\/07\/ZLC-SWIMWEAR-BLACK-Front-close-up-1.jpg","datePublished":"2025-11-07T12:59:23+00:00","description":"ZLC Badebukser Ibenholdt Sort Vendbart Recycled | Dansk Design | Lavet af plast affald | Oeko-Tex certificeret | Fremh\u00e6ve dine mandlige former","breadcrumb":{"@id":"https:\/\/zlcopenhagen.com\/da\/produkt\/zlc-badebukser-ibenholdt-sort-vendbar-recycled\/#breadcrumb"},"inLanguage":"da-DK","potentialAction":[{"@type":"ReadAction","target":["https:\/\/zlcopenhagen.com\/da\/produkt\/zlc-badebukser-ibenholdt-sort-vendbar-recycled\/"]}]},{"@type":"ImageObject","inLanguage":"da-DK","@id":"https:\/\/zlcopenhagen.com\/da\/produkt\/zlc-badebukser-ibenholdt-sort-vendbar-recycled\/#primaryimage","url":"https:\/\/zlcopenhagen.com\/wp-content\/uploads\/2016\/07\/ZLC-SWIMWEAR-BLACK-Front-close-up-1.jpg","contentUrl":"https:\/\/zlcopenhagen.com\/wp-content\/uploads\/2016\/07\/ZLC-SWIMWEAR-BLACK-Front-close-up-1.jpg","width":1632,"height":1632,"caption":"ZLC Badebukser Ibenholdt Sort Vendbart Recycled | Dansk Design"},{"@type":"BreadcrumbList","@id":"https:\/\/zlcopenhagen.com\/da\/produkt\/zlc-badebukser-ibenholdt-sort-vendbar-recycled\/#breadcrumb","itemListElement":[{"@type":"ListItem","position":1,"name":"Home","item":"https:\/\/zlcopenhagen.com\/da\/"},{"@type":"ListItem","position":2,"name":"Shop","item":"https:\/\/zlcopenhagen.com\/da\/shop\/"},{"@type":"ListItem","position":3,"name":"ZLC BADEBUKSER IBENHOLDT SORT VENDBAR RECYCLED"}]},{"@type":"WebSite","@id":"https:\/\/zlcopenhagen.com\/#website","url":"https:\/\/zlcopenhagen.com\/","name":"zlcopenhagen.com","description":"","publisher":{"@id":"https:\/\/zlcopenhagen.com\/#organization"},"potentialAction":[{"@type":"SearchAction","target":{"@type":"EntryPoint","urlTemplate":"https:\/\/zlcopenhagen.com\/?s={search_term_string}"},"query-input":{"@type":"PropertyValueSpecification","valueRequired":true,"valueName":"search_term_string"}}],"inLanguage":"da-DK"},{"@type":["Organization","Place"],"@id":"https:\/\/zlcopenhagen.com\/#organization","name":"ZLCOPENHAGEN","alternateName":"ZLCOPENHAGEN","url":"https:\/\/zlcopenhagen.com\/","logo":{"@id":"https:\/\/zlcopenhagen.com\/da\/produkt\/zlc-badebukser-ibenholdt-sort-vendbar-recycled\/#local-main-organization-logo"},"image":{"@id":"https:\/\/zlcopenhagen.com\/da\/produkt\/zlc-badebukser-ibenholdt-sort-vendbar-recycled\/#local-main-organization-logo"},"sameAs":["https:\/\/www.youtube.com\/channel\/UCy7JINwB6DMr2fA9yHpDQJg"],"telephone":[],"openingHoursSpecification":[{"@type":"OpeningHoursSpecification","dayOfWeek":["Monday","Tuesday","Wednesday","Thursday","Friday","Saturday","Sunday"],"opens":"09:00","closes":"17:00"}]},{"@type":"ImageObject","inLanguage":"da-DK","@id":"https:\/\/zlcopenhagen.com\/da\/produkt\/zlc-badebukser-ibenholdt-sort-vendbar-recycled\/#local-main-organization-logo","url":"https:\/\/zlcopenhagen.com\/wp-content\/uploads\/2016\/05\/blog-logo.jpg","contentUrl":"https:\/\/zlcopenhagen.com\/wp-content\/uploads\/2016\/05\/blog-logo.jpg","width":68,"height":68,"caption":"ZLCOPENHAGEN"}]},"og_availability":"instock","product_availability":"instock","product_retailer_item_id":"OFSW06","product_condition":"new"},"_links":{"self":[{"href":"https:\/\/zlcopenhagen.com\/da\/wp-json\/wp\/v2\/product\/16994","targetHints":{"allow":["GET"]}}],"collection":[{"href":"https:\/\/zlcopenhagen.com\/da\/wp-json\/wp\/v2\/product"}],"about":[{"href":"https:\/\/zlcopenhagen.com\/da\/wp-json\/wp\/v2\/types\/product"}],"replies":[{"embeddable":true,"href":"https:\/\/zlcopenhagen.com\/da\/wp-json\/wp\/v2\/comments?post=16994"}],"wp:featuredmedia":[{"embeddable":true,"href":"https:\/\/zlcopenhagen.com\/da\/wp-json\/wp\/v2\/media\/19700"}],"wp:attachment":[{"href":"https:\/\/zlcopenhagen.com\/da\/wp-json\/wp\/v2\/media?parent=16994"}],"wp:term":[{"taxonomy":"product_brand","embeddable":true,"href":"https:\/\/zlcopenhagen.com\/da\/wp-json\/wp\/v2\/product_brand?post=16994"},{"taxonomy":"product_cat","embeddable":true,"href":"https:\/\/zlcopenhagen.com\/da\/wp-json\/wp\/v2\/product_cat?post=16994"},{"taxonomy":"product_tag","embeddable":true,"href":"https:\/\/zlcopenhagen.com\/da\/wp-json\/wp\/v2\/product_tag?post=16994"}],"curies":[{"name":"wp","href":"https:\/\/api.w.org\/{rel}","templated":true}]}}