{"id":16963,"date":"2016-07-17T13:40:12","date_gmt":"2016-07-17T12:40:12","guid":{"rendered":"https:\/\/zlcopenhagen.com\/produkt\/zlc-hvide-klassiske-badebuks\/?lang=da"},"modified":"2021-08-25T13:06:22","modified_gmt":"2021-08-25T12:06:22","slug":"zlc-sne-hvide-klassiske-badebukser","status":"publish","type":"product","link":"https:\/\/zlcopenhagen.com\/da\/produkt\/zlc-sne-hvide-klassiske-badebukser\/","title":{"rendered":"ZLC SNEHVIDE BADEBUKSER KLASSISKE RECYCLED"},"content":{"rendered":"<p>[spb_tabs tabs_type=&#8221;standard&#8221; center_tabs=&#8221;no&#8221; width=&#8221;1\/1&#8243; el_position=&#8221;first last&#8221;] [spb_tab title=&#8221;Produkt&#8221; icon=&#8221;&#8221; id=&#8221;Produkt&#8221;] [spb_text_block animation=&#8221;none&#8221; animation_delay=&#8221;0&#8243; simplified_controls=&#8221;yes&#8221; custom_css_percentage=&#8221;no&#8221; padding_vertical=&#8221;0&#8243; padding_horizontal=&#8221;0&#8243; margin_vertical=&#8221;0&#8243; custom_css=&#8221;margin-top: 0px;margin-bottom: 0px;&#8221; border_size=&#8221;0&#8243; border_styling_global=&#8221;default&#8221; width=&#8221;1\/2&#8243; el_position=&#8221;first&#8221;]<\/p>\n<h2><span style=\"color: #333333;\">SNEHVIDE BADEBUKSER <\/span><\/h2>\n<h3>DEN KLASSISKE MODEL<\/h3>\n<p>Snehvide badebukser fra ZLCOPENHAGEN. Se vores fulde kollektion lige <strong><a href=\"\/?product_cat=econyl-badebukser\" target=\"_blank\" rel=\"noopener\">her<\/a><\/strong>.<\/p>\n<p>Vi elsker at forvandle plast affald til badebukser. Disse sorte badebukser fra vores kollektion er lavet af Econyl\u00ae \u2013 nylonfiber, der er 100% genanvendt fra rester fra industrielle processer og kasserede brugsgenstande som fiskenet, gulvt\u00e6pper og tekstiler.<\/p>\n<p>Genbrugspladserne er fyldt op med plast affald, som fiskenet, plast, gulv t\u00e6pper og gamle tekstilrester. Men nu bliver plast affald til eftertragtede r\u00e5varer. Med nye metoder, kan man i dag genbruge i stedet for at producere nyt igen. Derfor er dit affald guld v\u00e6rd, fordi man er klar til at producere nye tekstiler af gammelt plast affald. Vis dit badet\u00f8j stolt frem med god samvittighed.<\/p>\n<p>L\u00e6s mere om ECONYL\u00a0<a href=\"http:\/\/www.econyl.com\/\" target=\"_blank\" rel=\"noopener\">her<\/a>.<\/p>\n<p>[\/spb_text_block] [spb_image image=&#8221;17054&#8243; image_size=&#8221;full&#8221; frame=&#8221;noframe&#8221; caption_pos=&#8221;hover&#8221; remove_rounded=&#8221;yes&#8221; fullwidth=&#8221;no&#8221; overflow_mode=&#8221;none&#8221; link_target=&#8221;_self&#8221; lightbox=&#8221;no&#8221; intro_animation=&#8221;none&#8221; animation_delay=&#8221;200&#8243; width=&#8221;1\/2&#8243; el_position=&#8221;last&#8221;][\/spb_image] [\/spb_tab] [spb_tab title=&#8221;Materiale&#8221; icon=&#8221;&#8221; id=&#8221;Materiale&#8221;] [spb_text_block animation=&#8221;none&#8221; animation_delay=&#8221;0&#8243; simplified_controls=&#8221;yes&#8221; custom_css_percentage=&#8221;no&#8221; padding_vertical=&#8221;0&#8243; padding_horizontal=&#8221;0&#8243; margin_vertical=&#8221;0&#8243; custom_css=&#8221;margin-top: 0px;margin-bottom: 0px;&#8221; border_size=&#8221;0&#8243; border_styling_global=&#8221;default&#8221; width=&#8221;1\/1&#8243; el_position=&#8221;first last&#8221;]<\/p>\n<ul>\n<li>78% genanvendt nylon (ECONYL) og 22% elastan (Xtra Life Lycra)<\/li>\n<li>Reducerer nylons p\u00e5virkning af den globale opvarmning med op til 80% sammenlignet med traditionel olie-baseret fremstillet nylon<\/li>\n<li>Fnugfrie (long lasting look) og modstandsdygtige overfor sol-cremer \/ -olier<\/li>\n<li>4-way stretch for den perfekte pasform, bl\u00f8dt og \u00e5ndbart<\/li>\n<li>UPF 50+ UV beskyttelse og modstandsdygtig mod klorin<\/li>\n<li>Maskulint enkelt snit<\/li>\n<li>Bl\u00f8dt og \u00e5ndbart<\/li>\n<\/ul>\n<p>[\/spb_text_block] [\/spb_tab] [spb_tab title=&#8221;Vaskeanvisinger&#8221; icon=&#8221;&#8221; id=&#8221;Vaskeanvisinger&#8221;] [spb_text_block animation=&#8221;none&#8221; animation_delay=&#8221;0&#8243; simplified_controls=&#8221;yes&#8221; custom_css_percentage=&#8221;no&#8221; padding_vertical=&#8221;0&#8243; padding_horizontal=&#8221;0&#8243; margin_vertical=&#8221;0&#8243; custom_css=&#8221;margin-top: 0px;margin-bottom: 0px;&#8221; border_size=&#8221;0&#8243; border_styling_global=&#8221;default&#8221; width=&#8221;1\/1&#8243; el_position=&#8221;first last&#8221;]<\/p>\n<h3>V\u00c6R LIDT BLID MOD NATUREN<\/h3>\n<p>Vask dine l\u00e6kre badebukser sk\u00e5nsomt, gerne i h\u00e5nden. Det vil betyde, at du vil nyde dem langt mere, og de vil holde l\u00e6ngere. Du vil ogs\u00e5 g\u00f8re en bj\u00f8rnetjeneste for milj\u00f8et.<\/p>\n<p>Vaske dem evt ved at l\u00e6gge dem i bl\u00f8d de n\u00e6ste 20 minutter, og derefter tils\u00e6t lidt vaskemiddle, og arbejde dem igennem s\u00e6bevandet langtsomt et par minutter. Skyl dem derefter, og evt l\u00e6g dem flat, p\u00e5 et h\u00e5ndkl\u00e6de, s\u00e5ledes de bevarer formen.<\/p>\n<p>Du kan sagtesn vaske dem i maskinen, men det vil vi frar\u00e5de. Hellere fork\u00e6l dem med lidt k\u00e6rlighed. For at undg\u00e5 at mikroplast ikke ender ud i havet, s\u00e5 brug evt vaskepose fra <a title=\"GuppyFriend Vaskepose mod mikroplast\" href=\"https:\/\/en.guppyfriend.com\/\" target=\"_blank\" rel=\"noopener noreferrer\">GuppyFriend Vaskepose<\/a><\/p>\n<p>En simpel og billig l\u00f8sning, praktisk, der g\u00f8r, at den frigivne mikroplast under vask, ikke bliver skyllet ud i grundvandet, eller floder.<\/p>\n<p>[\/spb_text_block] [\/spb_tab] [spb_tab title=&#8221;St\u00f8rrelsesguide&#8221; icon=&#8221;&#8221; id=&#8221;Strrelsesguide&#8221;] [spb_text_block animation=&#8221;none&#8221; animation_delay=&#8221;0&#8243; simplified_controls=&#8221;yes&#8221; custom_css_percentage=&#8221;no&#8221; padding_vertical=&#8221;0&#8243; padding_horizontal=&#8221;0&#8243; margin_vertical=&#8221;0&#8243; custom_css=&#8221;margin-top: 0px;margin-bottom: 0px;&#8221; border_size=&#8221;0&#8243; border_styling_global=&#8221;default&#8221; width=&#8221;1\/1&#8243; el_position=&#8221;first last&#8221;]<\/p>\n<p>F\u00e5s i i 3 st\u00f8rrelser. Se endvidere vores <a href=\"https:\/\/zlcopenhagen.com\/da\/stoerrelsesguide\/\" target=\"_blank\" rel=\"noopener\"><strong>st\u00f8rrelsesguide<\/strong><\/a>.<\/p>\n<h3><\/h3>\n<ul>\n<li>F\u00e5s fra st\u00f8rrelse Small til Large<\/li>\n<li>F\u00f8lger fr\u00e6kt kroppens konturlinjer, og sidder t\u00e6t til kroppen<\/li>\n<li>F\u00f8les behageligt mod huden<\/li>\n<li>Standard l\u00e6ngde<\/li>\n<\/ul>\n<p>[\/spb_text_block] [\/spb_tab] [spb_tab title=&#8221;Recycled Nylon&#8221; icon=&#8221;&#8221; id=&#8221;RecycledNylon&#8221;] [spb_video link=&#8221;https:\/\/www.youtube.com\/watch?v=IcAsyIu9o38&#8243; remove_related=&#8221;yes&#8221; autoplay=&#8221;no&#8221; full_width=&#8221;no&#8221; width=&#8221;1\/1&#8243; el_position=&#8221;first last&#8221;] [\/spb_tab] [\/spb_tabs] [spb_image image=&#8221;19490&#8243; image_size=&#8221;full&#8221; frame=&#8221;noframe&#8221; caption_pos=&#8221;hover&#8221; remove_rounded=&#8221;yes&#8221; fullwidth=&#8221;no&#8221; overflow_mode=&#8221;none&#8221; link_target=&#8221;_self&#8221; lightbox=&#8221;no&#8221; intro_animation=&#8221;none&#8221; animation_delay=&#8221;200&#8243; width=&#8221;1\/2&#8243; el_position=&#8221;first&#8221;][\/spb_image] [spb_text_block animation=&#8221;none&#8221; animation_delay=&#8221;0&#8243; simplified_controls=&#8221;yes&#8221; custom_css_percentage=&#8221;no&#8221; padding_vertical=&#8221;0&#8243; padding_horizontal=&#8221;0&#8243; margin_vertical=&#8221;0&#8243; custom_css=&#8221;margin-top: 0px;margin-bottom: 0px;&#8221; border_size=&#8221;0&#8243; border_styling_global=&#8221;default&#8221; width=&#8221;1\/2&#8243; el_position=&#8221;last&#8221;]<\/p>\n<h2><span style=\"color: #333333;\">HISTORIEN BAG BADEBUKSERNE<\/span><\/h2>\n<h3>GENNEM TIDERNE<\/h3>\n<p>(under udvikling)<\/p>\n<p>[\/spb_text_block] [spb_image image=&#8221;16970&#8243; image_size=&#8221;full&#8221; frame=&#8221;noframe&#8221; caption_pos=&#8221;hover&#8221; remove_rounded=&#8221;yes&#8221; fullwidth=&#8221;no&#8221; overflow_mode=&#8221;none&#8221; link_target=&#8221;_self&#8221; lightbox=&#8221;no&#8221; intro_animation=&#8221;none&#8221; animation_delay=&#8221;200&#8243; width=&#8221;1\/2&#8243; el_position=&#8221;first&#8221;][\/spb_image] [spb_image image=&#8221;18026&#8243; image_size=&#8221;full&#8221; frame=&#8221;noframe&#8221; caption_pos=&#8221;hover&#8221; remove_rounded=&#8221;yes&#8221; fullwidth=&#8221;no&#8221; overflow_mode=&#8221;none&#8221; link_target=&#8221;_self&#8221; lightbox=&#8221;no&#8221; intro_animation=&#8221;none&#8221; animation_delay=&#8221;200&#8243; width=&#8221;1\/2&#8243; el_position=&#8221;last&#8221;][\/spb_image] [spb_image image=&#8221;18039&#8243; image_size=&#8221;full&#8221; frame=&#8221;noframe&#8221; caption_pos=&#8221;hover&#8221; remove_rounded=&#8221;yes&#8221; fullwidth=&#8221;no&#8221; overflow_mode=&#8221;none&#8221; link_target=&#8221;_self&#8221; lightbox=&#8221;no&#8221; intro_animation=&#8221;none&#8221; animation_delay=&#8221;200&#8243; width=&#8221;1\/1&#8243; el_position=&#8221;first last&#8221;][\/spb_image] [spb_blank_spacer height=&#8221;30px&#8221; width=&#8221;1\/1&#8243; el_position=&#8221;first last&#8221;]<\/p>\n","protected":false},"excerpt":{"rendered":"<div class=\"short-description\"><\/div>\n<div class=\"row-product\"><\/div>\n","protected":false},"featured_media":18061,"comment_status":"closed","ping_status":"closed","template":"","meta":[],"product_brand":[],"product_cat":[1589,127],"product_tag":[1592,200,1532],"class_list":{"0":"post-16963","1":"product","2":"type-product","3":"status-publish","4":"has-post-thumbnail","6":"product_cat-eco-swim-briefss-da","7":"product_cat-baeredygtige-badebukser-maend","8":"product_tag-mens-swimwear-da","9":"product_tag-swimwear-da","10":"product_tag-white-da","12":"first","13":"instock","14":"taxable","15":"shipping-taxable","16":"purchasable","17":"product-type-variable","18":"has-default-attributes"},"yoast_head":"<!-- This site is optimized with the Yoast SEO Premium plugin v26.6 (Yoast SEO v27.5) - https:\/\/yoast.com\/product\/yoast-seo-premium-wordpress\/ -->\n<title>Snehvide klassiske badebukser fra ZLCOPENHAGEN | Dansk Design<\/title>\n<meta name=\"description\" content=\"ZLC Snehvide klassiske badebukser | Fremstillet af de bedste materialer, der b\u00e5de tager hensyn til din krop, naturen og dyrelivet. ECONYL\u00ae\" \/>\n<meta name=\"robots\" content=\"index, follow, max-snippet:-1, max-image-preview:large, max-video-preview:-1\" \/>\n<link rel=\"canonical\" href=\"https:\/\/zlcopenhagen.com\/da\/produkt\/zlc-sne-hvide-klassiske-badebukser\/\" \/>\n<meta property=\"og:locale\" content=\"da_DK\" \/>\n<meta property=\"og:type\" content=\"article\" \/>\n<meta property=\"og:title\" content=\"ZLC SNEHVIDE BADEBUKSER KLASSISKE RECYCLED\" \/>\n<meta property=\"og:description\" content=\"ZLC Snehvide klassiske badebukser | Fremstillet af de bedste materialer, der b\u00e5de tager hensyn til din krop, naturen og dyrelivet. ECONYL\u00ae\" \/>\n<meta property=\"og:url\" content=\"https:\/\/zlcopenhagen.com\/da\/produkt\/zlc-sne-hvide-klassiske-badebukser\/\" \/>\n<meta property=\"og:site_name\" content=\"zlcopenhagen.com\" \/>\n<meta property=\"article:modified_time\" content=\"2021-08-25T12:06:22+00:00\" \/>\n<meta property=\"og:image\" content=\"https:\/\/zlcopenhagen.com\/wp-content\/uploads\/2016\/07\/ZLC-WHITE-CLASSIC-FULL-FRONT-B-AURELIEN.jpg\" \/>\n\t<meta property=\"og:image:width\" content=\"1000\" \/>\n\t<meta property=\"og:image:height\" content=\"1000\" \/>\n\t<meta property=\"og:image:type\" content=\"image\/jpeg\" \/>\n<meta name=\"twitter:card\" content=\"summary_large_image\" \/>\n<meta name=\"twitter:label1\" content=\"Tilg\u00e6ngelighed\" \/>\n\t<meta name=\"twitter:data1\" content=\"P\u00e5 lager\" \/>\n<meta property=\"og:availability\" content=\"instock\" \/>\n<meta property=\"product:availability\" content=\"instock\" \/>\n<meta property=\"product:retailer_item_id\" content=\"ZLC-SW-FIT\" \/>\n<meta property=\"product:condition\" content=\"new\" \/>\n<!-- \/ Yoast SEO Premium plugin. -->","yoast_head_json":{"title":"Snehvide klassiske badebukser fra ZLCOPENHAGEN | Dansk Design","description":"ZLC Snehvide klassiske badebukser | Fremstillet af de bedste materialer, der b\u00e5de tager hensyn til din krop, naturen og dyrelivet. ECONYL\u00ae","robots":{"index":"index","follow":"follow","max-snippet":"max-snippet:-1","max-image-preview":"max-image-preview:large","max-video-preview":"max-video-preview:-1"},"canonical":"https:\/\/zlcopenhagen.com\/da\/produkt\/zlc-sne-hvide-klassiske-badebukser\/","og_locale":"da_DK","og_type":"article","og_title":"ZLC SNEHVIDE BADEBUKSER KLASSISKE RECYCLED","og_description":"ZLC Snehvide klassiske badebukser | Fremstillet af de bedste materialer, der b\u00e5de tager hensyn til din krop, naturen og dyrelivet. ECONYL\u00ae","og_url":"https:\/\/zlcopenhagen.com\/da\/produkt\/zlc-sne-hvide-klassiske-badebukser\/","og_site_name":"zlcopenhagen.com","article_modified_time":"2021-08-25T12:06:22+00:00","og_image":[{"width":1000,"height":1000,"url":"https:\/\/zlcopenhagen.com\/wp-content\/uploads\/2016\/07\/ZLC-WHITE-CLASSIC-FULL-FRONT-B-AURELIEN.jpg","type":"image\/jpeg"}],"twitter_card":"summary_large_image","twitter_misc":{"Tilg\u00e6ngelighed":"P\u00e5 lager"},"schema":{"@context":"https:\/\/schema.org","@graph":[{"@type":"WebPage","@id":"https:\/\/zlcopenhagen.com\/da\/produkt\/zlc-sne-hvide-klassiske-badebukser\/","url":"https:\/\/zlcopenhagen.com\/da\/produkt\/zlc-sne-hvide-klassiske-badebukser\/","name":"Snehvide klassiske badebukser fra ZLCOPENHAGEN | Dansk Design","isPartOf":{"@id":"https:\/\/zlcopenhagen.com\/#website"},"primaryImageOfPage":{"@id":"https:\/\/zlcopenhagen.com\/da\/produkt\/zlc-sne-hvide-klassiske-badebukser\/#primaryimage"},"image":{"@id":"https:\/\/zlcopenhagen.com\/da\/produkt\/zlc-sne-hvide-klassiske-badebukser\/#primaryimage"},"thumbnailUrl":"https:\/\/zlcopenhagen.com\/wp-content\/uploads\/2016\/07\/ZLC-WHITE-CLASSIC-FULL-FRONT-B-AURELIEN.jpg","datePublished":"2016-07-17T12:40:12+00:00","dateModified":"2021-08-25T12:06:22+00:00","description":"ZLC Snehvide klassiske badebukser | Fremstillet af de bedste materialer, der b\u00e5de tager hensyn til din krop, naturen og dyrelivet. ECONYL\u00ae","breadcrumb":{"@id":"https:\/\/zlcopenhagen.com\/da\/produkt\/zlc-sne-hvide-klassiske-badebukser\/#breadcrumb"},"inLanguage":"da-DK","potentialAction":[{"@type":"ReadAction","target":["https:\/\/zlcopenhagen.com\/da\/produkt\/zlc-sne-hvide-klassiske-badebukser\/"]}]},{"@type":"ImageObject","inLanguage":"da-DK","@id":"https:\/\/zlcopenhagen.com\/da\/produkt\/zlc-sne-hvide-klassiske-badebukser\/#primaryimage","url":"https:\/\/zlcopenhagen.com\/wp-content\/uploads\/2016\/07\/ZLC-WHITE-CLASSIC-FULL-FRONT-B-AURELIEN.jpg","contentUrl":"https:\/\/zlcopenhagen.com\/wp-content\/uploads\/2016\/07\/ZLC-WHITE-CLASSIC-FULL-FRONT-B-AURELIEN.jpg","width":1000,"height":1000,"caption":"Ein muskul\u00f6ser Mann zeigt sich stolz in seiner schneewei\u00dfen, nachhaltigen Badebekleidung. Perfekt anliegend, betont sie seine athletische Figur \u2013 vorne und hinten \u2013 und hebt seine besten Seiten hervor. Ein wahrer Hingucker f\u00fcr den Strand oder die Poolparty."},{"@type":"BreadcrumbList","@id":"https:\/\/zlcopenhagen.com\/da\/produkt\/zlc-sne-hvide-klassiske-badebukser\/#breadcrumb","itemListElement":[{"@type":"ListItem","position":1,"name":"Home","item":"https:\/\/zlcopenhagen.com\/da\/"},{"@type":"ListItem","position":2,"name":"Shop","item":"https:\/\/zlcopenhagen.com\/da\/shop\/"},{"@type":"ListItem","position":3,"name":"ZLC SNEHVIDE BADEBUKSER KLASSISKE RECYCLED"}]},{"@type":"WebSite","@id":"https:\/\/zlcopenhagen.com\/#website","url":"https:\/\/zlcopenhagen.com\/","name":"zlcopenhagen.com","description":"","publisher":{"@id":"https:\/\/zlcopenhagen.com\/#organization"},"potentialAction":[{"@type":"SearchAction","target":{"@type":"EntryPoint","urlTemplate":"https:\/\/zlcopenhagen.com\/?s={search_term_string}"},"query-input":{"@type":"PropertyValueSpecification","valueRequired":true,"valueName":"search_term_string"}}],"inLanguage":"da-DK"},{"@type":["Organization","Place"],"@id":"https:\/\/zlcopenhagen.com\/#organization","name":"ZLCOPENHAGEN","alternateName":"ZLCOPENHAGEN","url":"https:\/\/zlcopenhagen.com\/","logo":{"@id":"https:\/\/zlcopenhagen.com\/da\/produkt\/zlc-sne-hvide-klassiske-badebukser\/#local-main-organization-logo"},"image":{"@id":"https:\/\/zlcopenhagen.com\/da\/produkt\/zlc-sne-hvide-klassiske-badebukser\/#local-main-organization-logo"},"sameAs":["https:\/\/www.youtube.com\/channel\/UCy7JINwB6DMr2fA9yHpDQJg"],"telephone":[],"openingHoursSpecification":[{"@type":"OpeningHoursSpecification","dayOfWeek":["Monday","Tuesday","Wednesday","Thursday","Friday","Saturday","Sunday"],"opens":"09:00","closes":"17:00"}]},{"@type":"ImageObject","inLanguage":"da-DK","@id":"https:\/\/zlcopenhagen.com\/da\/produkt\/zlc-sne-hvide-klassiske-badebukser\/#local-main-organization-logo","url":"https:\/\/zlcopenhagen.com\/wp-content\/uploads\/2016\/05\/blog-logo.jpg","contentUrl":"https:\/\/zlcopenhagen.com\/wp-content\/uploads\/2016\/05\/blog-logo.jpg","width":68,"height":68,"caption":"ZLCOPENHAGEN"}]},"og_availability":"instock","product_availability":"instock","product_retailer_item_id":"ZLC-SW-FIT","product_condition":"new"},"_links":{"self":[{"href":"https:\/\/zlcopenhagen.com\/da\/wp-json\/wp\/v2\/product\/16963","targetHints":{"allow":["GET"]}}],"collection":[{"href":"https:\/\/zlcopenhagen.com\/da\/wp-json\/wp\/v2\/product"}],"about":[{"href":"https:\/\/zlcopenhagen.com\/da\/wp-json\/wp\/v2\/types\/product"}],"replies":[{"embeddable":true,"href":"https:\/\/zlcopenhagen.com\/da\/wp-json\/wp\/v2\/comments?post=16963"}],"wp:featuredmedia":[{"embeddable":true,"href":"https:\/\/zlcopenhagen.com\/da\/wp-json\/wp\/v2\/media\/18061"}],"wp:attachment":[{"href":"https:\/\/zlcopenhagen.com\/da\/wp-json\/wp\/v2\/media?parent=16963"}],"wp:term":[{"taxonomy":"product_brand","embeddable":true,"href":"https:\/\/zlcopenhagen.com\/da\/wp-json\/wp\/v2\/product_brand?post=16963"},{"taxonomy":"product_cat","embeddable":true,"href":"https:\/\/zlcopenhagen.com\/da\/wp-json\/wp\/v2\/product_cat?post=16963"},{"taxonomy":"product_tag","embeddable":true,"href":"https:\/\/zlcopenhagen.com\/da\/wp-json\/wp\/v2\/product_tag?post=16963"}],"curies":[{"name":"wp","href":"https:\/\/api.w.org\/{rel}","templated":true}]}}