{"id":16782,"date":"2016-06-21T07:14:30","date_gmt":"2016-06-21T06:14:30","guid":{"rendered":"https:\/\/zlcopenhagen.com\/product\/zlc-navy-swimwear\/?lang=da"},"modified":"2024-12-23T06:04:19","modified_gmt":"2024-12-23T05:04:19","slug":"zlc-badebukser-marine-navy-blaa-vendbar-recycled","status":"publish","type":"product","link":"https:\/\/zlcopenhagen.com\/da\/produkt\/zlc-badebukser-marine-navy-blaa-vendbar-recycled\/","title":{"rendered":"ZLC BADEBUKSER MARINE NAVY BL\u00c5 VENDBAR RECYCLED"},"content":{"rendered":"<p>[spb_tabs tabs_type=&#8221;standard&#8221; center_tabs=&#8221;no&#8221; width=&#8221;1\/1&#8243; el_position=&#8221;first last&#8221;] [spb_tab title=&#8221;Produkt&#8221; icon=&#8221;&#8221; id=&#8221;Produkt&#8221;] [spb_text_block animation=&#8221;none&#8221; animation_delay=&#8221;0&#8243; simplified_controls=&#8221;yes&#8221; custom_css_percentage=&#8221;no&#8221; padding_vertical=&#8221;0&#8243; padding_horizontal=&#8221;0&#8243; margin_vertical=&#8221;0&#8243; custom_css=&#8221;margin-top: 0px;margin-bottom: 0px;&#8221; border_size=&#8221;0&#8243; border_styling_global=&#8221;default&#8221; width=&#8221;1\/2&#8243; el_position=&#8221;first&#8221;]<\/p>\n<h2><span style=\"color: #333333;\">BADEBUKSER MARINE NAVY BL\u00c5<\/span><\/h2>\n<h3>LAVET AF GENANVENDT NYLON<\/h3>\n<p>Tjek vores ZLC badebuks kollektion <a href=\"\/?product_cat=econyl-badebukser\" target=\"_blank\" rel=\"noopener\"><strong>her<\/strong><\/a> og vores ZLC h\u00e5ndkl\u00e6de kollektion <a href=\"https:\/\/zlcopenhagen.com\/da\/produkt\/zlc-gym-fitness-workout-yoga-haandklaede\/\" target=\"_blank\" rel=\"noopener\"><strong>her<\/strong><\/a>.<br \/>\nFremstillet af 100% genanvendt nylon \u2013 ECONYL \u2013 fra bla. kasserede fiskenet. Navy badebukser\u00a0 med vendbar pink inderside og justerbar talje. Vores \u00f8ko-venlige badebukser er fremstillet af ECONYL fibre, der stammer fra 100% genanvendt affald s\u00e5som tekstiler, t\u00e6pper og fiskenet. S\u00e5vel som at v\u00e6re en del af l\u00f8sningen p\u00e5 vores stigende affalds-problem er ECONYL s\u00e5ledes ogs\u00e5 en del af svaret p\u00e5 de tiltagende klima-forandringer. ECONYL reducerer nylons p\u00e5virkning af den globale opvarmning med op til 80% sammenlignet med traditionel olie-baseret fremstillet nylon. Derudover er ECONYL \u00e5ndbart, slidst\u00e6rkt, light og milj\u00f8rigtigt.<\/p>\n<ul>\n<li>Oeko-Tex Standard 100<\/li>\n<li>Vendbar feature, der giver dig muligheden for at forvandle dine navy bl\u00e5 badebukser til et friskt pink look<\/li>\n<li>2 fr\u00e6kke farver i d\u00e9n samme badebuks<\/li>\n<li>Fremstillet af genanvendt materiale med et atletisk \/ sporty dansk design<\/li>\n<li>Passer perfekt til den aktive sporty mand p\u00e5 stranden eller ved poolen<\/li>\n<\/ul>\n<p>[\/spb_text_block] [spb_image image=&#8221;25750&#8243; image_size=&#8221;full&#8221; frame=&#8221;noframe&#8221; caption_pos=&#8221;hover&#8221; remove_rounded=&#8221;yes&#8221; fullwidth=&#8221;no&#8221; overflow_mode=&#8221;none&#8221; link_target=&#8221;_self&#8221; lightbox=&#8221;no&#8221; intro_animation=&#8221;none&#8221; animation_delay=&#8221;200&#8243; width=&#8221;1\/2&#8243; el_position=&#8221;last&#8221;][\/spb_image] [\/spb_tab] [spb_tab title=&#8221;Materiale&#8221; icon=&#8221;&#8221; id=&#8221;Materiale&#8221;] [spb_text_block animation=&#8221;none&#8221; animation_delay=&#8221;0&#8243; simplified_controls=&#8221;yes&#8221; custom_css_percentage=&#8221;no&#8221; padding_vertical=&#8221;0&#8243; padding_horizontal=&#8221;0&#8243; margin_vertical=&#8221;0&#8243; custom_css=&#8221;margin-top: 0px;margin-bottom: 0px;&#8221; border_size=&#8221;0&#8243; border_styling_global=&#8221;default&#8221; width=&#8221;1\/1&#8243; el_position=&#8221;first last&#8221;]<\/p>\n<ul>\n<li>78% genanvendt nylon (ECONYL) og 22% elastan (Xtra Life Lycra)<\/li>\n<li>Reducerer nylons p\u00e5virkning af den globale opvarmning med op til 80% sammenlignet med traditionel olie-baseret fremstillet nylon<\/li>\n<li>Fnugfrie (long lasting look) og modstandsdygtige overfor sol-cremer \/ -olier<\/li>\n<li>4-way stretch for den perfekte pasform, bl\u00f8dt og \u00e5ndbart<\/li>\n<li>UPF 50+ UV beskyttelse og modstandsdygtig mod klorin<\/li>\n<\/ul>\n<p>[\/spb_text_block] [\/spb_tab] [spb_tab title=&#8221;Vaskeanvisninger&#8221; icon=&#8221;&#8221; id=&#8221;Vaskeanvisninger&#8221;] [spb_text_block animation=&#8221;none&#8221; animation_delay=&#8221;0&#8243; simplified_controls=&#8221;yes&#8221; custom_css_percentage=&#8221;no&#8221; padding_vertical=&#8221;0&#8243; padding_horizontal=&#8221;0&#8243; margin_vertical=&#8221;0&#8243; custom_css=&#8221;margin-top: 0px;margin-bottom: 0px;&#8221; border_size=&#8221;0&#8243; border_styling_global=&#8221;default&#8221; width=&#8221;1\/1&#8243; el_position=&#8221;first last&#8221;]<\/p>\n<ul>\n<li>Maximum wash at 40\u00b0 Celsius<\/li>\n<li>Do not use Chlorine based bleach<\/li>\n<li>Avoid spin dry. Squeeze off excess water<\/li>\n<li>Do not dry clean<\/li>\n<\/ul>\n<h3>V\u00c6R LIDT BLID MOD NATUREN<\/h3>\n<p>Vask dine l\u00e6kre badebukser sk\u00e5nsomt, gerne i h\u00e5nden. Det vil betyde, at du vil nyde dem langt mere, og de vil holde l\u00e6ngere. Du vil ogs\u00e5 g\u00f8re en bj\u00f8rnetjeneste for milj\u00f8et.<\/p>\n<p>Vaske dem evt ved at l\u00e6gge dem i bl\u00f8d de n\u00e6ste 20 minutter, og derefter tils\u00e6t lidt vaskemiddle, og arbejde dem igennem s\u00e6bevandet langtsomt et par minutter. Skyl dem derefter, og evt l\u00e6g dem flat, p\u00e5 et h\u00e5ndkl\u00e6de, s\u00e5ledes de bevarer formen.<\/p>\n<p>Du kan sagtesn vaske dem i maskinen, men det vil vi frar\u00e5de. Hellere fork\u00e6l dem med lidt k\u00e6rlighed. For at undg\u00e5 at mikroplast ikke ender ud i havet, s\u00e5 brug evt vaskepose fra <a title=\"GuppyFriend Vaskepose mod mikroplast\" href=\"https:\/\/en.guppyfriend.com\/\" target=\"_blank\" rel=\"noopener noreferrer\">GuppyFriend Vaskepose<\/a><\/p>\n<p>En simpel og billig l\u00f8sning, praktisk, der g\u00f8r, at den frigivne mikroplast under vask, ikke bliver skyllet ud i grundvandet, eller floder.<\/p>\n<p>[\/spb_text_block] [\/spb_tab] [spb_tab title=&#8221;St\u00f8rrelsesguide&#8221; icon=&#8221;&#8221; id=&#8221;Strrelsesguide&#8221;] [spb_text_block animation=&#8221;none&#8221; animation_delay=&#8221;0&#8243; simplified_controls=&#8221;yes&#8221; custom_css_percentage=&#8221;no&#8221; padding_vertical=&#8221;0&#8243; padding_horizontal=&#8221;0&#8243; margin_vertical=&#8221;0&#8243; border_size=&#8221;0&#8243; border_styling_global=&#8221;default&#8221; width=&#8221;1\/1&#8243; el_position=&#8221;first last&#8221;]<\/p>\n<ul>\n<li>Sizes: S \u2013 L\u00a0<a href=\"https:\/\/zlcopenhagen.com\/da\/stoerrelsesguide\/\" target=\"_blank\" rel=\"noopener noreferrer\">Size guide<\/a><\/li>\n<li>Follows the contours of your body<\/li>\n<li>Comfortable next to your skin<\/li>\n<li>Two way stretch for perfect fit<\/li>\n<\/ul>\n<p>[\/spb_text_block] [\/spb_tab] [spb_tab title=&#8221;Recycled Nylon&#8221; icon=&#8221;&#8221; id=&#8221;RecycledNylon&#8221;] [spb_video link=&#8221;https:\/\/www.youtube.com\/watch?v=kGGnTN3AyS8&amp;t=11s&#8221; remove_related=&#8221;yes&#8221; autoplay=&#8221;no&#8221; full_width=&#8221;no&#8221; width=&#8221;1\/1&#8243; el_position=&#8221;first last&#8221;] [\/spb_tab] [\/spb_tabs] [spb_image image=&#8221;25746&#8243; image_size=&#8221;full&#8221; frame=&#8221;noframe&#8221; caption_pos=&#8221;hover&#8221; remove_rounded=&#8221;yes&#8221; fullwidth=&#8221;no&#8221; overflow_mode=&#8221;none&#8221; link_target=&#8221;_self&#8221; lightbox=&#8221;no&#8221; intro_animation=&#8221;none&#8221; animation_delay=&#8221;200&#8243; width=&#8221;1\/2&#8243; el_position=&#8221;first&#8221;][\/spb_image] [spb_text_block animation=&#8221;none&#8221; animation_delay=&#8221;0&#8243; simplified_controls=&#8221;yes&#8221; custom_css_percentage=&#8221;no&#8221; padding_vertical=&#8221;0&#8243; padding_horizontal=&#8221;0&#8243; margin_vertical=&#8221;0&#8243; custom_css=&#8221;margin-top: 0px;margin-bottom: 0px;&#8221; border_size=&#8221;0&#8243; border_styling_global=&#8221;default&#8221; width=&#8221;1\/2&#8243; el_position=&#8221;last&#8221;]<\/p>\n<h2 class=\"product__title\"><span style=\"color: #333333;\">VENDBAR &#8211; MARINE NAVY BL\u00c5 ELLER PINK<\/span><\/h2>\n<h3>REGENERATED NYLON BY ECONYL\u00ae<\/h3>\n<p>Bored of wearing the same colour or want to try something different?\u00a0 ZLC Reversible Swimwear Marine Navy Blue has the reversible clothing option, that can magically be turned from navy to pink by turning it inside out. Besides, made of post-consumer waste it\u2019s Eco-system friendly and is breathable and lightweight \u2013 precisely what you should be wearing.<\/p>\n<h3>MARINE NAVY BL\u00c5<\/h3>\n<p>Evnen til at fremkalde f\u00f8lelsen af power og autoritet p\u00e5 stranden, er et perfekt match til din maskuline personlighed.<\/p>\n<h3>PINK<\/h3>\n<p>Selvom du er st\u00e6rk og maskulin, har du den der legende og lystige personlighed. Ved at vende fra<br \/>\nMarine Navy Blue til Pink, f\u00e5r du \u00f8jeblikkelig en omgang med sjov og lyst.<\/p>\n<p>[\/spb_text_block] [spb_image image=&#8221;25701&#8243; image_size=&#8221;full&#8221; frame=&#8221;noframe&#8221; caption_pos=&#8221;hover&#8221; remove_rounded=&#8221;yes&#8221; fullwidth=&#8221;no&#8221; overflow_mode=&#8221;none&#8221; link_target=&#8221;_self&#8221; lightbox=&#8221;no&#8221; intro_animation=&#8221;none&#8221; animation_delay=&#8221;200&#8243; width=&#8221;1\/2&#8243; el_position=&#8221;first&#8221;][\/spb_image] [spb_image image=&#8221;25738&#8243; image_size=&#8221;full&#8221; frame=&#8221;noframe&#8221; caption_pos=&#8221;hover&#8221; remove_rounded=&#8221;yes&#8221; fullwidth=&#8221;no&#8221; overflow_mode=&#8221;none&#8221; link_target=&#8221;_self&#8221; lightbox=&#8221;no&#8221; intro_animation=&#8221;none&#8221; animation_delay=&#8221;200&#8243; width=&#8221;1\/2&#8243; el_position=&#8221;last&#8221;][\/spb_image] [spb_image image=&#8221;19684&#8243; image_size=&#8221;full&#8221; frame=&#8221;noframe&#8221; caption_pos=&#8221;hover&#8221; remove_rounded=&#8221;yes&#8221; fullwidth=&#8221;no&#8221; overflow_mode=&#8221;none&#8221; link_target=&#8221;_self&#8221; lightbox=&#8221;no&#8221; intro_animation=&#8221;none&#8221; animation_delay=&#8221;200&#8243; width=&#8221;1\/1&#8243; el_position=&#8221;first last&#8221;][\/spb_image]<\/p>\n","protected":false},"excerpt":{"rendered":"<p>[spb_tabs tabs_type=&#8221;standard&#8221; center_tabs=&#8221;no&#8221; width=&#8221;1\/1&#8243; el_position=&#8221;first last&#8221;] [spb_tab title=&#8221;Produkt&#8221; icon=&#8221;&#8221; id=&#8221;Produkt&#8221;] [spb_text_block animation=&#8221;none&#8221; animation_delay=&#8221;0&#8243; simplified_controls=&#8221;yes&#8221; custom_css_percentage=&#8221;no&#8221; padding_vertical=&#8221;0&#8243; padding_horizontal=&#8221;0&#8243; margin_vertical=&#8221;0&#8243; custom_css=&#8221;margin-top: 0px;margin-bottom: 0px;&#8221; border_size=&#8221;0&#8243; border_styling_global=&#8221;default&#8221; width=&#8221;1\/2&#8243; el_position=&#8221;first&#8221;] BADEBUKSER MARINE NAVY BL\u00c5 LAVET AF GENANVENDT NYLON Tjek vores ZLC badebuks kollektion her og vores ZLC h\u00e5ndkl\u00e6de kollektion her. Fremstillet af 100% genanvendt nylon \u2013 ECONYL \u2013 fra bla. kasserede fiskenet. Navy badebukser\u00a0 med [&hellip;]<\/p>\n","protected":false},"featured_media":27887,"comment_status":"closed","ping_status":"closed","template":"","meta":[],"product_brand":[],"product_cat":[1589,127],"product_tag":[199,200],"class_list":{"0":"post-16782","1":"product","2":"type-product","3":"status-publish","4":"has-post-thumbnail","6":"product_cat-eco-swim-briefss-da","7":"product_cat-baeredygtige-badebukser-maend","8":"product_tag-menswear-da","9":"product_tag-swimwear-da","11":"first","12":"instock","13":"taxable","14":"shipping-taxable","15":"purchasable","16":"product-type-variable","17":"has-default-attributes"},"yoast_head":"<!-- This site is optimized with the Yoast SEO Premium plugin v26.6 (Yoast SEO v27.5) - https:\/\/yoast.com\/product\/yoast-seo-premium-wordpress\/ -->\n<title>Badebukser marine navy bl\u00e5 badebukser recycled | ZLCOPENHAGEN<\/title>\n<meta name=\"description\" content=\"badebukser m\u00e6nd\" \/>\n<meta name=\"robots\" content=\"index, follow, max-snippet:-1, max-image-preview:large, max-video-preview:-1\" \/>\n<link rel=\"canonical\" href=\"https:\/\/zlcopenhagen.com\/da\/produkt\/zlc-badebukser-marine-navy-blaa-vendbar-recycled\/\" \/>\n<meta property=\"og:locale\" content=\"da_DK\" \/>\n<meta property=\"og:type\" content=\"article\" \/>\n<meta property=\"og:title\" content=\"ZLC BADEBUKSER MARINE NAVY BL\u00c5 VENDBAR RECYCLED\" \/>\n<meta property=\"og:description\" content=\"badebukser m\u00e6nd\" \/>\n<meta property=\"og:url\" content=\"https:\/\/zlcopenhagen.com\/da\/produkt\/zlc-badebukser-marine-navy-blaa-vendbar-recycled\/\" \/>\n<meta property=\"og:site_name\" content=\"zlcopenhagen.com\" \/>\n<meta property=\"article:modified_time\" content=\"2024-12-23T05:04:19+00:00\" \/>\n<meta property=\"og:image\" content=\"https:\/\/zlcopenhagen.com\/wp-content\/uploads\/2016\/06\/MG_1777-scaled.jpg\" \/>\n\t<meta property=\"og:image:width\" content=\"2560\" \/>\n\t<meta property=\"og:image:height\" content=\"2560\" \/>\n\t<meta property=\"og:image:type\" content=\"image\/jpeg\" \/>\n<meta name=\"twitter:card\" content=\"summary_large_image\" \/>\n<meta name=\"twitter:label1\" content=\"Tilg\u00e6ngelighed\" \/>\n\t<meta name=\"twitter:data1\" content=\"P\u00e5 lager\" \/>\n<meta property=\"og:availability\" content=\"instock\" \/>\n<meta property=\"product:availability\" content=\"instock\" \/>\n<meta property=\"product:retailer_item_id\" content=\"677892\" \/>\n<meta property=\"product:condition\" content=\"new\" \/>\n<!-- \/ Yoast SEO Premium plugin. -->","yoast_head_json":{"title":"Badebukser marine navy bl\u00e5 badebukser recycled | ZLCOPENHAGEN","description":"badebukser m\u00e6nd","robots":{"index":"index","follow":"follow","max-snippet":"max-snippet:-1","max-image-preview":"max-image-preview:large","max-video-preview":"max-video-preview:-1"},"canonical":"https:\/\/zlcopenhagen.com\/da\/produkt\/zlc-badebukser-marine-navy-blaa-vendbar-recycled\/","og_locale":"da_DK","og_type":"article","og_title":"ZLC BADEBUKSER MARINE NAVY BL\u00c5 VENDBAR RECYCLED","og_description":"badebukser m\u00e6nd","og_url":"https:\/\/zlcopenhagen.com\/da\/produkt\/zlc-badebukser-marine-navy-blaa-vendbar-recycled\/","og_site_name":"zlcopenhagen.com","article_modified_time":"2024-12-23T05:04:19+00:00","og_image":[{"width":2560,"height":2560,"url":"https:\/\/zlcopenhagen.com\/wp-content\/uploads\/2016\/06\/MG_1777-scaled.jpg","type":"image\/jpeg"}],"twitter_card":"summary_large_image","twitter_misc":{"Tilg\u00e6ngelighed":"P\u00e5 lager"},"schema":{"@context":"https:\/\/schema.org","@graph":[{"@type":"WebPage","@id":"https:\/\/zlcopenhagen.com\/da\/produkt\/zlc-badebukser-marine-navy-blaa-vendbar-recycled\/","url":"https:\/\/zlcopenhagen.com\/da\/produkt\/zlc-badebukser-marine-navy-blaa-vendbar-recycled\/","name":"Badebukser marine navy bl\u00e5 badebukser recycled | ZLCOPENHAGEN","isPartOf":{"@id":"https:\/\/zlcopenhagen.com\/#website"},"primaryImageOfPage":{"@id":"https:\/\/zlcopenhagen.com\/da\/produkt\/zlc-badebukser-marine-navy-blaa-vendbar-recycled\/#primaryimage"},"image":{"@id":"https:\/\/zlcopenhagen.com\/da\/produkt\/zlc-badebukser-marine-navy-blaa-vendbar-recycled\/#primaryimage"},"thumbnailUrl":"https:\/\/zlcopenhagen.com\/wp-content\/uploads\/2016\/06\/MG_1777-scaled.jpg","datePublished":"2016-06-21T06:14:30+00:00","dateModified":"2024-12-23T05:04:19+00:00","description":"badebukser m\u00e6nd","breadcrumb":{"@id":"https:\/\/zlcopenhagen.com\/da\/produkt\/zlc-badebukser-marine-navy-blaa-vendbar-recycled\/#breadcrumb"},"inLanguage":"da-DK","potentialAction":[{"@type":"ReadAction","target":["https:\/\/zlcopenhagen.com\/da\/produkt\/zlc-badebukser-marine-navy-blaa-vendbar-recycled\/"]}]},{"@type":"ImageObject","inLanguage":"da-DK","@id":"https:\/\/zlcopenhagen.com\/da\/produkt\/zlc-badebukser-marine-navy-blaa-vendbar-recycled\/#primaryimage","url":"https:\/\/zlcopenhagen.com\/wp-content\/uploads\/2016\/06\/MG_1777-scaled.jpg","contentUrl":"https:\/\/zlcopenhagen.com\/wp-content\/uploads\/2016\/06\/MG_1777-scaled.jpg","width":2560,"height":2560,"caption":"ZLC Vendbar Badebukser Marine Navy Bl\u00e5 recycled | Lavet af Econyl\u00ae regenereret nylon | Skabt af genanvendt plastik fra havet | K\u00f8b her"},{"@type":"BreadcrumbList","@id":"https:\/\/zlcopenhagen.com\/da\/produkt\/zlc-badebukser-marine-navy-blaa-vendbar-recycled\/#breadcrumb","itemListElement":[{"@type":"ListItem","position":1,"name":"Home","item":"https:\/\/zlcopenhagen.com\/da\/"},{"@type":"ListItem","position":2,"name":"Shop","item":"https:\/\/zlcopenhagen.com\/da\/shop\/"},{"@type":"ListItem","position":3,"name":"ZLC BADEBUKSER MARINE NAVY BL\u00c5 VENDBAR RECYCLED"}]},{"@type":"WebSite","@id":"https:\/\/zlcopenhagen.com\/#website","url":"https:\/\/zlcopenhagen.com\/","name":"zlcopenhagen.com","description":"","publisher":{"@id":"https:\/\/zlcopenhagen.com\/#organization"},"potentialAction":[{"@type":"SearchAction","target":{"@type":"EntryPoint","urlTemplate":"https:\/\/zlcopenhagen.com\/?s={search_term_string}"},"query-input":{"@type":"PropertyValueSpecification","valueRequired":true,"valueName":"search_term_string"}}],"inLanguage":"da-DK"},{"@type":["Organization","Place"],"@id":"https:\/\/zlcopenhagen.com\/#organization","name":"ZLCOPENHAGEN","alternateName":"ZLCOPENHAGEN","url":"https:\/\/zlcopenhagen.com\/","logo":{"@id":"https:\/\/zlcopenhagen.com\/da\/produkt\/zlc-badebukser-marine-navy-blaa-vendbar-recycled\/#local-main-organization-logo"},"image":{"@id":"https:\/\/zlcopenhagen.com\/da\/produkt\/zlc-badebukser-marine-navy-blaa-vendbar-recycled\/#local-main-organization-logo"},"sameAs":["https:\/\/www.youtube.com\/channel\/UCy7JINwB6DMr2fA9yHpDQJg"],"telephone":[],"openingHoursSpecification":[{"@type":"OpeningHoursSpecification","dayOfWeek":["Monday","Tuesday","Wednesday","Thursday","Friday","Saturday","Sunday"],"opens":"09:00","closes":"17:00"}]},{"@type":"ImageObject","inLanguage":"da-DK","@id":"https:\/\/zlcopenhagen.com\/da\/produkt\/zlc-badebukser-marine-navy-blaa-vendbar-recycled\/#local-main-organization-logo","url":"https:\/\/zlcopenhagen.com\/wp-content\/uploads\/2016\/05\/blog-logo.jpg","contentUrl":"https:\/\/zlcopenhagen.com\/wp-content\/uploads\/2016\/05\/blog-logo.jpg","width":68,"height":68,"caption":"ZLCOPENHAGEN"}]},"og_availability":"instock","product_availability":"instock","product_retailer_item_id":"677892","product_condition":"new"},"_links":{"self":[{"href":"https:\/\/zlcopenhagen.com\/da\/wp-json\/wp\/v2\/product\/16782","targetHints":{"allow":["GET"]}}],"collection":[{"href":"https:\/\/zlcopenhagen.com\/da\/wp-json\/wp\/v2\/product"}],"about":[{"href":"https:\/\/zlcopenhagen.com\/da\/wp-json\/wp\/v2\/types\/product"}],"replies":[{"embeddable":true,"href":"https:\/\/zlcopenhagen.com\/da\/wp-json\/wp\/v2\/comments?post=16782"}],"wp:featuredmedia":[{"embeddable":true,"href":"https:\/\/zlcopenhagen.com\/da\/wp-json\/wp\/v2\/media\/27887"}],"wp:attachment":[{"href":"https:\/\/zlcopenhagen.com\/da\/wp-json\/wp\/v2\/media?parent=16782"}],"wp:term":[{"taxonomy":"product_brand","embeddable":true,"href":"https:\/\/zlcopenhagen.com\/da\/wp-json\/wp\/v2\/product_brand?post=16782"},{"taxonomy":"product_cat","embeddable":true,"href":"https:\/\/zlcopenhagen.com\/da\/wp-json\/wp\/v2\/product_cat?post=16782"},{"taxonomy":"product_tag","embeddable":true,"href":"https:\/\/zlcopenhagen.com\/da\/wp-json\/wp\/v2\/product_tag?post=16782"}],"curies":[{"name":"wp","href":"https:\/\/api.w.org\/{rel}","templated":true}]}}