{"id":61137,"date":"2026-03-23T15:37:56","date_gmt":"2026-03-23T14:37:56","guid":{"rendered":"https:\/\/zlcopenhagen.com\/?page_id=61137"},"modified":"2026-03-23T15:37:56","modified_gmt":"2026-03-23T14:37:56","slug":"ramadan","status":"publish","type":"page","link":"https:\/\/zlcopenhagen.com\/da\/ramadan\/","title":{"rendered":"RAMADAN \u2013 BETYDNING, REGLER OG DATOER"},"content":{"rendered":"<p>[spb_text_block animation=&#8221;none&#8221; animation_delay=&#8221;0&#8243; simplified_controls=&#8221;yes&#8221; custom_css_percentage=&#8221;no&#8221; padding_vertical=&#8221;0&#8243; padding_horizontal=&#8221;0&#8243; margin_vertical=&#8221;0&#8243; custom_css=&#8221;margin-top: 0px;margin-bottom: 0px;&#8221; border_size=&#8221;0&#8243; border_styling_global=&#8221;default&#8221; width=&#8221;1\/1&#8243; el_position=&#8221;first last&#8221;]<\/p>\n<p><strong>Ramadan 2027 forventes at starte omkring den 6. februar 2027 og slutte omkring den 7. marts 2027 i Danmark.<\/strong><\/p>\n<p>Datoerne er baseret p\u00e5 den islamiske m\u00e5nekalender og kan variere en smule afh\u00e6ngigt af m\u00e5neobservation. Ramadan er en central m\u00e5ned i islam, hvor muslimer faster fra solopgang til solnedgang.<\/p>\n<h2>HVORN\u00c5R STARTER RAMADAN 2027?<\/h2>\n<p>Starten p\u00e5 Ramadan bestemmes ved synet af nym\u00e5nen. I Danmark forventes Ramadan at begynde i starten af februar 2027.<\/p>\n<h2>HVORN\u00c5R SLUTTER RAMADAN 2027?<\/h2>\n<p>Ramadan afsluttes med Eid al-Fitr. I 2027 forventes afslutningen at falde i beg\/ramadanyndelsen af marts.<\/p>\n<p>Se ogs\u00e5: <a href=\"https:\/\/da.wikipedia.org\/wiki\/Ramadan\" target=\"_blank\" rel=\"noopener\">Hvad er Ramadan?<\/a><\/p>\n<p>[\/spb_text_block]<\/p>\n","protected":false},"excerpt":{"rendered":"<p>[spb_text_block animation=&#8221;none&#8221; animation_delay=&#8221;0&#8243; simplified_controls=&#8221;yes&#8221; custom_css_percentage=&#8221;no&#8221; padding_vertical=&#8221;0&#8243; padding_horizontal=&#8221;0&#8243; margin_vertical=&#8221;0&#8243; custom_css=&#8221;margin-top: 0px;margin-bottom: 0px;&#8221; border_size=&#8221;0&#8243; border_styling_global=&#8221;default&#8221; width=&#8221;1\/1&#8243; el_position=&#8221;first last&#8221;] Ramadan 2027 forventes at starte omkring den 6. februar 2027 og slutte omkring den 7. marts 2027 i Danmark. Datoerne er baseret p\u00e5 den islamiske m\u00e5nekalender og kan variere en smule afh\u00e6ngigt af m\u00e5neobservation. Ramadan er en central m\u00e5ned i islam, hvor muslimer faster [&hellip;]<\/p>\n","protected":false},"author":2,"featured_media":0,"parent":0,"menu_order":0,"comment_status":"closed","ping_status":"closed","template":"","meta":{"footnotes":""},"class_list":["post-61137","page","type-page","status-publish","hentry"],"yoast_head":"<!-- This site is optimized with the Yoast SEO Premium plugin v26.6 (Yoast SEO v27.5) - https:\/\/yoast.com\/product\/yoast-seo-premium-wordpress\/ -->\n<title>Ramadan 2027: Dato i Danmark og hvorn\u00e5r det starter<\/title>\n<meta name=\"description\" content=\"Hvorn\u00e5r er Ramadan 2027 i Danmark? Se forventet startdato og slutdato samt f\u00e5 et hurtigt overblik over Ramadan.\" \/>\n<meta name=\"robots\" content=\"index, follow, max-snippet:-1, max-image-preview:large, max-video-preview:-1\" \/>\n<link rel=\"canonical\" href=\"https:\/\/zlcopenhagen.com\/da\/ramadan\/\" \/>\n<meta property=\"og:locale\" content=\"da_DK\" \/>\n<meta property=\"og:type\" content=\"article\" \/>\n<meta property=\"og:title\" content=\"ZLCOPENHAGEN | Cross-Cultural Menswear &amp; Ethical Style\" \/>\n<meta property=\"og:description\" content=\"Discover ZLCOPENHAGEN: Danish-Punjabi fusion in ethical menswear. Born from activism. Built on bold design. Worn with purpose.\" \/>\n<meta property=\"og:url\" content=\"https:\/\/zlcopenhagen.com\/da\/ramadan\/\" \/>\n<meta property=\"og:site_name\" content=\"zlcopenhagen.com\" \/>\n<meta property=\"og:image\" content=\"https:\/\/zlcopenhagen.com\/wp-content\/uploads\/2014\/11\/zlc-.jpg\" \/>\n\t<meta property=\"og:image:width\" content=\"1908\" \/>\n\t<meta property=\"og:image:height\" content=\"1062\" \/>\n\t<meta property=\"og:image:type\" content=\"image\/jpeg\" \/>\n<meta name=\"twitter:card\" content=\"summary_large_image\" \/>\n<meta name=\"twitter:label1\" content=\"Estimeret l\u00e6setid\" \/>\n\t<meta name=\"twitter:data1\" content=\"1 minut\" \/>\n<!-- \/ Yoast SEO Premium plugin. -->","yoast_head_json":{"title":"Ramadan 2027: Dato i Danmark og hvorn\u00e5r det starter","description":"Hvorn\u00e5r er Ramadan 2027 i Danmark? Se forventet startdato og slutdato samt f\u00e5 et hurtigt overblik over Ramadan.","robots":{"index":"index","follow":"follow","max-snippet":"max-snippet:-1","max-image-preview":"max-image-preview:large","max-video-preview":"max-video-preview:-1"},"canonical":"https:\/\/zlcopenhagen.com\/da\/ramadan\/","og_locale":"da_DK","og_type":"article","og_title":"ZLCOPENHAGEN | Cross-Cultural Menswear & Ethical Style","og_description":"Discover ZLCOPENHAGEN: Danish-Punjabi fusion in ethical menswear. Born from activism. Built on bold design. Worn with purpose.","og_url":"https:\/\/zlcopenhagen.com\/da\/ramadan\/","og_site_name":"zlcopenhagen.com","og_image":[{"width":1908,"height":1062,"url":"https:\/\/zlcopenhagen.com\/wp-content\/uploads\/2014\/11\/zlc-.jpg","type":"image\/jpeg"}],"twitter_card":"summary_large_image","twitter_misc":{"Estimeret l\u00e6setid":"1 minut"},"schema":{"@context":"https:\/\/schema.org","@graph":[{"@type":"WebPage","@id":"https:\/\/zlcopenhagen.com\/da\/ramadan\/","url":"https:\/\/zlcopenhagen.com\/da\/ramadan\/","name":"Ramadan 2027: Dato i Danmark og hvorn\u00e5r det starter","isPartOf":{"@id":"https:\/\/zlcopenhagen.com\/#website"},"datePublished":"2026-03-23T14:37:56+00:00","description":"Hvorn\u00e5r er Ramadan 2027 i Danmark? Se forventet startdato og slutdato samt f\u00e5 et hurtigt overblik over Ramadan.","breadcrumb":{"@id":"https:\/\/zlcopenhagen.com\/da\/ramadan\/#breadcrumb"},"inLanguage":"da-DK","potentialAction":[{"@type":"ReadAction","target":["https:\/\/zlcopenhagen.com\/da\/ramadan\/"]}]},{"@type":"BreadcrumbList","@id":"https:\/\/zlcopenhagen.com\/da\/ramadan\/#breadcrumb","itemListElement":[{"@type":"ListItem","position":1,"name":"Home","item":"https:\/\/zlcopenhagen.com\/da\/"},{"@type":"ListItem","position":2,"name":"RAMADAN \u2013 BETYDNING, REGLER OG DATOER"}]},{"@type":"WebSite","@id":"https:\/\/zlcopenhagen.com\/#website","url":"https:\/\/zlcopenhagen.com\/","name":"zlcopenhagen.com","description":"","publisher":{"@id":"https:\/\/zlcopenhagen.com\/#organization"},"potentialAction":[{"@type":"SearchAction","target":{"@type":"EntryPoint","urlTemplate":"https:\/\/zlcopenhagen.com\/?s={search_term_string}"},"query-input":{"@type":"PropertyValueSpecification","valueRequired":true,"valueName":"search_term_string"}}],"inLanguage":"da-DK"},{"@type":["Organization","Place"],"@id":"https:\/\/zlcopenhagen.com\/#organization","name":"ZLCOPENHAGEN","alternateName":"ZLCOPENHAGEN","url":"https:\/\/zlcopenhagen.com\/","logo":{"@id":"https:\/\/zlcopenhagen.com\/da\/ramadan\/#local-main-organization-logo"},"image":{"@id":"https:\/\/zlcopenhagen.com\/da\/ramadan\/#local-main-organization-logo"},"sameAs":["https:\/\/www.youtube.com\/channel\/UCy7JINwB6DMr2fA9yHpDQJg"],"telephone":[],"openingHoursSpecification":[{"@type":"OpeningHoursSpecification","dayOfWeek":["Monday","Tuesday","Wednesday","Thursday","Friday","Saturday","Sunday"],"opens":"09:00","closes":"17:00"}]},{"@type":"ImageObject","inLanguage":"da-DK","@id":"https:\/\/zlcopenhagen.com\/da\/ramadan\/#local-main-organization-logo","url":"https:\/\/zlcopenhagen.com\/wp-content\/uploads\/2016\/05\/blog-logo.jpg","contentUrl":"https:\/\/zlcopenhagen.com\/wp-content\/uploads\/2016\/05\/blog-logo.jpg","width":68,"height":68,"caption":"ZLCOPENHAGEN"}]}},"_links":{"self":[{"href":"https:\/\/zlcopenhagen.com\/da\/wp-json\/wp\/v2\/pages\/61137","targetHints":{"allow":["GET"]}}],"collection":[{"href":"https:\/\/zlcopenhagen.com\/da\/wp-json\/wp\/v2\/pages"}],"about":[{"href":"https:\/\/zlcopenhagen.com\/da\/wp-json\/wp\/v2\/types\/page"}],"author":[{"embeddable":true,"href":"https:\/\/zlcopenhagen.com\/da\/wp-json\/wp\/v2\/users\/2"}],"replies":[{"embeddable":true,"href":"https:\/\/zlcopenhagen.com\/da\/wp-json\/wp\/v2\/comments?post=61137"}],"version-history":[{"count":1,"href":"https:\/\/zlcopenhagen.com\/da\/wp-json\/wp\/v2\/pages\/61137\/revisions"}],"predecessor-version":[{"id":61138,"href":"https:\/\/zlcopenhagen.com\/da\/wp-json\/wp\/v2\/pages\/61137\/revisions\/61138"}],"wp:attachment":[{"href":"https:\/\/zlcopenhagen.com\/da\/wp-json\/wp\/v2\/media?parent=61137"}],"curies":[{"name":"wp","href":"https:\/\/api.w.org\/{rel}","templated":true}]}}