{"id":59332,"date":"2026-02-14T18:41:00","date_gmt":"2026-02-14T17:41:00","guid":{"rendered":"https:\/\/zlcopenhagen.com\/?page_id=59332"},"modified":"2026-03-14T16:52:55","modified_gmt":"2026-03-14T15:52:55","slug":"magtnetvaerk","status":"publish","type":"page","link":"https:\/\/zlcopenhagen.com\/da\/magtnetvaerk\/","title":{"rendered":"MAGTNETV\u00c6RK \u2013 STRUKTURER FOR POLITISK INDFLYDELSE OG FORBINDELSER"},"content":{"rendered":"<p>[spb_text_block animation=&#8221;none&#8221; animation_delay=&#8221;0&#8243; simplified_controls=&#8221;yes&#8221; custom_css_percentage=&#8221;no&#8221; padding_vertical=&#8221;0&#8243; padding_horizontal=&#8221;0&#8243; margin_vertical=&#8221;0&#8243; custom_css=&#8221;margin-top: 0px;margin-bottom: 0px;&#8221; border_size=&#8221;0&#8243; border_styling_global=&#8221;default&#8221; width=&#8221;1\/1&#8243; el_position=&#8221;first last&#8221;]<\/p>\n<p>Hvordan fungerer magtnetv\u00e6rk i praksis? Denne side analyserer politisk indflydelse, lobbyisme, interesseorganisationer og de strukturer der forbinder medier, erhvervsliv og beslutningstagere.<\/p>\n<h2>HVAD ER ET MAGTNETV\u00c6RK?<\/h2>\n<p>Et magtnetv\u00e6rk er ikke en hemmelig klub. Det er et strukturelt samspil mellem politikere, interesseorganisationer, medier, erhvervsliv og institutioner, hvor adgang, relationer og gensidige interesser skaber indflydelse.<\/p>\n<p>Magt ud\u00f8ves sj\u00e6ldent kun gennem formelle beslutninger. Den opst\u00e5r gennem netv\u00e6rk, prioriteringer, timing og gentagelse. Nogle netv\u00e6rk er synlige \u2013 registrerede lobbyorganisationer og officielle r\u00e5d. Andre fungerer mere uformelt gennem personlige forbindelser, ideologiske f\u00e6llesskaber eller \u00f8konomiske interesser.<\/p>\n<p>Form\u00e5let med denne side er ikke at frems\u00e6tte p\u00e5stande, men at analysere strukturer. Hvordan organiseres politisk indflydelse? Hvorn\u00e5r er det legitim interessevaretagelse \u2013 og hvorn\u00e5r bev\u00e6ger det sig i retning af systemisk magtkoncentration?<\/p>\n<p>Ved at forst\u00e5 magtnetv\u00e6rk kan vi bedre forst\u00e5 hvordan beslutninger formes \u2013 og hvem der reelt har adgang til at p\u00e5virke dem.<\/p>\n<h2>RELATEREDE ANALYSER<\/h2>\n<ul style=\"columns: 2;\">\n<li><a href=\"https:\/\/zlcopenhagen.com\/da\/global-language-dictionary-2009-analyse\/\" target=\"_blank\" rel=\"noopener\">Global Language Dictionary (2009)<\/a><\/li>\n<li><a href=\"https:\/\/zlcopenhagen.com\/da\/hasbara-handbook-2002-analyse\/\" target=\"_blank\" rel=\"noopener\">Hasbara Handbook (2002)<\/a><\/li>\n<li><a href=\"https:\/\/zlcopenhagen.com\/da\/pierre-collignon-gestapo-media-network\/\" target=\"_blank\" rel=\"noopener\">Pierre Collignon og medienetv\u00e6rk<\/a><\/li>\n<li><a href=\"https:\/\/zlcopenhagen.com\/da\/hvem-ejer-berlingske-media\/\" target=\"_blank\" rel=\"noopener\">Hvem ejer Berlingske Media<\/a><\/li>\n<li><a href=\"https:\/\/zlcopenhagen.com\/da\/ma-jeg-filme-politiet\/\" target=\"_blank\" rel=\"noopener\">M\u00e5 jeg filme politiet<\/a><\/li>\n<li><a href=\"https:\/\/zlcopenhagen.com\/da\/rigsfaellesskabet\/\" target=\"_blank\" rel=\"noopener\">Rigsf\u00e6llesskabet og geopolitik<\/a><\/li>\n<li><a href=\"https:\/\/zlcopenhagen.com\/da\/mette-frederiksens-bror-hydrema-minerydning\/\" target=\"_blank\" rel=\"noopener\">Hvem er Mettes bror<\/a><\/li>\n<\/ul>\n<p>[\/spb_text_block] [spb_text_block animation=&#8221;none&#8221; animation_delay=&#8221;0&#8243; simplified_controls=&#8221;yes&#8221; custom_css_percentage=&#8221;no&#8221; padding_vertical=&#8221;0&#8243; padding_horizontal=&#8221;0&#8243; margin_vertical=&#8221;0&#8243; custom_css=&#8221;margin-top: 0px;margin-bottom: 0px;&#8221; border_size=&#8221;0&#8243; border_styling_global=&#8221;default&#8221; width=&#8221;1\/1&#8243; el_position=&#8221;first last&#8221;]<\/p>\n<h2>SENESTE ANALYSER OM MAGTNETV\u00c6RK<\/h2>\n<p>Her finder du de nyeste analyser om politiske magtnetv\u00e6rk,<br \/>\nmediestrukturer, lobbyisme og forbindelser mellem<br \/>\npolitikere, organisationer og institutioner i Danmark.<\/p>\n<p>[\/spb_text_block] [spb_blog blog_type=&#8221;masonry&#8221; gutters=&#8221;yes&#8221; columns=&#8221;3&#8243; fullwidth=&#8221;yes&#8221; item_count=&#8221;6&#8243; category=&#8221;magtnetvaerk&#8221; offset=&#8221;0&#8243; order_by=&#8221;date&#8221; order=&#8221;DESC&#8221; show_title=&#8221;yes&#8221; show_excerpt=&#8221;yes&#8221; show_details=&#8221;yes&#8221; excerpt_length=&#8221;20&#8243; content_output=&#8221;excerpt&#8221; show_read_more=&#8221;yes&#8221; social_integration=&#8221;no&#8221; blog_filter=&#8221;yes&#8221; pagination=&#8221;infinite-scroll&#8221; alt_styling=&#8221;yes&#8221; width=&#8221;1\/1&#8243; el_position=&#8221;first last&#8221;]<\/p>\n","protected":false},"excerpt":{"rendered":"<p>[spb_text_block animation=&#8221;none&#8221; animation_delay=&#8221;0&#8243; simplified_controls=&#8221;yes&#8221; custom_css_percentage=&#8221;no&#8221; padding_vertical=&#8221;0&#8243; padding_horizontal=&#8221;0&#8243; margin_vertical=&#8221;0&#8243; custom_css=&#8221;margin-top: 0px;margin-bottom: 0px;&#8221; border_size=&#8221;0&#8243; border_styling_global=&#8221;default&#8221; width=&#8221;1\/1&#8243; el_position=&#8221;first last&#8221;] Hvordan fungerer magtnetv\u00e6rk i praksis? Denne side analyserer politisk indflydelse, lobbyisme, interesseorganisationer og de strukturer der forbinder medier, erhvervsliv og beslutningstagere. HVAD ER ET MAGTNETV\u00c6RK? Et magtnetv\u00e6rk er ikke en hemmelig klub. Det er et strukturelt samspil mellem politikere, interesseorganisationer, medier, erhvervsliv og institutioner, [&hellip;]<\/p>\n","protected":false},"author":2,"featured_media":0,"parent":0,"menu_order":0,"comment_status":"closed","ping_status":"closed","template":"","meta":{"footnotes":""},"class_list":["post-59332","page","type-page","status-publish","hentry"],"yoast_head":"<!-- This site is optimized with the Yoast SEO Premium plugin v26.6 (Yoast SEO v27.4) - https:\/\/yoast.com\/product\/yoast-seo-premium-wordpress\/ -->\n<title>Magtnetv\u00e6rk \u2013 Hvad er det, og hvordan fungerer skjult magt?<\/title>\n<meta name=\"description\" content=\"Magtnetv\u00e6rk forklares: Hvordan forbindelser mellem politik, medier og interessegrupper skaber indflydelse bag kulisserne.\" \/>\n<meta name=\"robots\" content=\"index, follow, max-snippet:-1, max-image-preview:large, max-video-preview:-1\" \/>\n<link rel=\"canonical\" href=\"https:\/\/zlcopenhagen.com\/da\/magtnetvaerk\/\" \/>\n<meta property=\"og:locale\" content=\"da_DK\" \/>\n<meta property=\"og:type\" content=\"article\" \/>\n<meta property=\"og:title\" content=\"ZLCOPENHAGEN | Cross-Cultural Menswear &amp; Ethical Style\" \/>\n<meta property=\"og:description\" content=\"Discover ZLCOPENHAGEN: Danish-Punjabi fusion in ethical menswear. Born from activism. Built on bold design. Worn with purpose.\" \/>\n<meta property=\"og:url\" content=\"https:\/\/zlcopenhagen.com\/da\/magtnetvaerk\/\" \/>\n<meta property=\"og:site_name\" content=\"zlcopenhagen.com\" \/>\n<meta property=\"article:modified_time\" content=\"2026-03-14T15:52:55+00:00\" \/>\n<meta property=\"og:image\" content=\"https:\/\/zlcopenhagen.com\/wp-content\/uploads\/2014\/11\/zlc-.jpg\" \/>\n\t<meta property=\"og:image:width\" content=\"1908\" \/>\n\t<meta property=\"og:image:height\" content=\"1062\" \/>\n\t<meta property=\"og:image:type\" content=\"image\/jpeg\" \/>\n<meta name=\"twitter:card\" content=\"summary_large_image\" \/>\n<meta name=\"twitter:label1\" content=\"Estimeret l\u00e6setid\" \/>\n\t<meta name=\"twitter:data1\" content=\"2 minutter\" \/>\n<!-- \/ Yoast SEO Premium plugin. -->","yoast_head_json":{"title":"Magtnetv\u00e6rk \u2013 Hvad er det, og hvordan fungerer skjult magt?","description":"Magtnetv\u00e6rk forklares: Hvordan forbindelser mellem politik, medier og interessegrupper skaber indflydelse bag kulisserne.","robots":{"index":"index","follow":"follow","max-snippet":"max-snippet:-1","max-image-preview":"max-image-preview:large","max-video-preview":"max-video-preview:-1"},"canonical":"https:\/\/zlcopenhagen.com\/da\/magtnetvaerk\/","og_locale":"da_DK","og_type":"article","og_title":"ZLCOPENHAGEN | Cross-Cultural Menswear & Ethical Style","og_description":"Discover ZLCOPENHAGEN: Danish-Punjabi fusion in ethical menswear. Born from activism. Built on bold design. Worn with purpose.","og_url":"https:\/\/zlcopenhagen.com\/da\/magtnetvaerk\/","og_site_name":"zlcopenhagen.com","article_modified_time":"2026-03-14T15:52:55+00:00","og_image":[{"width":1908,"height":1062,"url":"https:\/\/zlcopenhagen.com\/wp-content\/uploads\/2014\/11\/zlc-.jpg","type":"image\/jpeg"}],"twitter_card":"summary_large_image","twitter_misc":{"Estimeret l\u00e6setid":"2 minutter"},"schema":{"@context":"https:\/\/schema.org","@graph":[{"@type":"WebPage","@id":"https:\/\/zlcopenhagen.com\/da\/magtnetvaerk\/","url":"https:\/\/zlcopenhagen.com\/da\/magtnetvaerk\/","name":"Magtnetv\u00e6rk \u2013 Hvad er det, og hvordan fungerer skjult magt?","isPartOf":{"@id":"https:\/\/zlcopenhagen.com\/#website"},"datePublished":"2026-02-14T17:41:00+00:00","dateModified":"2026-03-14T15:52:55+00:00","description":"Magtnetv\u00e6rk forklares: Hvordan forbindelser mellem politik, medier og interessegrupper skaber indflydelse bag kulisserne.","breadcrumb":{"@id":"https:\/\/zlcopenhagen.com\/da\/magtnetvaerk\/#breadcrumb"},"inLanguage":"da-DK","potentialAction":[{"@type":"ReadAction","target":["https:\/\/zlcopenhagen.com\/da\/magtnetvaerk\/"]}]},{"@type":"BreadcrumbList","@id":"https:\/\/zlcopenhagen.com\/da\/magtnetvaerk\/#breadcrumb","itemListElement":[{"@type":"ListItem","position":1,"name":"Home","item":"https:\/\/zlcopenhagen.com\/da\/"},{"@type":"ListItem","position":2,"name":"MAGTNETV\u00c6RK \u2013 STRUKTURER FOR POLITISK INDFLYDELSE OG FORBINDELSER"}]},{"@type":"WebSite","@id":"https:\/\/zlcopenhagen.com\/#website","url":"https:\/\/zlcopenhagen.com\/","name":"zlcopenhagen.com","description":"","publisher":{"@id":"https:\/\/zlcopenhagen.com\/#organization"},"potentialAction":[{"@type":"SearchAction","target":{"@type":"EntryPoint","urlTemplate":"https:\/\/zlcopenhagen.com\/?s={search_term_string}"},"query-input":{"@type":"PropertyValueSpecification","valueRequired":true,"valueName":"search_term_string"}}],"inLanguage":"da-DK"},{"@type":["Organization","Place"],"@id":"https:\/\/zlcopenhagen.com\/#organization","name":"ZLCOPENHAGEN","alternateName":"ZLCOPENHAGEN","url":"https:\/\/zlcopenhagen.com\/","logo":{"@id":"https:\/\/zlcopenhagen.com\/da\/magtnetvaerk\/#local-main-organization-logo"},"image":{"@id":"https:\/\/zlcopenhagen.com\/da\/magtnetvaerk\/#local-main-organization-logo"},"sameAs":["https:\/\/www.youtube.com\/channel\/UCy7JINwB6DMr2fA9yHpDQJg"],"telephone":[],"openingHoursSpecification":[{"@type":"OpeningHoursSpecification","dayOfWeek":["Monday","Tuesday","Wednesday","Thursday","Friday","Saturday","Sunday"],"opens":"09:00","closes":"17:00"}]},{"@type":"ImageObject","inLanguage":"da-DK","@id":"https:\/\/zlcopenhagen.com\/da\/magtnetvaerk\/#local-main-organization-logo","url":"https:\/\/zlcopenhagen.com\/wp-content\/uploads\/2016\/05\/blog-logo.jpg","contentUrl":"https:\/\/zlcopenhagen.com\/wp-content\/uploads\/2016\/05\/blog-logo.jpg","width":68,"height":68,"caption":"ZLCOPENHAGEN"}]}},"_links":{"self":[{"href":"https:\/\/zlcopenhagen.com\/da\/wp-json\/wp\/v2\/pages\/59332","targetHints":{"allow":["GET"]}}],"collection":[{"href":"https:\/\/zlcopenhagen.com\/da\/wp-json\/wp\/v2\/pages"}],"about":[{"href":"https:\/\/zlcopenhagen.com\/da\/wp-json\/wp\/v2\/types\/page"}],"author":[{"embeddable":true,"href":"https:\/\/zlcopenhagen.com\/da\/wp-json\/wp\/v2\/users\/2"}],"replies":[{"embeddable":true,"href":"https:\/\/zlcopenhagen.com\/da\/wp-json\/wp\/v2\/comments?post=59332"}],"version-history":[{"count":9,"href":"https:\/\/zlcopenhagen.com\/da\/wp-json\/wp\/v2\/pages\/59332\/revisions"}],"predecessor-version":[{"id":60319,"href":"https:\/\/zlcopenhagen.com\/da\/wp-json\/wp\/v2\/pages\/59332\/revisions\/60319"}],"wp:attachment":[{"href":"https:\/\/zlcopenhagen.com\/da\/wp-json\/wp\/v2\/media?parent=59332"}],"curies":[{"name":"wp","href":"https:\/\/api.w.org\/{rel}","templated":true}]}}