{"id":59288,"date":"2026-02-12T14:59:34","date_gmt":"2026-02-12T13:59:34","guid":{"rendered":"https:\/\/zlcopenhagen.com\/?page_id=59288"},"modified":"2026-03-17T09:26:38","modified_gmt":"2026-03-17T08:26:38","slug":"begrebsanalyse","status":"publish","type":"page","link":"https:\/\/zlcopenhagen.com\/da\/begrebsanalyse\/","title":{"rendered":"BEGREBSANALYSE \u2013 DEFINITIONER, RAMMER OG SYSTEMFORST\u00c5ELSE"},"content":{"rendered":"<p>[spb_text_block animation=&#8221;none&#8221; animation_delay=&#8221;0&#8243; simplified_controls=&#8221;yes&#8221; custom_css_percentage=&#8221;no&#8221; padding_vertical=&#8221;0&#8243; padding_horizontal=&#8221;0&#8243; margin_vertical=&#8221;0&#8243; custom_css=&#8221;margin-top: 0px;margin-bottom: 0px;&#8221; border_size=&#8221;0&#8243; border_styling_global=&#8221;default&#8221; width=&#8221;1\/1&#8243; el_position=&#8221;first last&#8221;]<\/p>\n<h2>HVAD ER BEGREBSANALYSE?<\/h2>\n<p data-start=\"142\" data-end=\"374\">Begreber former den m\u00e5de, vi forst\u00e5r samfundet p\u00e5. N\u00e5r ord som \u201ckulturel modstandskraft\u201d, \u201c\u00e5ndelig oprustning\u201d eller \u201csamfundsrobusthed\u201d anvendes i den offentlige debat, b\u00e6rer de b\u00e5de historiske, teoretiske og politiske dimensioner.<\/p>\n<p data-start=\"376\" data-end=\"600\">Denne sektion samler analyser af centrale begreber i samfundsdebatten. Form\u00e5let er at unders\u00f8ge deres oprindelse, anvendelse og systemiske betydning \u2013 ikke at fastl\u00e5se \u00e9n tolkning, men at skabe klarhed og analytisk overblik.<\/p>\n<p data-start=\"602\" data-end=\"632\">Hver begrebsanalyse bygger p\u00e5:<\/p>\n<p data-start=\"634\" data-end=\"737\">\u2022 Historisk kontekst<br data-start=\"654\" data-end=\"657\" \/>\u2022 Teoretisk baggrund<br data-start=\"677\" data-end=\"680\" \/>\u2022 Institutionel anvendelse<br data-start=\"706\" data-end=\"709\" \/>\u2022 Samfundsm\u00e6ssig betydning<\/p>\n<p data-start=\"739\" data-end=\"805\">M\u00e5let er at styrke en strukturel forst\u00e5else frem for polarisering.<\/p>\n<p>[\/spb_text_block] [spb_text_block animation=&#8221;none&#8221; animation_delay=&#8221;0&#8243; simplified_controls=&#8221;yes&#8221; custom_css_percentage=&#8221;no&#8221; padding_vertical=&#8221;0&#8243; padding_horizontal=&#8221;0&#8243; margin_vertical=&#8221;0&#8243; custom_css=&#8221;margin-top: 0px;margin-bottom: 0px;&#8221; border_size=&#8221;0&#8243; border_styling_global=&#8221;default&#8221; width=&#8221;1\/1&#8243; el_position=&#8221;first last&#8221;]<\/p>\n<h2>RELATEREDE BEGREBSANALYSER<\/h2>\n<div style=\"display: flex; gap: 60px; flex-wrap: wrap;\">\n<div style=\"flex: 1; min-width: 260px;\">\n<ul>\n<li><a href=\"\/da\/aandelig-oprustning\/\">\u00c5ndelig oprustning \u2013 historie og betydning<\/a><\/li>\n<li><a href=\"\/da\/kulturel-modstandskraft\/\">Kulturel modstandskraft \u2013 begreb og debat<\/a><\/li>\n<li><a href=\"\/da\/modstandskraft-terrorlistning-hamas\/\">Modstandskraft, terrorlistning og Hamas<\/a><\/li>\n<li><a href=\"\/da\/hamas-case-terrorlisten\/\"><strong>Terrorliste-analyse: Hamas og juridisk klassifikation<\/strong><\/a><\/li>\n<li><a href=\"\/da\/magtnetvaerk\/\">Magtnetv\u00e6rk \u2013 strukturer for politisk indflydelse<\/a><\/li>\n<\/ul>\n<\/div>\n<div style=\"flex: 1; min-width: 260px;\">\n<ul>\n<li><a href=\"\/da\/rigsfaellesskabet\/\">Rigsf\u00e6llesskabet \u2013 magt og koloniale strukturer<\/a><\/li>\n<li><a href=\"\/da\/palaestinensisk-toerklaede\/\">Pal\u00e6stinensisk t\u00f8rkl\u00e6de \u2013 historie og symbolik<\/a><\/li>\n<li><a href=\"\/da\/boykot-hvad-det-betyder\/\">Boykot \u2013 hvad betyder det og hvordan virker det?<\/a><\/li>\n<li><a href=\"\/da\/frederik-vad-remigration\/\">Frederik Vad og remigration \u2013 identitet og politik<\/a><\/li>\n<\/ul>\n<\/div>\n<\/div>\n<p>[\/spb_text_block] [spb_text_block animation=&#8221;none&#8221; animation_delay=&#8221;0&#8243; simplified_controls=&#8221;yes&#8221; custom_css_percentage=&#8221;no&#8221; padding_vertical=&#8221;0&#8243; padding_horizontal=&#8221;0&#8243; margin_vertical=&#8221;0&#8243; custom_css=&#8221;margin-top: 0px;margin-bottom: 0px;&#8221; border_size=&#8221;0&#8243; border_styling_global=&#8221;default&#8221; width=&#8221;1\/1&#8243; el_position=&#8221;first last&#8221;]<\/p>\n<h2>ANALYSER AF CENTRALE BEGREBER<\/h2>\n<p>Nedenfor finder du analyser af centrale begreber i samfundsdebatten.<br \/>\nArtiklerne unders\u00f8ger hvordan politiske, kulturelle og institutionelle<br \/>\nbegreber opst\u00e5r, hvordan de bruges i offentlig debat, og hvilken rolle<br \/>\nde spiller i forst\u00e5elsen af samfundets strukturer.<\/p>\n<p>Analyserne sp\u00e6nder fra historiske begreber til nutidige diskussioner<br \/>\nom magt, modstandskraft og politiske narrativer.<\/p>\n<p>[\/spb_text_block] [spb_blog blog_type=&#8221;masonry&#8221; gutters=&#8221;yes&#8221; columns=&#8221;3&#8243; fullwidth=&#8221;yes&#8221; item_count=&#8221;5&#8243; category=&#8221;viden&#8221; offset=&#8221;0&#8243; order_by=&#8221;date&#8221; order=&#8221;DESC&#8221; show_title=&#8221;yes&#8221; show_excerpt=&#8221;yes&#8221; show_details=&#8221;yes&#8221; excerpt_length=&#8221;20&#8243; content_output=&#8221;excerpt&#8221; show_read_more=&#8221;yes&#8221; social_integration=&#8221;no&#8221; blog_filter=&#8221;yes&#8221; pagination=&#8221;infinite-scroll&#8221; alt_styling=&#8221;yes&#8221; width=&#8221;1\/1&#8243; el_position=&#8221;first last&#8221;]<\/p>\n","protected":false},"excerpt":{"rendered":"<p>[spb_text_block animation=&#8221;none&#8221; animation_delay=&#8221;0&#8243; simplified_controls=&#8221;yes&#8221; custom_css_percentage=&#8221;no&#8221; padding_vertical=&#8221;0&#8243; padding_horizontal=&#8221;0&#8243; margin_vertical=&#8221;0&#8243; custom_css=&#8221;margin-top: 0px;margin-bottom: 0px;&#8221; border_size=&#8221;0&#8243; border_styling_global=&#8221;default&#8221; width=&#8221;1\/1&#8243; el_position=&#8221;first last&#8221;] HVAD ER BEGREBSANALYSE? Begreber former den m\u00e5de, vi forst\u00e5r samfundet p\u00e5. N\u00e5r ord som \u201ckulturel modstandskraft\u201d, \u201c\u00e5ndelig oprustning\u201d eller \u201csamfundsrobusthed\u201d anvendes i den offentlige debat, b\u00e6rer de b\u00e5de historiske, teoretiske og politiske dimensioner. Denne sektion samler analyser af centrale begreber i samfundsdebatten. Form\u00e5let er [&hellip;]<\/p>\n","protected":false},"author":2,"featured_media":0,"parent":0,"menu_order":0,"comment_status":"closed","ping_status":"closed","template":"","meta":{"footnotes":""},"class_list":["post-59288","page","type-page","status-publish","hentry"],"yoast_head":"<!-- This site is optimized with the Yoast SEO Premium plugin v26.6 (Yoast SEO v27.4) - https:\/\/yoast.com\/product\/yoast-seo-premium-wordpress\/ -->\n<title>Begrebsanalyse \u2013 Definitioner og systemforst\u00e5else<\/title>\n<meta name=\"description\" content=\"Hvad betyder centrale begreber i samfundsdebatten? F\u00e5 analyser af definitioner, historisk baggrund og systemisk betydning.\" \/>\n<meta name=\"robots\" content=\"index, follow, max-snippet:-1, max-image-preview:large, max-video-preview:-1\" \/>\n<link rel=\"canonical\" href=\"https:\/\/zlcopenhagen.com\/da\/begrebsanalyse\/\" \/>\n<meta property=\"og:locale\" content=\"da_DK\" \/>\n<meta property=\"og:type\" content=\"article\" \/>\n<meta property=\"og:title\" content=\"ZLCOPENHAGEN | Cross-Cultural Menswear &amp; Ethical Style\" \/>\n<meta property=\"og:description\" content=\"Discover ZLCOPENHAGEN: Danish-Punjabi fusion in ethical menswear. Born from activism. Built on bold design. Worn with purpose.\" \/>\n<meta property=\"og:url\" content=\"https:\/\/zlcopenhagen.com\/da\/begrebsanalyse\/\" \/>\n<meta property=\"og:site_name\" content=\"zlcopenhagen.com\" \/>\n<meta property=\"article:modified_time\" content=\"2026-03-17T08:26:38+00:00\" \/>\n<meta property=\"og:image\" content=\"https:\/\/zlcopenhagen.com\/wp-content\/uploads\/2014\/11\/zlc-.jpg\" \/>\n\t<meta property=\"og:image:width\" content=\"1908\" \/>\n\t<meta property=\"og:image:height\" content=\"1062\" \/>\n\t<meta property=\"og:image:type\" content=\"image\/jpeg\" \/>\n<meta name=\"twitter:card\" content=\"summary_large_image\" \/>\n<meta name=\"twitter:label1\" content=\"Estimeret l\u00e6setid\" \/>\n\t<meta name=\"twitter:data1\" content=\"2 minutter\" \/>\n<!-- \/ Yoast SEO Premium plugin. -->","yoast_head_json":{"title":"Begrebsanalyse \u2013 Definitioner og systemforst\u00e5else","description":"Hvad betyder centrale begreber i samfundsdebatten? F\u00e5 analyser af definitioner, historisk baggrund og systemisk betydning.","robots":{"index":"index","follow":"follow","max-snippet":"max-snippet:-1","max-image-preview":"max-image-preview:large","max-video-preview":"max-video-preview:-1"},"canonical":"https:\/\/zlcopenhagen.com\/da\/begrebsanalyse\/","og_locale":"da_DK","og_type":"article","og_title":"ZLCOPENHAGEN | Cross-Cultural Menswear & Ethical Style","og_description":"Discover ZLCOPENHAGEN: Danish-Punjabi fusion in ethical menswear. Born from activism. Built on bold design. Worn with purpose.","og_url":"https:\/\/zlcopenhagen.com\/da\/begrebsanalyse\/","og_site_name":"zlcopenhagen.com","article_modified_time":"2026-03-17T08:26:38+00:00","og_image":[{"width":1908,"height":1062,"url":"https:\/\/zlcopenhagen.com\/wp-content\/uploads\/2014\/11\/zlc-.jpg","type":"image\/jpeg"}],"twitter_card":"summary_large_image","twitter_misc":{"Estimeret l\u00e6setid":"2 minutter"},"schema":{"@context":"https:\/\/schema.org","@graph":[{"@type":"WebPage","@id":"https:\/\/zlcopenhagen.com\/da\/begrebsanalyse\/","url":"https:\/\/zlcopenhagen.com\/da\/begrebsanalyse\/","name":"Begrebsanalyse \u2013 Definitioner og systemforst\u00e5else","isPartOf":{"@id":"https:\/\/zlcopenhagen.com\/#website"},"datePublished":"2026-02-12T13:59:34+00:00","dateModified":"2026-03-17T08:26:38+00:00","description":"Hvad betyder centrale begreber i samfundsdebatten? F\u00e5 analyser af definitioner, historisk baggrund og systemisk betydning.","breadcrumb":{"@id":"https:\/\/zlcopenhagen.com\/da\/begrebsanalyse\/#breadcrumb"},"inLanguage":"da-DK","potentialAction":[{"@type":"ReadAction","target":["https:\/\/zlcopenhagen.com\/da\/begrebsanalyse\/"]}]},{"@type":"BreadcrumbList","@id":"https:\/\/zlcopenhagen.com\/da\/begrebsanalyse\/#breadcrumb","itemListElement":[{"@type":"ListItem","position":1,"name":"Home","item":"https:\/\/zlcopenhagen.com\/da\/"},{"@type":"ListItem","position":2,"name":"BEGREBSANALYSE \u2013 DEFINITIONER, RAMMER OG SYSTEMFORST\u00c5ELSE"}]},{"@type":"WebSite","@id":"https:\/\/zlcopenhagen.com\/#website","url":"https:\/\/zlcopenhagen.com\/","name":"zlcopenhagen.com","description":"","publisher":{"@id":"https:\/\/zlcopenhagen.com\/#organization"},"potentialAction":[{"@type":"SearchAction","target":{"@type":"EntryPoint","urlTemplate":"https:\/\/zlcopenhagen.com\/?s={search_term_string}"},"query-input":{"@type":"PropertyValueSpecification","valueRequired":true,"valueName":"search_term_string"}}],"inLanguage":"da-DK"},{"@type":["Organization","Place"],"@id":"https:\/\/zlcopenhagen.com\/#organization","name":"ZLCOPENHAGEN","alternateName":"ZLCOPENHAGEN","url":"https:\/\/zlcopenhagen.com\/","logo":{"@id":"https:\/\/zlcopenhagen.com\/da\/begrebsanalyse\/#local-main-organization-logo"},"image":{"@id":"https:\/\/zlcopenhagen.com\/da\/begrebsanalyse\/#local-main-organization-logo"},"sameAs":["https:\/\/www.youtube.com\/channel\/UCy7JINwB6DMr2fA9yHpDQJg"],"telephone":[],"openingHoursSpecification":[{"@type":"OpeningHoursSpecification","dayOfWeek":["Monday","Tuesday","Wednesday","Thursday","Friday","Saturday","Sunday"],"opens":"09:00","closes":"17:00"}]},{"@type":"ImageObject","inLanguage":"da-DK","@id":"https:\/\/zlcopenhagen.com\/da\/begrebsanalyse\/#local-main-organization-logo","url":"https:\/\/zlcopenhagen.com\/wp-content\/uploads\/2016\/05\/blog-logo.jpg","contentUrl":"https:\/\/zlcopenhagen.com\/wp-content\/uploads\/2016\/05\/blog-logo.jpg","width":68,"height":68,"caption":"ZLCOPENHAGEN"}]}},"_links":{"self":[{"href":"https:\/\/zlcopenhagen.com\/da\/wp-json\/wp\/v2\/pages\/59288","targetHints":{"allow":["GET"]}}],"collection":[{"href":"https:\/\/zlcopenhagen.com\/da\/wp-json\/wp\/v2\/pages"}],"about":[{"href":"https:\/\/zlcopenhagen.com\/da\/wp-json\/wp\/v2\/types\/page"}],"author":[{"embeddable":true,"href":"https:\/\/zlcopenhagen.com\/da\/wp-json\/wp\/v2\/users\/2"}],"replies":[{"embeddable":true,"href":"https:\/\/zlcopenhagen.com\/da\/wp-json\/wp\/v2\/comments?post=59288"}],"version-history":[{"count":8,"href":"https:\/\/zlcopenhagen.com\/da\/wp-json\/wp\/v2\/pages\/59288\/revisions"}],"predecessor-version":[{"id":60388,"href":"https:\/\/zlcopenhagen.com\/da\/wp-json\/wp\/v2\/pages\/59288\/revisions\/60388"}],"wp:attachment":[{"href":"https:\/\/zlcopenhagen.com\/da\/wp-json\/wp\/v2\/media?parent=59288"}],"curies":[{"name":"wp","href":"https:\/\/api.w.org\/{rel}","templated":true}]}}