{"id":57254,"date":"2026-01-31T06:17:22","date_gmt":"2026-01-31T05:17:22","guid":{"rendered":"https:\/\/zlcopenhagen.com\/?page_id=57254"},"modified":"2026-01-31T06:17:22","modified_gmt":"2026-01-31T05:17:22","slug":"dansk-punjabi-design","status":"publish","type":"page","link":"https:\/\/zlcopenhagen.com\/da\/dansk-punjabi-design\/","title":{"rendered":"DANSK\u2013PUNJABI DESIGN"},"content":{"rendered":"<p>[spb_video link=&#8221;https:\/\/www.youtube.com\/watch?v=IdShCKR-tsQ&#8221; remove_related=&#8221;yes&#8221; autoplay=&#8221;no&#8221; full_width=&#8221;no&#8221; width=&#8221;1\/1&#8243; el_position=&#8221;first last&#8221;] [spb_text_block animation=&#8221;none&#8221; animation_delay=&#8221;0&#8243; simplified_controls=&#8221;yes&#8221; custom_css_percentage=&#8221;no&#8221; padding_vertical=&#8221;0&#8243; padding_horizontal=&#8221;0&#8243; margin_vertical=&#8221;0&#8243; custom_css=&#8221;margin-top: 0px;margin-bottom: 0px;&#8221; border_size=&#8221;0&#8243; border_styling_global=&#8221;default&#8221; width=&#8221;1\/1&#8243; el_position=&#8221;first last&#8221;]<\/p>\n<h2>SKABELSEN AF MIT BRAND<\/h2>\n<h3>Lanceringen af min f\u00f8rste kollektion<\/h3>\n<p>I min f\u00f8rste undert\u00f8jskollektion, som pr\u00e6senteres i denne video, fort\u00e6ller jeg historien om to dragende karakterer: Patrick, en vinduespudser, og Rannva, en karismatisk kvinde. Handlingen udspiller sig i de historiske gader i Magstr\u00e6de i K\u00f8benhavn, hvor et tilf\u00e6ldigt m\u00f8de ant\u00e6nder en intens romance midt i brostenenes charme og de gamle bygningers n\u00e6rv\u00e6r.<\/p>\n<p>Mens Patrick koncentreret passer sit arbejde, fanger Rannvas str\u00e5lende smil hans blik. Et \u00f8jeblik af gensidig tiltr\u00e6kning opst\u00e5r \u2013 stille, men uundg\u00e5eligt. I en modig og intim bev\u00e6gelse afsl\u00f8rer Rannva Patricks formede krop under arbejdst\u00f8jet og t\u00e6nder en passion, der spejler den tidl\u00f8se stemning i omgivelserne.<\/p>\n<p>Deres k\u00e6rlighed, indlejret i stoffet i Patricks undert\u00f8j, bliver et symbol p\u00e5 magien i deres m\u00f8de \u2013 et \u00f8jeblik frosset i tiden blandt K\u00f8benhavns \u00e6ldgamle gader. Historien udfolder sig i samspillet mellem sollys og brosten og indfanger romantikkens essens i byens hjerte.<\/p>\n<p>Med denne kollektion og video inviterer jeg dig til at f\u00f8lge Patrick og Rannva p\u00e5 deres rejse \u2013 en fort\u00e6lling om forbindelse, beg\u00e6r og tilstedev\u00e6relse, hvor hver eneste syning b\u00e6rer sin egen historie.<\/p>\n<p>[\/spb_text_block] [spb_image image=&#8221;31380&#8243; image_size=&#8221;full&#8221; frame=&#8221;noframe&#8221; caption_pos=&#8221;hover&#8221; remove_rounded=&#8221;yes&#8221; fullwidth=&#8221;no&#8221; overflow_mode=&#8221;none&#8221; link_target=&#8221;_self&#8221; lightbox=&#8221;no&#8221; intro_animation=&#8221;none&#8221; animation_delay=&#8221;200&#8243; width=&#8221;1\/1&#8243; el_position=&#8221;first last&#8221;][\/spb_image] [spb_text_block animation=&#8221;none&#8221; animation_delay=&#8221;0&#8243; simplified_controls=&#8221;yes&#8221; custom_css_percentage=&#8221;no&#8221; padding_vertical=&#8221;0&#8243; padding_horizontal=&#8221;0&#8243; margin_vertical=&#8221;0&#8243; custom_css=&#8221;margin-top: 0px;margin-bottom: 0px;&#8221; border_size=&#8221;0&#8243; border_styling_global=&#8221;default&#8221; width=&#8221;1\/1&#8243; el_position=&#8221;first last&#8221;]<\/p>\n<h2>EN BANEBRYDENDE SKABELSE FRA DANMARKS DESIGNSKOLE<\/h2>\n<p>Her introducerer jeg et af mine mest formative projekter fra Danmarks Designskole:<br \/>\n<strong>Reversible Innovation Jacket<\/strong>. En jakke, der udfordrede klassisk herremode ved at forene tidl\u00f8se linjer med moderne funktionalitet.<\/p>\n<p>Jeg kombinerede traditionelle jakkes\u00e6tsstoffer med h\u00f8jtydende sportsmaterialer. Resultatet var ikke blot \u00f8get komfort, men ogs\u00e5 en ny form for funktionel elegance.<\/p>\n<p>Det unikke ved jakken var dens vendbare konstruktion. Med et enkelt greb kunne den transformeres fra klassisk til sporty \u2013 designet til at fungere i flere kontekster uden at g\u00e5 p\u00e5 kompromis med udtrykket.<\/p>\n<p>H\u00e5ndv\u00e6rket var afg\u00f8rende. Hver eneste syning afspejlede min ambition om at skubbe til gr\u00e6nserne og gent\u00e6nke normerne for herremode.<\/p>\n<p>Kollektionen blev designet i K\u00f8benhavn og realiseret i 2008 i samarbejde med dygtige skr\u00e6ddere hos <strong>Dandy Design i Lahore, Pakistan<\/strong>. Det var et st\u00e6rkt \u00f8jeblik at se id\u00e9en tage fysisk form \u2013 fra koncept til f\u00e6rdigt design.<\/p>\n<p><strong>Reversible Innovation Jacket<\/strong> er mere end et stykke t\u00f8j. Den er et m\u00f8de mellem kreativ vision og h\u00e5ndv\u00e6rksm\u00e6ssig pr\u00e6cision \u2013 mellem K\u00f8benhavns designarv og Lahores skr\u00e6ddertraditioner.<\/p>\n<p>Hver syning fort\u00e6ller en historie. En historie om to verdener, smeltet sammen i et b\u00e6rbart udtryk for individualitet, nysgerrighed og innovation.<\/p>\n<p>[\/spb_text_block] [spb_image image_size=&#8221;full&#8221; frame=&#8221;noframe&#8221; caption_pos=&#8221;hover&#8221; remove_rounded=&#8221;yes&#8221; fullwidth=&#8221;no&#8221; overflow_mode=&#8221;none&#8221; link_target=&#8221;_self&#8221; lightbox=&#8221;no&#8221; intro_animation=&#8221;none&#8221; animation_delay=&#8221;200&#8243; width=&#8221;1\/1&#8243; el_position=&#8221;first last&#8221;][\/spb_image] [spb_text_block animation=&#8221;none&#8221; animation_delay=&#8221;0&#8243; simplified_controls=&#8221;yes&#8221; custom_css_percentage=&#8221;no&#8221; padding_vertical=&#8221;0&#8243; padding_horizontal=&#8221;0&#8243; margin_vertical=&#8221;0&#8243; custom_css=&#8221;margin-top: 0px;margin-bottom: 0px;&#8221; border_size=&#8221;0&#8243; border_styling_global=&#8221;default&#8221; width=&#8221;1\/1&#8243; el_position=&#8221;first last&#8221;]<\/p>\n<p>ZLCopenhagen er formet af flere lag \u2013 blandt andet vores arbejde med<br \/>\n<a href=\"https:\/\/zlcopenhagen.com\/da\/dansk-punjabi-design\/\"><strong>Dansk\u2013Punjabi design<\/strong><\/a>, hvor kultur, identitet og herrestil m\u00f8des.<\/p>\n<p>[\/spb_text_block]<\/p>\n","protected":false},"excerpt":{"rendered":"<p>[spb_video link=&#8221;https:\/\/www.youtube.com\/watch?v=IdShCKR-tsQ&#8221; remove_related=&#8221;yes&#8221; autoplay=&#8221;no&#8221; full_width=&#8221;no&#8221; width=&#8221;1\/1&#8243; el_position=&#8221;first last&#8221;] [spb_text_block animation=&#8221;none&#8221; animation_delay=&#8221;0&#8243; simplified_controls=&#8221;yes&#8221; custom_css_percentage=&#8221;no&#8221; padding_vertical=&#8221;0&#8243; padding_horizontal=&#8221;0&#8243; margin_vertical=&#8221;0&#8243; custom_css=&#8221;margin-top: 0px;margin-bottom: 0px;&#8221; border_size=&#8221;0&#8243; border_styling_global=&#8221;default&#8221; width=&#8221;1\/1&#8243; el_position=&#8221;first last&#8221;] SKABELSEN AF MIT BRAND Lanceringen af min f\u00f8rste kollektion I min f\u00f8rste undert\u00f8jskollektion, som pr\u00e6senteres i denne video, fort\u00e6ller jeg historien om to dragende karakterer: Patrick, en vinduespudser, og Rannva, en karismatisk kvinde. Handlingen udspiller sig [&hellip;]<\/p>\n","protected":false},"author":2,"featured_media":0,"parent":0,"menu_order":0,"comment_status":"closed","ping_status":"closed","template":"","meta":{"footnotes":""},"class_list":["post-57254","page","type-page","status-publish","hentry"],"yoast_head":"<!-- This site is optimized with the Yoast SEO Premium plugin v26.6 (Yoast SEO v27.4) - https:\/\/yoast.com\/product\/yoast-seo-premium-wordpress\/ -->\n<title>Dansk\u2013Punjabi Design | Herremode, stil og identitet<\/title>\n<meta name=\"description\" content=\"Dansk\u2013Punjabi design er et kulturelt m\u00f8de mellem dansk minimalisme og punjabi kultur. En fort\u00e6lling om herremode, stil og identitet med r\u00f8dder i K\u00f8benhavn.\" \/>\n<meta name=\"robots\" content=\"index, follow, max-snippet:-1, max-image-preview:large, max-video-preview:-1\" \/>\n<link rel=\"canonical\" href=\"https:\/\/zlcopenhagen.com\/da\/dansk-punjabi-design\/\" \/>\n<meta property=\"og:locale\" content=\"da_DK\" \/>\n<meta property=\"og:type\" content=\"article\" \/>\n<meta property=\"og:title\" content=\"ZLCOPENHAGEN | Cross-Cultural Menswear &amp; Ethical Style\" \/>\n<meta property=\"og:description\" content=\"Discover ZLCOPENHAGEN: Danish-Punjabi fusion in ethical menswear. Born from activism. Built on bold design. Worn with purpose.\" \/>\n<meta property=\"og:url\" content=\"https:\/\/zlcopenhagen.com\/da\/dansk-punjabi-design\/\" \/>\n<meta property=\"og:site_name\" content=\"zlcopenhagen.com\" \/>\n<meta property=\"og:image\" content=\"https:\/\/zlcopenhagen.com\/wp-content\/uploads\/2014\/11\/zlc-.jpg\" \/>\n\t<meta property=\"og:image:width\" content=\"1908\" \/>\n\t<meta property=\"og:image:height\" content=\"1062\" \/>\n\t<meta property=\"og:image:type\" content=\"image\/jpeg\" \/>\n<meta name=\"twitter:card\" content=\"summary_large_image\" \/>\n<meta name=\"twitter:label1\" content=\"Estimeret l\u00e6setid\" \/>\n\t<meta name=\"twitter:data1\" content=\"3 minutter\" \/>\n<!-- \/ Yoast SEO Premium plugin. -->","yoast_head_json":{"title":"Dansk\u2013Punjabi Design | Herremode, stil og identitet","description":"Dansk\u2013Punjabi design er et kulturelt m\u00f8de mellem dansk minimalisme og punjabi kultur. En fort\u00e6lling om herremode, stil og identitet med r\u00f8dder i K\u00f8benhavn.","robots":{"index":"index","follow":"follow","max-snippet":"max-snippet:-1","max-image-preview":"max-image-preview:large","max-video-preview":"max-video-preview:-1"},"canonical":"https:\/\/zlcopenhagen.com\/da\/dansk-punjabi-design\/","og_locale":"da_DK","og_type":"article","og_title":"ZLCOPENHAGEN | Cross-Cultural Menswear & Ethical Style","og_description":"Discover ZLCOPENHAGEN: Danish-Punjabi fusion in ethical menswear. Born from activism. Built on bold design. Worn with purpose.","og_url":"https:\/\/zlcopenhagen.com\/da\/dansk-punjabi-design\/","og_site_name":"zlcopenhagen.com","og_image":[{"width":1908,"height":1062,"url":"https:\/\/zlcopenhagen.com\/wp-content\/uploads\/2014\/11\/zlc-.jpg","type":"image\/jpeg"}],"twitter_card":"summary_large_image","twitter_misc":{"Estimeret l\u00e6setid":"3 minutter"},"schema":{"@context":"https:\/\/schema.org","@graph":[{"@type":"WebPage","@id":"https:\/\/zlcopenhagen.com\/da\/dansk-punjabi-design\/","url":"https:\/\/zlcopenhagen.com\/da\/dansk-punjabi-design\/","name":"Dansk\u2013Punjabi Design | Herremode, stil og identitet","isPartOf":{"@id":"https:\/\/zlcopenhagen.com\/#website"},"datePublished":"2026-01-31T05:17:22+00:00","description":"Dansk\u2013Punjabi design er et kulturelt m\u00f8de mellem dansk minimalisme og punjabi kultur. En fort\u00e6lling om herremode, stil og identitet med r\u00f8dder i K\u00f8benhavn.","breadcrumb":{"@id":"https:\/\/zlcopenhagen.com\/da\/dansk-punjabi-design\/#breadcrumb"},"inLanguage":"da-DK","potentialAction":[{"@type":"ReadAction","target":["https:\/\/zlcopenhagen.com\/da\/dansk-punjabi-design\/"]}]},{"@type":"BreadcrumbList","@id":"https:\/\/zlcopenhagen.com\/da\/dansk-punjabi-design\/#breadcrumb","itemListElement":[{"@type":"ListItem","position":1,"name":"Home","item":"https:\/\/zlcopenhagen.com\/da\/"},{"@type":"ListItem","position":2,"name":"DANSK\u2013PUNJABI DESIGN"}]},{"@type":"WebSite","@id":"https:\/\/zlcopenhagen.com\/#website","url":"https:\/\/zlcopenhagen.com\/","name":"zlcopenhagen.com","description":"","publisher":{"@id":"https:\/\/zlcopenhagen.com\/#organization"},"potentialAction":[{"@type":"SearchAction","target":{"@type":"EntryPoint","urlTemplate":"https:\/\/zlcopenhagen.com\/?s={search_term_string}"},"query-input":{"@type":"PropertyValueSpecification","valueRequired":true,"valueName":"search_term_string"}}],"inLanguage":"da-DK"},{"@type":["Organization","Place"],"@id":"https:\/\/zlcopenhagen.com\/#organization","name":"ZLCOPENHAGEN","alternateName":"ZLCOPENHAGEN","url":"https:\/\/zlcopenhagen.com\/","logo":{"@id":"https:\/\/zlcopenhagen.com\/da\/dansk-punjabi-design\/#local-main-organization-logo"},"image":{"@id":"https:\/\/zlcopenhagen.com\/da\/dansk-punjabi-design\/#local-main-organization-logo"},"sameAs":["https:\/\/www.youtube.com\/channel\/UCy7JINwB6DMr2fA9yHpDQJg"],"telephone":[],"openingHoursSpecification":[{"@type":"OpeningHoursSpecification","dayOfWeek":["Monday","Tuesday","Wednesday","Thursday","Friday","Saturday","Sunday"],"opens":"09:00","closes":"17:00"}]},{"@type":"ImageObject","inLanguage":"da-DK","@id":"https:\/\/zlcopenhagen.com\/da\/dansk-punjabi-design\/#local-main-organization-logo","url":"https:\/\/zlcopenhagen.com\/wp-content\/uploads\/2016\/05\/blog-logo.jpg","contentUrl":"https:\/\/zlcopenhagen.com\/wp-content\/uploads\/2016\/05\/blog-logo.jpg","width":68,"height":68,"caption":"ZLCOPENHAGEN"}]}},"_links":{"self":[{"href":"https:\/\/zlcopenhagen.com\/da\/wp-json\/wp\/v2\/pages\/57254","targetHints":{"allow":["GET"]}}],"collection":[{"href":"https:\/\/zlcopenhagen.com\/da\/wp-json\/wp\/v2\/pages"}],"about":[{"href":"https:\/\/zlcopenhagen.com\/da\/wp-json\/wp\/v2\/types\/page"}],"author":[{"embeddable":true,"href":"https:\/\/zlcopenhagen.com\/da\/wp-json\/wp\/v2\/users\/2"}],"replies":[{"embeddable":true,"href":"https:\/\/zlcopenhagen.com\/da\/wp-json\/wp\/v2\/comments?post=57254"}],"version-history":[{"count":1,"href":"https:\/\/zlcopenhagen.com\/da\/wp-json\/wp\/v2\/pages\/57254\/revisions"}],"predecessor-version":[{"id":57255,"href":"https:\/\/zlcopenhagen.com\/da\/wp-json\/wp\/v2\/pages\/57254\/revisions\/57255"}],"wp:attachment":[{"href":"https:\/\/zlcopenhagen.com\/da\/wp-json\/wp\/v2\/media?parent=57254"}],"curies":[{"name":"wp","href":"https:\/\/api.w.org\/{rel}","templated":true}]}}