{"id":56147,"date":"2026-01-07T15:33:23","date_gmt":"2026-01-07T14:33:23","guid":{"rendered":"https:\/\/zlcopenhagen.com\/que-es-un-shemagh\/"},"modified":"2026-01-12T22:24:32","modified_gmt":"2026-01-12T21:24:32","slug":"hvad-er-palaestinensisk-toerklaede","status":"publish","type":"page","link":"https:\/\/zlcopenhagen.com\/da\/hvad-er-palaestinensisk-toerklaede\/","title":{"rendered":"HVAD ER ET PAL\u00c6STINENSISK T\u00d8RKL\u00c6DE? BETYDNING, HISTORIE OG OPRINDELSE"},"content":{"rendered":"<p>[spb_raw_html width=&#8221;1\/1&#8243; el_position=&#8221;first last&#8221;]JTNDYmxvY2txdW90ZSUyMGNsYXNzJTNEJTIydGlrdG9rLWVtYmVkJTIyJTIwY2l0ZSUzRCUyMmh0dHBzJTNBJTJGJTJGd3d3LnRpa3Rvay5jb20lMkYlNDBtYXRoZXVzY2xsYXVzJTJGdmlkZW8lMkY3NTg5Mzk1OTM3MDUxNjU5NTI3JTIyJTIwZGF0YS12aWRlby1pZCUzRCUyMjc1ODkzOTU5MzcwNTE2NTk1MjclMjIlMjBzdHlsZSUzRCUyMm1heC13aWR0aCUzQSUyMDYwNXB4JTNCbWluLXdpZHRoJTNBJTIwMzI1cHglM0IlMjIlMjAlM0UlMjAlM0NzZWN0aW9uJTNFJTIwJTNDYSUyMHRhcmdldCUzRCUyMl9ibGFuayUyMiUyMHRpdGxlJTNEJTIyJTQwbWF0aGV1c2NsbGF1cyUyMiUyMGhyZWYlM0QlMjJodHRwcyUzQSUyRiUyRnd3dy50aWt0b2suY29tJTJGJTQwbWF0aGV1c2NsbGF1cyUzRnJlZmVyJTNEZW1iZWQlMjIlM0UlNDBtYXRoZXVzY2xsYXVzJTNDJTJGYSUzRSUyMCUzQ3AlM0UlM0MlMkZwJTNFJTIwJTNDYSUyMHRhcmdldCUzRCUyMl9ibGFuayUyMiUyMHRpdGxlJTNEJTIyJUUyJTk5JUFDJTIwWUFNQSUyMC0lMjBEWVNUSU5DVCUyMiUyMGhyZWYlM0QlMjJodHRwcyUzQSUyRiUyRnd3dy50aWt0b2suY29tJTJGbXVzaWMlMkZZQU1BLTc1NjEwNTI5NTMxMjI4ODM1ODUlM0ZyZWZlciUzRGVtYmVkJTIyJTNFJUUyJTk5JUFDJTIwWUFNQSUyMC0lMjBEWVNUSU5DVCUzQyUyRmElM0UlMjAlM0MlMkZzZWN0aW9uJTNFJTIwJTNDJTJGYmxvY2txdW90ZSUzRSUyMCUzQ3NjcmlwdCUyMGFzeW5jJTIwc3JjJTNEJTIyaHR0cHMlM0ElMkYlMkZ3d3cudGlrdG9rLmNvbSUyRmVtYmVkLmpzJTIyJTNFJTNDJTJGc2NyaXB0JTNF[\/spb_raw_html] [spb_text_block animation=&#8221;none&#8221; animation_delay=&#8221;0&#8243; simplified_controls=&#8221;yes&#8221; custom_css_percentage=&#8221;no&#8221; padding_vertical=&#8221;0&#8243; padding_horizontal=&#8221;0&#8243; margin_vertical=&#8221;0&#8243; custom_css=&#8221;margin-top: 0px;margin-bottom: 0px;&#8221; border_size=&#8221;0&#8243; border_styling_global=&#8221;default&#8221; width=&#8221;1\/1&#8243; el_position=&#8221;first last&#8221;]<\/p>\n<h2 data-start=\"199\" data-end=\"272\">HVAD ER ET PAL\u00c6STINENSISK T\u00d8RKL\u00c6DE? BETYDNING, HISTORIE OG OPRINDELSE<\/h2>\n<p data-start=\"274\" data-end=\"541\">Et pal\u00e6stinensisk t\u00f8rkl\u00e6de er et traditionelt hoved- og halst\u00f8rkl\u00e6de, der i dag er kendt verden over under navne som <strong data-start=\"391\" data-end=\"403\">keffiyeh<\/strong> og <strong data-start=\"407\" data-end=\"418\">shemagh<\/strong>. T\u00f8rkl\u00e6det har r\u00f8dder i Mellem\u00f8sten og har gennem generationer v\u00e6ret brugt som praktisk beskyttelse mod sol, st\u00f8v og vind.<\/p>\n<p data-start=\"543\" data-end=\"669\">I dag forbindes det pal\u00e6stinensiske t\u00f8rkl\u00e6de ikke kun med funktion, men ogs\u00e5 med <strong data-start=\"624\" data-end=\"668\">kulturel identitet, historie og symbolik<\/strong>.<\/p>\n<hr data-start=\"671\" data-end=\"674\" \/>\n<h3 data-start=\"676\" data-end=\"722\">HVAD BETYDER DET PAL\u00c6STINENSISKE T\u00d8RKL\u00c6DE?<\/h3>\n<p data-start=\"724\" data-end=\"999\">N\u00e5r mange s\u00f8ger p\u00e5 <em data-start=\"743\" data-end=\"773\">pal\u00e6stina t\u00f8rkl\u00e6de betydning<\/em> eller <em data-start=\"780\" data-end=\"800\">keffiyeh betydning<\/em>, handler det ofte om mere end selve t\u00f8jet.<br data-start=\"843\" data-end=\"846\" \/>T\u00f8rkl\u00e6det er for mange blevet et symbol p\u00e5 tilh\u00f8rsforhold, modstandskraft og solidaritet, men betydningen kan variere afh\u00e6ngigt af kontekst, tid og sted.<\/p>\n<p data-start=\"1001\" data-end=\"1201\">For nogle repr\u00e6senterer det kulturel arv.<br data-start=\"1042\" data-end=\"1045\" \/>For andre er det et politisk eller historisk symbol.<br data-start=\"1097\" data-end=\"1100\" \/>Og for mange bruges det i dag ganske enkelt som et t\u00f8rkl\u00e6de med en st\u00e6rk visuel og kulturel baggrund.<\/p>\n<p data-start=\"1203\" data-end=\"1288\">Der findes ikke \u00e9n entydig betydning \u2014 og netop d\u00e9t er en del af t\u00f8rkl\u00e6dets historie.<\/p>\n<hr data-start=\"1290\" data-end=\"1293\" \/>\n<h3 data-start=\"1295\" data-end=\"1365\">KEFFIYEH, SHEMAGH OG PAL\u00c6STINENSISK T\u00d8RKL\u00c6DE \u2013 HVAD ER FORSKELLEN?<\/h3>\n<p data-start=\"1367\" data-end=\"1398\">Begreberne bruges ofte i fl\u00e6ng:<\/p>\n<ul data-start=\"1400\" data-end=\"1584\">\n<li data-start=\"1400\" data-end=\"1464\">\n<p data-start=\"1402\" data-end=\"1464\"><strong data-start=\"1402\" data-end=\"1429\">Pal\u00e6stinensisk t\u00f8rkl\u00e6de<\/strong> bruges typisk i dansk sammenh\u00e6ng<\/p>\n<\/li>\n<li data-start=\"1465\" data-end=\"1528\">\n<p data-start=\"1467\" data-end=\"1528\"><strong data-start=\"1467\" data-end=\"1479\">Keffiyeh<\/strong> er den mest udbredte internationale betegnelse<\/p>\n<\/li>\n<li data-start=\"1529\" data-end=\"1584\">\n<p data-start=\"1531\" data-end=\"1584\"><strong data-start=\"1531\" data-end=\"1542\">Shemagh<\/strong> bruges is\u00e6r i andre dele af Mellem\u00f8sten<\/p>\n<\/li>\n<\/ul>\n<p data-start=\"1586\" data-end=\"1764\">Grundl\u00e6ggende beskriver de samme type t\u00f8rkl\u00e6de, men med regionale og sproglige variationer.<br data-start=\"1677\" data-end=\"1680\" \/>M\u00f8nstre, farver og navne kan \u00e6ndre sig \u2014 men oprindelsen og funktionen er besl\u00e6gtet.<\/p>\n<hr data-start=\"1766\" data-end=\"1769\" \/>\n<h3 data-start=\"1771\" data-end=\"1798\">HISTORIEN BAG T\u00d8RKL\u00c6DET<\/h3>\n<p data-start=\"1800\" data-end=\"2033\">Historisk blev keffiyehen brugt af landarbejdere og nomader som beskyttelse mod klimaet. Over tid blev t\u00f8rkl\u00e6det ogs\u00e5 et synligt kulturelt kendetegn og senere et symbol, der blev knyttet til st\u00f8rre historiske og politiske bev\u00e6gelser.<\/p>\n<p data-start=\"2035\" data-end=\"2237\">N\u00e5r man i dag s\u00f8ger p\u00e5 <em data-start=\"2058\" data-end=\"2077\">keffiyeh historie<\/em> eller <em data-start=\"2084\" data-end=\"2118\">pal\u00e6stinensisk t\u00f8rkl\u00e6de historie<\/em>, handler det ofte om at forst\u00e5, hvordan et simpelt stykke stof har f\u00e5et s\u00e5 stor betydning \u2014 b\u00e5de regionalt og globalt.<\/p>\n<hr data-start=\"2239\" data-end=\"2242\" \/>\n<h3 data-start=\"2244\" data-end=\"2298\">PARTISANER T\u00d8RKL\u00c6DE \u2013 HVOR KOMMER BETEGNELSEN FRA?<\/h3>\n<p data-start=\"2300\" data-end=\"2531\">I nogle europ\u00e6iske lande omtales t\u00f8rkl\u00e6det ogs\u00e5 som et <strong data-start=\"2355\" data-end=\"2378\">partisaner t\u00f8rkl\u00e6de<\/strong>. Betegnelsen opstod i forbindelse med politiske bev\u00e6gelser og solidaritetshandlinger i det 20. \u00e5rhundrede, hvor t\u00f8rkl\u00e6det blev brugt som visuelt symbol.<\/p>\n<p data-start=\"2533\" data-end=\"2660\">I dag bruges udtrykket prim\u00e6rt historisk eller kulturelt og d\u00e6kker samme type t\u00f8rkl\u00e6de som keffiyeh og pal\u00e6stinensisk t\u00f8rkl\u00e6de.<\/p>\n<hr data-start=\"2662\" data-end=\"2665\" \/>\n<h3 data-start=\"2667\" data-end=\"2722\">HVORFOR INTERESSERER FOLK SIG STADIG FOR DET I DAG?<\/h3>\n<p data-start=\"2724\" data-end=\"2813\">Interessen for pal\u00e6stinensiske t\u00f8rkl\u00e6der er vokset i takt med, at flere \u00f8nsker at forst\u00e5:<\/p>\n<ul data-start=\"2814\" data-end=\"2921\">\n<li data-start=\"2814\" data-end=\"2843\">\n<p data-start=\"2816\" data-end=\"2843\">hvor produkter kommer fra<\/p>\n<\/li>\n<li data-start=\"2844\" data-end=\"2873\">\n<p data-start=\"2846\" data-end=\"2873\">hvilken historie de b\u00e6rer<\/p>\n<\/li>\n<li data-start=\"2874\" data-end=\"2921\">\n<p data-start=\"2876\" data-end=\"2921\">hvad symboler betyder i en moderne kontekst<\/p>\n<\/li>\n<\/ul>\n<p data-start=\"2923\" data-end=\"3019\">For nogle handler det om identitet og kultur.<br data-start=\"2968\" data-end=\"2971\" \/>For andre om historie, etik eller bevidste valg.<\/p>\n<p data-start=\"3021\" data-end=\"3136\">At forst\u00e5, hvad et pal\u00e6stinensisk t\u00f8rkl\u00e6de er, betyder ikke n\u00f8dvendigvis at tage stilling \u2014 men at v\u00e6re informeret.<\/p>\n<hr data-start=\"3138\" data-end=\"3141\" \/>\n<h3 data-start=\"3143\" data-end=\"3158\">OPSUMMERING<\/h3>\n<p data-start=\"3160\" data-end=\"3355\">Et pal\u00e6stinensisk t\u00f8rkl\u00e6de \u2014 ogs\u00e5 kendt som keffiyeh eller shemagh \u2014 er mere end et stykke stof. Det er et produkt med dybe historiske r\u00f8dder, mange lag af betydning og en fortsat relevans i dag.<\/p>\n<p data-start=\"3357\" data-end=\"3475\">At kende historien bag giver mulighed for at se t\u00f8rkl\u00e6det i sin fulde kontekst \u2014 kulturelt, historisk og menneskeligt.<\/p>\n<p>[\/spb_text_block] [spb_image image=&#8221;30961&#8243; image_size=&#8221;full&#8221; frame=&#8221;noframe&#8221; caption_pos=&#8221;hover&#8221; remove_rounded=&#8221;yes&#8221; fullwidth=&#8221;no&#8221; overflow_mode=&#8221;none&#8221; link_target=&#8221;_self&#8221; lightbox=&#8221;no&#8221; intro_animation=&#8221;none&#8221; animation_delay=&#8221;200&#8243; width=&#8221;1\/1&#8243; el_position=&#8221;first last&#8221;][\/spb_image]<\/p>\n","protected":false},"excerpt":{"rendered":"<p>[spb_raw_html width=&#8221;1\/1&#8243; el_position=&#8221;first last&#8221;]JTNDYmxvY2txdW90ZSUyMGNsYXNzJTNEJTIydGlrdG9rLWVtYmVkJTIyJTIwY2l0ZSUzRCUyMmh0dHBzJTNBJTJGJTJGd3d3LnRpa3Rvay5jb20lMkYlNDBtYXRoZXVzY2xsYXVzJTJGdmlkZW8lMkY3NTg5Mzk1OTM3MDUxNjU5NTI3JTIyJTIwZGF0YS12aWRlby1pZCUzRCUyMjc1ODkzOTU5MzcwNTE2NTk1MjclMjIlMjBzdHlsZSUzRCUyMm1heC13aWR0aCUzQSUyMDYwNXB4JTNCbWluLXdpZHRoJTNBJTIwMzI1cHglM0IlMjIlMjAlM0UlMjAlM0NzZWN0aW9uJTNFJTIwJTNDYSUyMHRhcmdldCUzRCUyMl9ibGFuayUyMiUyMHRpdGxlJTNEJTIyJTQwbWF0aGV1c2NsbGF1cyUyMiUyMGhyZWYlM0QlMjJodHRwcyUzQSUyRiUyRnd3dy50aWt0b2suY29tJTJGJTQwbWF0aGV1c2NsbGF1cyUzRnJlZmVyJTNEZW1iZWQlMjIlM0UlNDBtYXRoZXVzY2xsYXVzJTNDJTJGYSUzRSUyMCUzQ3AlM0UlM0MlMkZwJTNFJTIwJTNDYSUyMHRhcmdldCUzRCUyMl9ibGFuayUyMiUyMHRpdGxlJTNEJTIyJUUyJTk5JUFDJTIwWUFNQSUyMC0lMjBEWVNUSU5DVCUyMiUyMGhyZWYlM0QlMjJodHRwcyUzQSUyRiUyRnd3dy50aWt0b2suY29tJTJGbXVzaWMlMkZZQU1BLTc1NjEwNTI5NTMxMjI4ODM1ODUlM0ZyZWZlciUzRGVtYmVkJTIyJTNFJUUyJTk5JUFDJTIwWUFNQSUyMC0lMjBEWVNUSU5DVCUzQyUyRmElM0UlMjAlM0MlMkZzZWN0aW9uJTNFJTIwJTNDJTJGYmxvY2txdW90ZSUzRSUyMCUzQ3NjcmlwdCUyMGFzeW5jJTIwc3JjJTNEJTIyaHR0cHMlM0ElMkYlMkZ3d3cudGlrdG9rLmNvbSUyRmVtYmVkLmpzJTIyJTNFJTNDJTJGc2NyaXB0JTNF[\/spb_raw_html] [spb_text_block animation=&#8221;none&#8221; animation_delay=&#8221;0&#8243; simplified_controls=&#8221;yes&#8221; custom_css_percentage=&#8221;no&#8221; padding_vertical=&#8221;0&#8243; padding_horizontal=&#8221;0&#8243; margin_vertical=&#8221;0&#8243; custom_css=&#8221;margin-top: 0px;margin-bottom: 0px;&#8221; border_size=&#8221;0&#8243; border_styling_global=&#8221;default&#8221; width=&#8221;1\/1&#8243; el_position=&#8221;first last&#8221;] HVAD ER ET PAL\u00c6STINENSISK T\u00d8RKL\u00c6DE? BETYDNING, HISTORIE OG OPRINDELSE Et pal\u00e6stinensisk t\u00f8rkl\u00e6de er et traditionelt hoved- og halst\u00f8rkl\u00e6de, der i dag er kendt verden over under navne som keffiyeh og shemagh. T\u00f8rkl\u00e6det har r\u00f8dder i Mellem\u00f8sten og har gennem generationer [&hellip;]<\/p>\n","protected":false},"author":2,"featured_media":0,"parent":0,"menu_order":0,"comment_status":"closed","ping_status":"closed","template":"","meta":{"footnotes":""},"class_list":["post-56147","page","type-page","status-publish","hentry"],"yoast_head":"<!-- This site is optimized with the Yoast SEO Premium plugin v26.6 (Yoast SEO v27.6) - https:\/\/yoast.com\/product\/yoast-seo-premium-wordpress\/ -->\n<title>Pal\u00e6stinensisk t\u00f8rkl\u00e6de (keffiyeh) \u2013 betydning, historie og oprindelse<\/title>\n<meta name=\"description\" content=\"Hvad er et pal\u00e6stinensisk t\u00f8rkl\u00e6de?L\u00e6s om betydning, historie og oprindelse af det pal\u00e6stinensiske t\u00f8rkl\u00e6de (keffiyeh).\" \/>\n<meta name=\"robots\" content=\"index, follow, max-snippet:-1, max-image-preview:large, max-video-preview:-1\" \/>\n<link rel=\"canonical\" href=\"https:\/\/zlcopenhagen.com\/da\/hvad-er-palaestinensisk-toerklaede\/\" \/>\n<meta property=\"og:locale\" content=\"da_DK\" \/>\n<meta property=\"og:type\" content=\"article\" \/>\n<meta property=\"og:title\" content=\"ZLCOPENHAGEN | Cross-Cultural Menswear &amp; Ethical Style\" \/>\n<meta property=\"og:description\" content=\"Discover ZLCOPENHAGEN: Danish-Punjabi fusion in ethical menswear. Born from activism. Built on bold design. Worn with purpose.\" \/>\n<meta property=\"og:url\" content=\"https:\/\/zlcopenhagen.com\/da\/hvad-er-palaestinensisk-toerklaede\/\" \/>\n<meta property=\"og:site_name\" content=\"zlcopenhagen.com\" \/>\n<meta property=\"article:modified_time\" content=\"2026-01-12T21:24:32+00:00\" \/>\n<meta property=\"og:image\" content=\"https:\/\/zlcopenhagen.com\/wp-content\/uploads\/2014\/11\/zlc-.jpg\" \/>\n\t<meta property=\"og:image:width\" content=\"1908\" \/>\n\t<meta property=\"og:image:height\" content=\"1062\" \/>\n\t<meta property=\"og:image:type\" content=\"image\/jpeg\" \/>\n<meta name=\"twitter:card\" content=\"summary_large_image\" \/>\n<meta name=\"twitter:label1\" content=\"Estimeret l\u00e6setid\" \/>\n\t<meta name=\"twitter:data1\" content=\"3 minutter\" \/>\n<!-- \/ Yoast SEO Premium plugin. -->","yoast_head_json":{"title":"Pal\u00e6stinensisk t\u00f8rkl\u00e6de (keffiyeh) \u2013 betydning, historie og oprindelse","description":"Hvad er et pal\u00e6stinensisk t\u00f8rkl\u00e6de?L\u00e6s om betydning, historie og oprindelse af det pal\u00e6stinensiske t\u00f8rkl\u00e6de (keffiyeh).","robots":{"index":"index","follow":"follow","max-snippet":"max-snippet:-1","max-image-preview":"max-image-preview:large","max-video-preview":"max-video-preview:-1"},"canonical":"https:\/\/zlcopenhagen.com\/da\/hvad-er-palaestinensisk-toerklaede\/","og_locale":"da_DK","og_type":"article","og_title":"ZLCOPENHAGEN | Cross-Cultural Menswear & Ethical Style","og_description":"Discover ZLCOPENHAGEN: Danish-Punjabi fusion in ethical menswear. Born from activism. Built on bold design. Worn with purpose.","og_url":"https:\/\/zlcopenhagen.com\/da\/hvad-er-palaestinensisk-toerklaede\/","og_site_name":"zlcopenhagen.com","article_modified_time":"2026-01-12T21:24:32+00:00","og_image":[{"width":1908,"height":1062,"url":"https:\/\/zlcopenhagen.com\/wp-content\/uploads\/2014\/11\/zlc-.jpg","type":"image\/jpeg"}],"twitter_card":"summary_large_image","twitter_misc":{"Estimeret l\u00e6setid":"3 minutter"},"schema":{"@context":"https:\/\/schema.org","@graph":[{"@type":"WebPage","@id":"https:\/\/zlcopenhagen.com\/da\/hvad-er-palaestinensisk-toerklaede\/","url":"https:\/\/zlcopenhagen.com\/da\/hvad-er-palaestinensisk-toerklaede\/","name":"Pal\u00e6stinensisk t\u00f8rkl\u00e6de (keffiyeh) \u2013 betydning, historie og oprindelse","isPartOf":{"@id":"https:\/\/zlcopenhagen.com\/#website"},"datePublished":"2026-01-07T14:33:23+00:00","dateModified":"2026-01-12T21:24:32+00:00","description":"Hvad er et pal\u00e6stinensisk t\u00f8rkl\u00e6de?L\u00e6s om betydning, historie og oprindelse af det pal\u00e6stinensiske t\u00f8rkl\u00e6de (keffiyeh).","breadcrumb":{"@id":"https:\/\/zlcopenhagen.com\/da\/hvad-er-palaestinensisk-toerklaede\/#breadcrumb"},"inLanguage":"da-DK","potentialAction":[{"@type":"ReadAction","target":["https:\/\/zlcopenhagen.com\/da\/hvad-er-palaestinensisk-toerklaede\/"]}]},{"@type":"BreadcrumbList","@id":"https:\/\/zlcopenhagen.com\/da\/hvad-er-palaestinensisk-toerklaede\/#breadcrumb","itemListElement":[{"@type":"ListItem","position":1,"name":"Home","item":"https:\/\/zlcopenhagen.com\/da\/"},{"@type":"ListItem","position":2,"name":"HVAD ER ET PAL\u00c6STINENSISK T\u00d8RKL\u00c6DE? BETYDNING, HISTORIE OG OPRINDELSE"}]},{"@type":"WebSite","@id":"https:\/\/zlcopenhagen.com\/#website","url":"https:\/\/zlcopenhagen.com\/","name":"zlcopenhagen.com","description":"","publisher":{"@id":"https:\/\/zlcopenhagen.com\/#organization"},"potentialAction":[{"@type":"SearchAction","target":{"@type":"EntryPoint","urlTemplate":"https:\/\/zlcopenhagen.com\/?s={search_term_string}"},"query-input":{"@type":"PropertyValueSpecification","valueRequired":true,"valueName":"search_term_string"}}],"inLanguage":"da-DK"},{"@type":["Organization","Place"],"@id":"https:\/\/zlcopenhagen.com\/#organization","name":"ZLCOPENHAGEN","alternateName":"ZLCOPENHAGEN","url":"https:\/\/zlcopenhagen.com\/","logo":{"@id":"https:\/\/zlcopenhagen.com\/da\/hvad-er-palaestinensisk-toerklaede\/#local-main-organization-logo"},"image":{"@id":"https:\/\/zlcopenhagen.com\/da\/hvad-er-palaestinensisk-toerklaede\/#local-main-organization-logo"},"sameAs":["https:\/\/www.youtube.com\/channel\/UCy7JINwB6DMr2fA9yHpDQJg"],"telephone":[],"openingHoursSpecification":[{"@type":"OpeningHoursSpecification","dayOfWeek":["Monday","Tuesday","Wednesday","Thursday","Friday","Saturday","Sunday"],"opens":"09:00","closes":"17:00"}]},{"@type":"ImageObject","inLanguage":"da-DK","@id":"https:\/\/zlcopenhagen.com\/da\/hvad-er-palaestinensisk-toerklaede\/#local-main-organization-logo","url":"https:\/\/zlcopenhagen.com\/wp-content\/uploads\/2016\/05\/blog-logo.jpg","contentUrl":"https:\/\/zlcopenhagen.com\/wp-content\/uploads\/2016\/05\/blog-logo.jpg","width":68,"height":68,"caption":"ZLCOPENHAGEN"}]}},"_links":{"self":[{"href":"https:\/\/zlcopenhagen.com\/da\/wp-json\/wp\/v2\/pages\/56147","targetHints":{"allow":["GET"]}}],"collection":[{"href":"https:\/\/zlcopenhagen.com\/da\/wp-json\/wp\/v2\/pages"}],"about":[{"href":"https:\/\/zlcopenhagen.com\/da\/wp-json\/wp\/v2\/types\/page"}],"author":[{"embeddable":true,"href":"https:\/\/zlcopenhagen.com\/da\/wp-json\/wp\/v2\/users\/2"}],"replies":[{"embeddable":true,"href":"https:\/\/zlcopenhagen.com\/da\/wp-json\/wp\/v2\/comments?post=56147"}],"version-history":[{"count":3,"href":"https:\/\/zlcopenhagen.com\/da\/wp-json\/wp\/v2\/pages\/56147\/revisions"}],"predecessor-version":[{"id":56152,"href":"https:\/\/zlcopenhagen.com\/da\/wp-json\/wp\/v2\/pages\/56147\/revisions\/56152"}],"wp:attachment":[{"href":"https:\/\/zlcopenhagen.com\/da\/wp-json\/wp\/v2\/media?parent=56147"}],"curies":[{"name":"wp","href":"https:\/\/api.w.org\/{rel}","templated":true}]}}