{"id":55189,"date":"2026-01-08T11:34:21","date_gmt":"2026-01-08T10:34:21","guid":{"rendered":"https:\/\/zlcopenhagen.com\/work\/"},"modified":"2026-01-08T11:52:21","modified_gmt":"2026-01-08T10:52:21","slug":"work","status":"publish","type":"page","link":"https:\/\/zlcopenhagen.com\/da\/work\/","title":{"rendered":"KREATIV PRAKSIS P\u00c5 TV\u00c6RS AF KUNST, DESIGN OG ENGINEERING"},"content":{"rendered":"<p>[spb_text_block animation=&#8221;none&#8221; animation_delay=&#8221;0&#8243; simplified_controls=&#8221;yes&#8221; custom_css_percentage=&#8221;no&#8221; padding_vertical=&#8221;0&#8243; padding_horizontal=&#8221;0&#8243; margin_vertical=&#8221;0&#8243; custom_css=&#8221;margin-top: 0px;margin-bottom: 0px;&#8221; border_size=&#8221;0&#8243; border_styling_global=&#8221;default&#8221; width=&#8221;1\/1&#8243; el_position=&#8221;first last&#8221;]<\/p>\n<h1 data-start=\"132\" data-end=\"192\">EN KREATIV PRAKSIS FORMET AF NYSGERRIGHED OG UDFORSKNING<\/h1>\n<p data-start=\"194\" data-end=\"447\">Dette rum pr\u00e6senterer et udvalg af arbejde udviklet gennem nysgerrighed, eksperimenter og vedvarende unders\u00f8gelser.<br data-start=\"309\" data-end=\"312\" \/>P\u00e5 tv\u00e6rs af formater og kontekster afspejler arbejdet \u00e9n sammenh\u00e6ngende m\u00e5de at t\u00e6nke p\u00e5 \u2014 udtrykt gennem kunst, design og engineering.<\/p>\n<hr data-start=\"449\" data-end=\"452\" \/>\n<h2 data-start=\"454\" data-end=\"461\">ARBEJDSOMR\u00c5DER<\/h2>\n<p data-start=\"491\" data-end=\"585\"><strong data-start=\"491\" data-end=\"500\">KUNST<\/strong><br data-start=\"500\" data-end=\"503\" \/>Malerier, akvareller og visuelle v\u00e6rker, der unders\u00f8ger form, materiale og udtryk.<\/p>\n<p data-start=\"596\" data-end=\"700\"><strong data-start=\"596\" data-end=\"609\">PROJEKTER<\/strong><br data-start=\"609\" data-end=\"612\" \/>Tv\u00e6rfaglige og forskningsbaserede projekter udviklet gennem eksperimenter og samarbejde.<\/p>\n<p data-start=\"711\" data-end=\"822\"><strong data-start=\"711\" data-end=\"727\">UDSTILLINGER<\/strong><br data-start=\"727\" data-end=\"730\" \/>Solo- og gruppeudstillinger, hvor arbejdet pr\u00e6senteres i fysiske og kuratoriske sammenh\u00e6nge.<\/p>\n<p data-start=\"833\" data-end=\"920\"><strong data-start=\"833\" data-end=\"848\">DESIGNSKOLE<\/strong><br data-start=\"848\" data-end=\"851\" \/>Uddannelse, proces og grundl\u00e6ggende arbejde udviklet p\u00e5 designskolen.<\/p>\n<p data-start=\"931\" data-end=\"1043\"><strong data-start=\"931\" data-end=\"948\">DTU-PROJEKTER<\/strong><br data-start=\"948\" data-end=\"951\" \/>Engineering-baserede projekter med fokus p\u00e5 teknologi, systemer og anvendt eksperimentering.<\/p>\n<p>[\/spb_text_block]<\/p>\n","protected":false},"excerpt":{"rendered":"<p>[spb_text_block animation=&#8221;none&#8221; animation_delay=&#8221;0&#8243; simplified_controls=&#8221;yes&#8221; custom_css_percentage=&#8221;no&#8221; padding_vertical=&#8221;0&#8243; padding_horizontal=&#8221;0&#8243; margin_vertical=&#8221;0&#8243; custom_css=&#8221;margin-top: 0px;margin-bottom: 0px;&#8221; border_size=&#8221;0&#8243; border_styling_global=&#8221;default&#8221; width=&#8221;1\/1&#8243; el_position=&#8221;first last&#8221;] EN KREATIV PRAKSIS FORMET AF NYSGERRIGHED OG UDFORSKNING Dette rum pr\u00e6senterer et udvalg af arbejde udviklet gennem nysgerrighed, eksperimenter og vedvarende unders\u00f8gelser.P\u00e5 tv\u00e6rs af formater og kontekster afspejler arbejdet \u00e9n sammenh\u00e6ngende m\u00e5de at t\u00e6nke p\u00e5 \u2014 udtrykt gennem kunst, design og engineering. ARBEJDSOMR\u00c5DER KUNSTMalerier, [&hellip;]<\/p>\n","protected":false},"author":2,"featured_media":0,"parent":0,"menu_order":0,"comment_status":"closed","ping_status":"closed","template":"","meta":{"footnotes":""},"class_list":["post-55189","page","type-page","status-publish","hentry"],"yoast_head":"<!-- This site is optimized with the Yoast SEO Premium plugin v26.6 (Yoast SEO v27.4) - https:\/\/yoast.com\/product\/yoast-seo-premium-wordpress\/ -->\n<title>Work \u2014 Kreativ praksis p\u00e5 tv\u00e6rs af kunst, design og engineering<\/title>\n<meta name=\"description\" content=\"Udvalgt kreativt arbejde drevet af nysgerrighed og eksperimenter \u2014 kunst, designuddannelse, engineering-projekter, udstillinger og tv\u00e6rfagligt arbejde.\" \/>\n<meta name=\"robots\" content=\"index, follow, max-snippet:-1, max-image-preview:large, max-video-preview:-1\" \/>\n<link rel=\"canonical\" href=\"https:\/\/zlcopenhagen.com\/da\/work\/\" \/>\n<meta property=\"og:locale\" content=\"da_DK\" \/>\n<meta property=\"og:type\" content=\"article\" \/>\n<meta property=\"og:title\" content=\"ZLCOPENHAGEN | Cross-Cultural Menswear &amp; Ethical Style\" \/>\n<meta property=\"og:description\" content=\"Discover ZLCOPENHAGEN: Danish-Punjabi fusion in ethical menswear. Born from activism. Built on bold design. Worn with purpose.\" \/>\n<meta property=\"og:url\" content=\"https:\/\/zlcopenhagen.com\/da\/work\/\" \/>\n<meta property=\"og:site_name\" content=\"zlcopenhagen.com\" \/>\n<meta property=\"article:modified_time\" content=\"2026-01-08T10:52:21+00:00\" \/>\n<meta property=\"og:image\" content=\"https:\/\/zlcopenhagen.com\/wp-content\/uploads\/2014\/11\/zlc-.jpg\" \/>\n\t<meta property=\"og:image:width\" content=\"1908\" \/>\n\t<meta property=\"og:image:height\" content=\"1062\" \/>\n\t<meta property=\"og:image:type\" content=\"image\/jpeg\" \/>\n<meta name=\"twitter:card\" content=\"summary_large_image\" \/>\n<meta name=\"twitter:label1\" content=\"Estimeret l\u00e6setid\" \/>\n\t<meta name=\"twitter:data1\" content=\"1 minut\" \/>\n<!-- \/ Yoast SEO Premium plugin. -->","yoast_head_json":{"title":"Work \u2014 Kreativ praksis p\u00e5 tv\u00e6rs af kunst, design og engineering","description":"Udvalgt kreativt arbejde drevet af nysgerrighed og eksperimenter \u2014 kunst, designuddannelse, engineering-projekter, udstillinger og tv\u00e6rfagligt arbejde.","robots":{"index":"index","follow":"follow","max-snippet":"max-snippet:-1","max-image-preview":"max-image-preview:large","max-video-preview":"max-video-preview:-1"},"canonical":"https:\/\/zlcopenhagen.com\/da\/work\/","og_locale":"da_DK","og_type":"article","og_title":"ZLCOPENHAGEN | Cross-Cultural Menswear & Ethical Style","og_description":"Discover ZLCOPENHAGEN: Danish-Punjabi fusion in ethical menswear. Born from activism. Built on bold design. Worn with purpose.","og_url":"https:\/\/zlcopenhagen.com\/da\/work\/","og_site_name":"zlcopenhagen.com","article_modified_time":"2026-01-08T10:52:21+00:00","og_image":[{"width":1908,"height":1062,"url":"https:\/\/zlcopenhagen.com\/wp-content\/uploads\/2014\/11\/zlc-.jpg","type":"image\/jpeg"}],"twitter_card":"summary_large_image","twitter_misc":{"Estimeret l\u00e6setid":"1 minut"},"schema":{"@context":"https:\/\/schema.org","@graph":[{"@type":"WebPage","@id":"https:\/\/zlcopenhagen.com\/da\/work\/","url":"https:\/\/zlcopenhagen.com\/da\/work\/","name":"Work \u2014 Kreativ praksis p\u00e5 tv\u00e6rs af kunst, design og engineering","isPartOf":{"@id":"https:\/\/zlcopenhagen.com\/#website"},"datePublished":"2026-01-08T10:34:21+00:00","dateModified":"2026-01-08T10:52:21+00:00","description":"Udvalgt kreativt arbejde drevet af nysgerrighed og eksperimenter \u2014 kunst, designuddannelse, engineering-projekter, udstillinger og tv\u00e6rfagligt arbejde.","breadcrumb":{"@id":"https:\/\/zlcopenhagen.com\/da\/work\/#breadcrumb"},"inLanguage":"da-DK","potentialAction":[{"@type":"ReadAction","target":["https:\/\/zlcopenhagen.com\/da\/work\/"]}]},{"@type":"BreadcrumbList","@id":"https:\/\/zlcopenhagen.com\/da\/work\/#breadcrumb","itemListElement":[{"@type":"ListItem","position":1,"name":"Home","item":"https:\/\/zlcopenhagen.com\/da\/"},{"@type":"ListItem","position":2,"name":"KREATIV PRAKSIS P\u00c5 TV\u00c6RS AF KUNST, DESIGN OG ENGINEERING"}]},{"@type":"WebSite","@id":"https:\/\/zlcopenhagen.com\/#website","url":"https:\/\/zlcopenhagen.com\/","name":"zlcopenhagen.com","description":"","publisher":{"@id":"https:\/\/zlcopenhagen.com\/#organization"},"potentialAction":[{"@type":"SearchAction","target":{"@type":"EntryPoint","urlTemplate":"https:\/\/zlcopenhagen.com\/?s={search_term_string}"},"query-input":{"@type":"PropertyValueSpecification","valueRequired":true,"valueName":"search_term_string"}}],"inLanguage":"da-DK"},{"@type":["Organization","Place"],"@id":"https:\/\/zlcopenhagen.com\/#organization","name":"ZLCOPENHAGEN","alternateName":"ZLCOPENHAGEN","url":"https:\/\/zlcopenhagen.com\/","logo":{"@id":"https:\/\/zlcopenhagen.com\/da\/work\/#local-main-organization-logo"},"image":{"@id":"https:\/\/zlcopenhagen.com\/da\/work\/#local-main-organization-logo"},"sameAs":["https:\/\/www.youtube.com\/channel\/UCy7JINwB6DMr2fA9yHpDQJg"],"telephone":[],"openingHoursSpecification":[{"@type":"OpeningHoursSpecification","dayOfWeek":["Monday","Tuesday","Wednesday","Thursday","Friday","Saturday","Sunday"],"opens":"09:00","closes":"17:00"}]},{"@type":"ImageObject","inLanguage":"da-DK","@id":"https:\/\/zlcopenhagen.com\/da\/work\/#local-main-organization-logo","url":"https:\/\/zlcopenhagen.com\/wp-content\/uploads\/2016\/05\/blog-logo.jpg","contentUrl":"https:\/\/zlcopenhagen.com\/wp-content\/uploads\/2016\/05\/blog-logo.jpg","width":68,"height":68,"caption":"ZLCOPENHAGEN"}]}},"_links":{"self":[{"href":"https:\/\/zlcopenhagen.com\/da\/wp-json\/wp\/v2\/pages\/55189","targetHints":{"allow":["GET"]}}],"collection":[{"href":"https:\/\/zlcopenhagen.com\/da\/wp-json\/wp\/v2\/pages"}],"about":[{"href":"https:\/\/zlcopenhagen.com\/da\/wp-json\/wp\/v2\/types\/page"}],"author":[{"embeddable":true,"href":"https:\/\/zlcopenhagen.com\/da\/wp-json\/wp\/v2\/users\/2"}],"replies":[{"embeddable":true,"href":"https:\/\/zlcopenhagen.com\/da\/wp-json\/wp\/v2\/comments?post=55189"}],"version-history":[{"count":3,"href":"https:\/\/zlcopenhagen.com\/da\/wp-json\/wp\/v2\/pages\/55189\/revisions"}],"predecessor-version":[{"id":55196,"href":"https:\/\/zlcopenhagen.com\/da\/wp-json\/wp\/v2\/pages\/55189\/revisions\/55196"}],"wp:attachment":[{"href":"https:\/\/zlcopenhagen.com\/da\/wp-json\/wp\/v2\/media?parent=55189"}],"curies":[{"name":"wp","href":"https:\/\/api.w.org\/{rel}","templated":true}]}}