{"id":52825,"date":"2015-01-01T11:39:28","date_gmt":"2015-01-01T11:39:28","guid":{"rendered":"https:\/\/zlcopenhagen.com\/journal\/"},"modified":"2026-03-14T21:08:25","modified_gmt":"2026-03-14T20:08:25","slug":"journal","status":"publish","type":"page","link":"https:\/\/zlcopenhagen.com\/da\/journal\/","title":{"rendered":"EDITORIAL JOURNAL \u2014 DESIGN, KULTUR &#038; MENNESKERETTIGHEDER"},"content":{"rendered":"<p>[spb_text_block animation=&#8221;none&#8221; animation_delay=&#8221;0&#8243; simplified_controls=&#8221;yes&#8221; custom_css_percentage=&#8221;no&#8221; padding_vertical=&#8221;0&#8243; padding_horizontal=&#8221;0&#8243; margin_vertical=&#8221;0&#8243; custom_css=&#8221;margin-top: 0px;margin-bottom: 0px;&#8221; border_size=&#8221;0&#8243; border_styling_global=&#8221;default&#8221; width=&#8221;1\/1&#8243; el_position=&#8221;first last&#8221;]<\/p>\n<h2 data-start=\"149\" data-end=\"174\">ZLCOPENHAGEN JOURNAL<\/h2>\n<p data-start=\"175\" data-end=\"237\"><strong data-start=\"175\" data-end=\"237\">DESIGN, KULTUR &amp; MENNESKERETTIGHEDER \u2014 EN PERSONLIG DAGBOG<\/strong><\/p>\n<p data-start=\"239\" data-end=\"541\">ZLCopenhagen Journal er det editoriale rum for et dansk designbrand, hvor menneskerettigheder, kultur og kreativ aktivisme udforskes gennem kunst, mode og personlige refleksioner.<br data-start=\"418\" data-end=\"421\" \/>Det er ikke et nyhedsmedie.<br data-start=\"448\" data-end=\"451\" \/>Det er et journal \u2014 et sted for historier, v\u00e6rdier og den mening, der ligger bag designet.<\/p>\n<p data-start=\"543\" data-end=\"796\">Efter begivenhederne den 7. oktober m\u00e6rkede jeg en dyb sorg og et st\u00e6rkt behov for at handle. Gennem ZLCOPENHAGEN valgte jeg at bruge min kreative platform til at st\u00e5 op for v\u00e6rdighed, retf\u00e6rdighed og menneskelighed \u2014 d\u00e9r hvor stemmer bliver tiet ihjel.<\/p>\n<p data-start=\"798\" data-end=\"1113\">Dette arbejde er dybt personligt. Det er inspireret af min mor, hvis medf\u00f8lelse og styrke guider mig hver eneste dag. I hendes \u00e5nd dedikerer jeg mine designs, mine ord og min energi til at skabe arbejde med mening. Hvert produkt er mere end en vare \u2014 det er en del af en st\u00f8rre samtale om respekt, frihed og ansvar.<\/p>\n<hr data-start=\"1115\" data-end=\"1118\" \/>\n<h2 data-start=\"1120\" data-end=\"1154\">KREATIV AKTIVISME GENNEM DESIGN<\/h2>\n<p data-start=\"1156\" data-end=\"1461\">ZLCopenhagen Journal st\u00e5r sammen med mennesker, der er ramt af uretf\u00e6rdighed verden over \u2014 herunder i Pal\u00e6stina, Yemen og andre steder, hvor basale menneskerettigheder n\u00e6gtes. Gennem b\u00e6redygtigt design og kreativt udtryk s\u00e6tter journalet fokus p\u00e5 disse virkeligheder og inviterer til refleksion og dialog.<\/p>\n<p data-start=\"1463\" data-end=\"1678\">Platformen er fuldt uafh\u00e6ngig. Den er ikke finansieret af virksomheder eller politiske organisationer, men b\u00e6res af mennesker, der v\u00e6rds\u00e6tter \u00e6rlig historiefort\u00e6lling, kreativitet og menneskecentrerede perspektiver.<\/p>\n<hr data-start=\"1680\" data-end=\"1683\" \/>\n<h2 data-start=\"1685\" data-end=\"1722\">S\u00c5DAN KAN DU V\u00c6RE EN DEL AF REJSEN<\/h2>\n<p data-start=\"1724\" data-end=\"1816\"><strong data-start=\"1724\" data-end=\"1742\">St\u00f8t journalet<\/strong><br data-start=\"1742\" data-end=\"1745\" \/>Bidrag hj\u00e6lper med at holde dette editoriale rum levende og uafh\u00e6ngigt.<\/p>\n<p data-start=\"1818\" data-end=\"1922\"><strong data-start=\"1818\" data-end=\"1835\">B\u00e6r budskabet<\/strong><br data-start=\"1835\" data-end=\"1838\" \/>Hvert k\u00f8b st\u00f8tter kreativt arbejde forankret i v\u00e6rdier, form\u00e5l og social bevidsthed.<\/p>\n<p data-start=\"1924\" data-end=\"2023\"><strong data-start=\"1924\" data-end=\"1943\">Del historierne<\/strong><br data-start=\"1943\" data-end=\"1946\" \/>Forandring begynder med samtale. At dele historier er en handling i sig selv.<\/p>\n<p data-start=\"2025\" data-end=\"2163\"><strong data-start=\"2025\" data-end=\"2037\">F\u00f8lg med<\/strong><br data-start=\"2037\" data-end=\"2040\" \/>Bliv en del af journalet, n\u00e5r det forts\u00e6tter med at udforske kultur, design og menneskerettigheder gennem et kreativt blik.<\/p>\n<p>[\/spb_text_block] [spb_blank_spacer height=&#8221;30px&#8221; width=&#8221;1\/1&#8243; el_position=&#8221;first last&#8221;] [spb_blog element_name=&#8221;ARCHIVE&#8221; blog_type=&#8221;masonry&#8221; gutters=&#8221;yes&#8221; columns=&#8221;3&#8243; fullwidth=&#8221;yes&#8221; item_count=&#8221;6&#8243; category=&#8221;All&#8221; offset=&#8221;0&#8243; order_by=&#8221;date&#8221; order=&#8221;DESC&#8221; show_title=&#8221;yes&#8221; show_excerpt=&#8221;yes&#8221; show_details=&#8221;yes&#8221; excerpt_length=&#8221;20&#8243; content_output=&#8221;excerpt&#8221; show_read_more=&#8221;yes&#8221; social_integration=&#8221;no&#8221; twitter_username=&#8221;https:\/\/twitter.com\/zlcopenhagen&#8221; tweet_item_count=&#8221;1&#8243; blog_filter=&#8221;yes&#8221; pagination=&#8221;infinite-scroll&#8221; alt_styling=&#8221;yes&#8221; width=&#8221;1\/1&#8243; el_position=&#8221;first last&#8221;] [spb_blank_spacer height=&#8221;30px&#8221; width=&#8221;1\/1&#8243; el_position=&#8221;first last&#8221;] [spb_blank_spacer height=&#8221;30px&#8221; width=&#8221;1\/1&#8243; el_position=&#8221;first last&#8221;] [spb_blank_spacer height=&#8221;30px&#8221; width=&#8221;1\/1&#8243; el_position=&#8221;first last&#8221;] [spb_blank_spacer height=&#8221;30px&#8221; width=&#8221;1\/1&#8243; el_position=&#8221;first last&#8221;] [spb_button button_text=&#8221;DONATE PLS&#8221; button_size=&#8221;large&#8221; button_colour=&#8221;grey&#8221; button_type=&#8221;standard&#8221; rounded=&#8221;no&#8221; button_dropshadow=&#8221;no&#8221; button_icon=&#8221;fas fa-angle-right&#8221; button_link=&#8221;https:\/\/10er.com\/zlcopenhagen&#8221; button_target=&#8221;_blank&#8221; align=&#8221;center&#8221; animation=&#8221;bounce&#8221; animation_delay=&#8221;0&#8243; width=&#8221;1\/1&#8243; el_position=&#8221;first last&#8221;] [spb_blank_spacer height=&#8221;30px&#8221; width=&#8221;1\/1&#8243; el_position=&#8221;first last&#8221;] [spb_text_block animation=&#8221;none&#8221; animation_delay=&#8221;0&#8243; simplified_controls=&#8221;yes&#8221; custom_css_percentage=&#8221;no&#8221; padding_vertical=&#8221;0&#8243; padding_horizontal=&#8221;0&#8243; margin_vertical=&#8221;0&#8243; custom_css=&#8221;margin-top: 0px;margin-bottom: 0px;&#8221; border_size=&#8221;0&#8243; border_styling_global=&#8221;default&#8221; width=&#8221;1\/1&#8243; el_position=&#8221;first last&#8221;]<\/p>\n<h2>SUPPORT ZLCOPENHAGEN JOURNAL<\/h2>\n<p>ZLCopenhagen Journal is an independent editorial space rooted in design, culture, and human-centred storytelling.<br \/>\nYour support helps keep this work sustainable and allows time for long-form writing, creative projects, and research-driven content.<\/p>\n<p>Support is optional, reward-based, and without obligation.<\/p>\n<p><strong>How your support helps:<\/strong><\/p>\n<ul>\n<li>Maintains an independent creative journal<\/li>\n<li>Supports writing, design, and editorial work<\/li>\n<li>Enables deeper cultural and human-rights-focused projects<\/li>\n<\/ul>\n<p><strong>Reward-based support means:<\/strong><br \/>\nYou choose to support \u2014 and receive something in return.<\/p>\n<ul>\n<li>PDF poster as a thank-you gift<\/li>\n<li>Personal phone call and thank-you from Zahid Latif<\/li>\n<li>Access to VIP articles and behind-the-scenes content<\/li>\n<\/ul>\n<p>100% secure \u00b7 No binding \u00b7 Fully legal under Danish law<\/p>\n<p style=\"margin-top: 20px;\"><a class=\"donate-button\" href=\"https:\/\/10er.com\/zlcopenhagen\" target=\"_blank\" rel=\"nofollow noopener\"><br \/>\n<strong>SUPPORT THE JOURNAL<\/strong><br \/>\n<\/a><\/p>\n<hr \/>\n<h3>RELATED INDEPENDENT INITIATIVE<\/h3>\n<p><strong>Mediekritisk Netv\u00e6rk<\/strong> is an independent initiative focused on media analysis and transparency.<br \/>\nIt operates separately from ZLCopenhagen Journal and is shared here for reference only.<\/p>\n<p><a href=\"https:\/\/mediekritisk.dk\/2024\/08\/mediekritisk-netvaerk-lancerer-whistleblower-ordning\/\" target=\"_blank\" rel=\"noopener\"><br \/>\nLearn more \u2192<br \/>\n<\/a><\/p>\n<hr \/>\n<h2>CREATIVE FUSION: CULTURAL COMPLEXITY<\/h2>\n<p>This journal reflects a multidisciplinary creative practice shaped by both Eastern and Western cultural traditions.<br \/>\nThrough design, textiles, sustainability, and visual storytelling, my work blends influences ranging from Bollywood vibrance to Arabic calligraphy and Chinese motifs.<\/p>\n<p>This cultural complexity informs every piece I create \u2014 each one a reflection of lived experience, craft, and curiosity.<\/p>\n<p>[\/spb_text_block] [spb_image image=&#8221;30438&#8243; image_size=&#8221;full&#8221; frame=&#8221;shadowframe&#8221; caption_pos=&#8221;hover&#8221; remove_rounded=&#8221;yes&#8221; fullwidth=&#8221;no&#8221; overflow_mode=&#8221;none&#8221; image_link=&#8221;https:\/\/mediekritisk.dk\/2024\/08\/mediekritisk-netvaerk-lancerer-whistleblower-ordning\/&#8221; link_target=&#8221;_blank&#8221; lightbox=&#8221;no&#8221; intro_animation=&#8221;none&#8221; animation_delay=&#8221;200&#8243; width=&#8221;1\/1&#8243; el_position=&#8221;first last&#8221;]<\/p>\n<h1 style=\"text-align: center;\"><a href=\"https:\/\/mediekritisk.dk\/2024\/08\/mediekritisk-netvaerk-lancerer-whistleblower-ordning\/\" target=\"_blank\" rel=\"noopener\">TAKE ACTIONS<\/a><\/h1>\n<p>[\/spb_image] [spb_blank_spacer height=&#8221;30px&#8221; width=&#8221;1\/1&#8243; el_position=&#8221;first last&#8221;]<\/p>\n","protected":false},"excerpt":{"rendered":"<p>[spb_text_block animation=&#8221;none&#8221; animation_delay=&#8221;0&#8243; simplified_controls=&#8221;yes&#8221; custom_css_percentage=&#8221;no&#8221; padding_vertical=&#8221;0&#8243; padding_horizontal=&#8221;0&#8243; margin_vertical=&#8221;0&#8243; custom_css=&#8221;margin-top: 0px;margin-bottom: 0px;&#8221; border_size=&#8221;0&#8243; border_styling_global=&#8221;default&#8221; width=&#8221;1\/1&#8243; el_position=&#8221;first last&#8221;] ZLCOPENHAGEN JOURNAL DESIGN, KULTUR &amp; MENNESKERETTIGHEDER \u2014 EN PERSONLIG DAGBOG ZLCopenhagen Journal er det editoriale rum for et dansk designbrand, hvor menneskerettigheder, kultur og kreativ aktivisme udforskes gennem kunst, mode og personlige refleksioner.Det er ikke et nyhedsmedie.Det er et journal \u2014 et sted for [&hellip;]<\/p>\n","protected":false},"author":2,"featured_media":30439,"parent":0,"menu_order":0,"comment_status":"closed","ping_status":"closed","template":"","meta":{"footnotes":""},"class_list":["post-52825","page","type-page","status-publish","has-post-thumbnail","hentry"],"yoast_head":"<!-- This site is optimized with the Yoast SEO Premium plugin v26.6 (Yoast SEO v27.5) - https:\/\/yoast.com\/product\/yoast-seo-premium-wordpress\/ -->\n<title>Journal \u2014 Design, Culture &amp; Human Rights | ZLCopenhagen<\/title>\n<meta name=\"description\" content=\"The editorial journal of ZLCopenhagen exploring design, culture, and human rights through creative work and personal reflection.\" \/>\n<meta name=\"robots\" content=\"index, follow, max-snippet:-1, max-image-preview:large, max-video-preview:-1\" \/>\n<link rel=\"canonical\" href=\"https:\/\/zlcopenhagen.com\/da\/journal\/\" \/>\n<meta property=\"og:locale\" content=\"da_DK\" \/>\n<meta property=\"og:type\" content=\"article\" \/>\n<meta property=\"og:title\" content=\"ZLCOPENHAGEN | Cross-Cultural Menswear &amp; Ethical Style\" \/>\n<meta property=\"og:description\" content=\"Discover ZLCOPENHAGEN: Danish-Punjabi fusion in ethical menswear. Born from activism. Built on bold design. Worn with purpose.\" \/>\n<meta property=\"og:url\" content=\"https:\/\/zlcopenhagen.com\/da\/journal\/\" \/>\n<meta property=\"og:site_name\" content=\"zlcopenhagen.com\" \/>\n<meta property=\"article:modified_time\" content=\"2026-03-14T20:08:25+00:00\" \/>\n<meta property=\"og:image\" content=\"https:\/\/zlcopenhagen.com\/wp-content\/uploads\/2024\/01\/watermelon-from-the-river-to-the-sea-palestine-will-be-free-zlcopenhagen-human-rights-boykott-israel.jpg\" \/>\n\t<meta property=\"og:image:width\" content=\"1800\" \/>\n\t<meta property=\"og:image:height\" content=\"1200\" \/>\n\t<meta property=\"og:image:type\" content=\"image\/jpeg\" \/>\n<meta name=\"twitter:card\" content=\"summary_large_image\" \/>\n<meta name=\"twitter:label1\" content=\"Estimeret l\u00e6setid\" \/>\n\t<meta name=\"twitter:data1\" content=\"3 minutter\" \/>\n<!-- \/ Yoast SEO Premium plugin. -->","yoast_head_json":{"title":"Journal \u2014 Design, Culture & Human Rights | ZLCopenhagen","description":"The editorial journal of ZLCopenhagen exploring design, culture, and human rights through creative work and personal reflection.","robots":{"index":"index","follow":"follow","max-snippet":"max-snippet:-1","max-image-preview":"max-image-preview:large","max-video-preview":"max-video-preview:-1"},"canonical":"https:\/\/zlcopenhagen.com\/da\/journal\/","og_locale":"da_DK","og_type":"article","og_title":"ZLCOPENHAGEN | Cross-Cultural Menswear & Ethical Style","og_description":"Discover ZLCOPENHAGEN: Danish-Punjabi fusion in ethical menswear. Born from activism. Built on bold design. Worn with purpose.","og_url":"https:\/\/zlcopenhagen.com\/da\/journal\/","og_site_name":"zlcopenhagen.com","article_modified_time":"2026-03-14T20:08:25+00:00","og_image":[{"width":1800,"height":1200,"url":"https:\/\/zlcopenhagen.com\/wp-content\/uploads\/2024\/01\/watermelon-from-the-river-to-the-sea-palestine-will-be-free-zlcopenhagen-human-rights-boykott-israel.jpg","type":"image\/jpeg"}],"twitter_card":"summary_large_image","twitter_misc":{"Estimeret l\u00e6setid":"3 minutter"},"schema":{"@context":"https:\/\/schema.org","@graph":[{"@type":"WebPage","@id":"https:\/\/zlcopenhagen.com\/da\/journal\/","url":"https:\/\/zlcopenhagen.com\/da\/journal\/","name":"Journal \u2014 Design, Culture & Human Rights | ZLCopenhagen","isPartOf":{"@id":"https:\/\/zlcopenhagen.com\/#website"},"primaryImageOfPage":{"@id":"https:\/\/zlcopenhagen.com\/da\/journal\/#primaryimage"},"image":{"@id":"https:\/\/zlcopenhagen.com\/da\/journal\/#primaryimage"},"thumbnailUrl":"https:\/\/zlcopenhagen.com\/wp-content\/uploads\/2024\/01\/watermelon-from-the-river-to-the-sea-palestine-will-be-free-zlcopenhagen-human-rights-boykott-israel.jpg","datePublished":"2015-01-01T11:39:28+00:00","dateModified":"2026-03-14T20:08:25+00:00","description":"The editorial journal of ZLCopenhagen exploring design, culture, and human rights through creative work and personal reflection.","breadcrumb":{"@id":"https:\/\/zlcopenhagen.com\/da\/journal\/#breadcrumb"},"inLanguage":"da-DK","potentialAction":[{"@type":"ReadAction","target":["https:\/\/zlcopenhagen.com\/da\/journal\/"]}]},{"@type":"ImageObject","inLanguage":"da-DK","@id":"https:\/\/zlcopenhagen.com\/da\/journal\/#primaryimage","url":"https:\/\/zlcopenhagen.com\/wp-content\/uploads\/2024\/01\/watermelon-from-the-river-to-the-sea-palestine-will-be-free-zlcopenhagen-human-rights-boykott-israel.jpg","contentUrl":"https:\/\/zlcopenhagen.com\/wp-content\/uploads\/2024\/01\/watermelon-from-the-river-to-the-sea-palestine-will-be-free-zlcopenhagen-human-rights-boykott-israel.jpg","width":1800,"height":1200,"caption":"Guide how to boycott Israel"},{"@type":"BreadcrumbList","@id":"https:\/\/zlcopenhagen.com\/da\/journal\/#breadcrumb","itemListElement":[{"@type":"ListItem","position":1,"name":"Home","item":"https:\/\/zlcopenhagen.com\/da\/"},{"@type":"ListItem","position":2,"name":"EDITORIAL JOURNAL \u2014 DESIGN, KULTUR &#038; MENNESKERETTIGHEDER"}]},{"@type":"WebSite","@id":"https:\/\/zlcopenhagen.com\/#website","url":"https:\/\/zlcopenhagen.com\/","name":"zlcopenhagen.com","description":"","publisher":{"@id":"https:\/\/zlcopenhagen.com\/#organization"},"potentialAction":[{"@type":"SearchAction","target":{"@type":"EntryPoint","urlTemplate":"https:\/\/zlcopenhagen.com\/?s={search_term_string}"},"query-input":{"@type":"PropertyValueSpecification","valueRequired":true,"valueName":"search_term_string"}}],"inLanguage":"da-DK"},{"@type":["Organization","Place"],"@id":"https:\/\/zlcopenhagen.com\/#organization","name":"ZLCOPENHAGEN","alternateName":"ZLCOPENHAGEN","url":"https:\/\/zlcopenhagen.com\/","logo":{"@id":"https:\/\/zlcopenhagen.com\/da\/journal\/#local-main-organization-logo"},"image":{"@id":"https:\/\/zlcopenhagen.com\/da\/journal\/#local-main-organization-logo"},"sameAs":["https:\/\/www.youtube.com\/channel\/UCy7JINwB6DMr2fA9yHpDQJg"],"telephone":[],"openingHoursSpecification":[{"@type":"OpeningHoursSpecification","dayOfWeek":["Monday","Tuesday","Wednesday","Thursday","Friday","Saturday","Sunday"],"opens":"09:00","closes":"17:00"}]},{"@type":"ImageObject","inLanguage":"da-DK","@id":"https:\/\/zlcopenhagen.com\/da\/journal\/#local-main-organization-logo","url":"https:\/\/zlcopenhagen.com\/wp-content\/uploads\/2016\/05\/blog-logo.jpg","contentUrl":"https:\/\/zlcopenhagen.com\/wp-content\/uploads\/2016\/05\/blog-logo.jpg","width":68,"height":68,"caption":"ZLCOPENHAGEN"}]}},"_links":{"self":[{"href":"https:\/\/zlcopenhagen.com\/da\/wp-json\/wp\/v2\/pages\/52825","targetHints":{"allow":["GET"]}}],"collection":[{"href":"https:\/\/zlcopenhagen.com\/da\/wp-json\/wp\/v2\/pages"}],"about":[{"href":"https:\/\/zlcopenhagen.com\/da\/wp-json\/wp\/v2\/types\/page"}],"author":[{"embeddable":true,"href":"https:\/\/zlcopenhagen.com\/da\/wp-json\/wp\/v2\/users\/2"}],"replies":[{"embeddable":true,"href":"https:\/\/zlcopenhagen.com\/da\/wp-json\/wp\/v2\/comments?post=52825"}],"version-history":[{"count":4,"href":"https:\/\/zlcopenhagen.com\/da\/wp-json\/wp\/v2\/pages\/52825\/revisions"}],"predecessor-version":[{"id":60324,"href":"https:\/\/zlcopenhagen.com\/da\/wp-json\/wp\/v2\/pages\/52825\/revisions\/60324"}],"wp:featuredmedia":[{"embeddable":true,"href":"https:\/\/zlcopenhagen.com\/da\/wp-json\/wp\/v2\/media\/30439"}],"wp:attachment":[{"href":"https:\/\/zlcopenhagen.com\/da\/wp-json\/wp\/v2\/media?parent=52825"}],"curies":[{"name":"wp","href":"https:\/\/api.w.org\/{rel}","templated":true}]}}