{"id":31162,"date":"2019-04-02T13:14:19","date_gmt":"2019-04-02T12:14:19","guid":{"rendered":"https:\/\/zlcopenhagen.com\/?page_id=31162"},"modified":"2024-05-06T07:49:48","modified_gmt":"2024-05-06T06:49:48","slug":"baeredygtig-produktion","status":"publish","type":"page","link":"https:\/\/zlcopenhagen.com\/da\/baeredygtig-produktion\/","title":{"rendered":"b\u00e6redygtig produktion"},"content":{"rendered":"<p>[spb_text_block animation=&#8221;none&#8221; animation_delay=&#8221;0&#8243; simplified_controls=&#8221;yes&#8221; custom_css_percentage=&#8221;no&#8221; padding_vertical=&#8221;0&#8243; padding_horizontal=&#8221;0&#8243; margin_vertical=&#8221;0&#8243; custom_css=&#8221;margin-top: 0px;margin-bottom: 0px;&#8221; border_size=&#8221;0&#8243; border_styling_global=&#8221;default&#8221; width=&#8221;2\/3&#8243; el_position=&#8221;first&#8221;]<\/p>\n<p><strong>Produktion af Plastik:<\/strong><\/p>\n<p><strong>Produktion DTU:<\/strong><\/p>\n<p><strong>Produktion med B\u00e6redygtig Udnyttelse af Naturgrundlaget:<\/strong><\/p>\n<p>&nbsp;<\/p>\n<p><strong>B\u00e6redygtig Produktion:<\/strong><\/p>\n<p>Som studerende har jeg altid v\u00e6ret fascineret af produktionsprocesser og deres potentiale for innovation. Derfor har jeg valgt at specialisere mig inden for produktionsretningen, hvor jeg kan udforske og bidrage til udviklingen af \u200b\u200bb\u00e6redygtige l\u00f8sninger. Jeg er s\u00e6rligt interesseret i automation med robotteknologi, is\u00e6r i tekstilbranchen, hvor produktionen kan effektiviseres og optimeres med principperne for Lean Manufacturing. Hos DTU (Danmarks Tekniske Universitet) l\u00e6rer jeg ikke kun teorien bag produktionsprocesserne, men ogs\u00e5 hvordan jeg kan anvende disse principper i praksis for at skabe en mere b\u00e6redygtig fremtid.<\/p>\n<p><strong>Produktion af Plastik:<\/strong><\/p>\n<p><strong>Produktion DTU:<\/strong><\/p>\n<p><strong>Produktion med B\u00e6redygtig Udnyttelse af Naturgrundlaget:<\/strong><\/p>\n<p>[\/spb_text_block] [spb_counter subject=&#8221;UGER&#8221; from=&#8221;0&#8243; to=&#8221;6&#8243; speed=&#8221;2000&#8243; refresh=&#8221;25&#8243; commas=&#8221;true&#8221; textstyle=&#8221;h3&#8243; width=&#8221;1\/3&#8243; el_position=&#8221;last&#8221;]<\/p>\n","protected":false},"excerpt":{"rendered":"<p>[spb_text_block animation=&#8221;none&#8221; animation_delay=&#8221;0&#8243; simplified_controls=&#8221;yes&#8221; custom_css_percentage=&#8221;no&#8221; padding_vertical=&#8221;0&#8243; padding_horizontal=&#8221;0&#8243; margin_vertical=&#8221;0&#8243; custom_css=&#8221;margin-top: 0px;margin-bottom: 0px;&#8221; border_size=&#8221;0&#8243; border_styling_global=&#8221;default&#8221; width=&#8221;2\/3&#8243; el_position=&#8221;first&#8221;] Produktion af Plastik: Produktion DTU: Produktion med B\u00e6redygtig Udnyttelse af Naturgrundlaget: &nbsp; B\u00e6redygtig Produktion: Som studerende har jeg altid v\u00e6ret fascineret af produktionsprocesser og deres potentiale for innovation. Derfor har jeg valgt at specialisere mig inden for produktionsretningen, hvor jeg kan udforske og bidrage til [&hellip;]<\/p>\n","protected":false},"author":2,"featured_media":0,"parent":0,"menu_order":0,"comment_status":"closed","ping_status":"closed","template":"","meta":{"footnotes":""},"class_list":["post-31162","page","type-page","status-publish","hentry"],"yoast_head":"<!-- This site is optimized with the Yoast SEO Premium plugin v26.6 (Yoast SEO v27.5) - https:\/\/yoast.com\/product\/yoast-seo-premium-wordpress\/ -->\n<title>%title% | ZLCOPENHAGEN | Cross-Cultural Menswear &amp; Ethical Style<\/title>\n<meta name=\"description\" content=\"Discover ZLCOPENHAGEN: Danish-Punjabi fusion in ethical menswear. Born from activism. Built on bold design. Worn with purpose.\" \/>\n<meta name=\"robots\" content=\"index, follow, max-snippet:-1, max-image-preview:large, max-video-preview:-1\" \/>\n<link rel=\"canonical\" href=\"https:\/\/zlcopenhagen.com\/da\/baeredygtig-produktion\/\" \/>\n<meta property=\"og:locale\" content=\"da_DK\" \/>\n<meta property=\"og:type\" content=\"article\" \/>\n<meta property=\"og:title\" content=\"ZLCOPENHAGEN | Cross-Cultural Menswear &amp; Ethical Style\" \/>\n<meta property=\"og:description\" content=\"Discover ZLCOPENHAGEN: Danish-Punjabi fusion in ethical menswear. Born from activism. Built on bold design. Worn with purpose.\" \/>\n<meta property=\"og:url\" content=\"https:\/\/zlcopenhagen.com\/da\/baeredygtig-produktion\/\" \/>\n<meta property=\"og:site_name\" content=\"zlcopenhagen.com\" \/>\n<meta property=\"article:modified_time\" content=\"2024-05-06T06:49:48+00:00\" \/>\n<meta property=\"og:image\" content=\"https:\/\/zlcopenhagen.com\/wp-content\/uploads\/2014\/11\/zlc-.jpg\" \/>\n\t<meta property=\"og:image:width\" content=\"1908\" \/>\n\t<meta property=\"og:image:height\" content=\"1062\" \/>\n\t<meta property=\"og:image:type\" content=\"image\/jpeg\" \/>\n<meta name=\"twitter:card\" content=\"summary_large_image\" \/>\n<meta name=\"twitter:label1\" content=\"Estimeret l\u00e6setid\" \/>\n\t<meta name=\"twitter:data1\" content=\"4 minutter\" \/>\n<!-- \/ Yoast SEO Premium plugin. -->","yoast_head_json":{"title":"%title% | ZLCOPENHAGEN | Cross-Cultural Menswear & Ethical Style","description":"Discover ZLCOPENHAGEN: Danish-Punjabi fusion in ethical menswear. Born from activism. Built on bold design. Worn with purpose.","robots":{"index":"index","follow":"follow","max-snippet":"max-snippet:-1","max-image-preview":"max-image-preview:large","max-video-preview":"max-video-preview:-1"},"canonical":"https:\/\/zlcopenhagen.com\/da\/baeredygtig-produktion\/","og_locale":"da_DK","og_type":"article","og_title":"ZLCOPENHAGEN | Cross-Cultural Menswear & Ethical Style","og_description":"Discover ZLCOPENHAGEN: Danish-Punjabi fusion in ethical menswear. Born from activism. Built on bold design. Worn with purpose.","og_url":"https:\/\/zlcopenhagen.com\/da\/baeredygtig-produktion\/","og_site_name":"zlcopenhagen.com","article_modified_time":"2024-05-06T06:49:48+00:00","og_image":[{"width":1908,"height":1062,"url":"https:\/\/zlcopenhagen.com\/wp-content\/uploads\/2014\/11\/zlc-.jpg","type":"image\/jpeg"}],"twitter_card":"summary_large_image","twitter_misc":{"Estimeret l\u00e6setid":"4 minutter"},"schema":{"@context":"https:\/\/schema.org","@graph":[{"@type":"WebPage","@id":"https:\/\/zlcopenhagen.com\/da\/baeredygtig-produktion\/","url":"https:\/\/zlcopenhagen.com\/da\/baeredygtig-produktion\/","name":"%title% | ZLCOPENHAGEN | Cross-Cultural Menswear & Ethical Style","isPartOf":{"@id":"https:\/\/zlcopenhagen.com\/#website"},"datePublished":"2019-04-02T12:14:19+00:00","dateModified":"2024-05-06T06:49:48+00:00","description":"Discover ZLCOPENHAGEN: Danish-Punjabi fusion in ethical menswear. Born from activism. Built on bold design. Worn with purpose.","breadcrumb":{"@id":"https:\/\/zlcopenhagen.com\/da\/baeredygtig-produktion\/#breadcrumb"},"inLanguage":"da-DK","potentialAction":[{"@type":"ReadAction","target":["https:\/\/zlcopenhagen.com\/da\/baeredygtig-produktion\/"]}]},{"@type":"BreadcrumbList","@id":"https:\/\/zlcopenhagen.com\/da\/baeredygtig-produktion\/#breadcrumb","itemListElement":[{"@type":"ListItem","position":1,"name":"Home","item":"https:\/\/zlcopenhagen.com\/da\/"},{"@type":"ListItem","position":2,"name":"b\u00e6redygtig produktion"}]},{"@type":"WebSite","@id":"https:\/\/zlcopenhagen.com\/#website","url":"https:\/\/zlcopenhagen.com\/","name":"zlcopenhagen.com","description":"","publisher":{"@id":"https:\/\/zlcopenhagen.com\/#organization"},"potentialAction":[{"@type":"SearchAction","target":{"@type":"EntryPoint","urlTemplate":"https:\/\/zlcopenhagen.com\/?s={search_term_string}"},"query-input":{"@type":"PropertyValueSpecification","valueRequired":true,"valueName":"search_term_string"}}],"inLanguage":"da-DK"},{"@type":["Organization","Place"],"@id":"https:\/\/zlcopenhagen.com\/#organization","name":"ZLCOPENHAGEN","alternateName":"ZLCOPENHAGEN","url":"https:\/\/zlcopenhagen.com\/","logo":{"@id":"https:\/\/zlcopenhagen.com\/da\/baeredygtig-produktion\/#local-main-organization-logo"},"image":{"@id":"https:\/\/zlcopenhagen.com\/da\/baeredygtig-produktion\/#local-main-organization-logo"},"sameAs":["https:\/\/www.youtube.com\/channel\/UCy7JINwB6DMr2fA9yHpDQJg"],"telephone":[],"openingHoursSpecification":[{"@type":"OpeningHoursSpecification","dayOfWeek":["Monday","Tuesday","Wednesday","Thursday","Friday","Saturday","Sunday"],"opens":"09:00","closes":"17:00"}]},{"@type":"ImageObject","inLanguage":"da-DK","@id":"https:\/\/zlcopenhagen.com\/da\/baeredygtig-produktion\/#local-main-organization-logo","url":"https:\/\/zlcopenhagen.com\/wp-content\/uploads\/2016\/05\/blog-logo.jpg","contentUrl":"https:\/\/zlcopenhagen.com\/wp-content\/uploads\/2016\/05\/blog-logo.jpg","width":68,"height":68,"caption":"ZLCOPENHAGEN"}]}},"_links":{"self":[{"href":"https:\/\/zlcopenhagen.com\/da\/wp-json\/wp\/v2\/pages\/31162","targetHints":{"allow":["GET"]}}],"collection":[{"href":"https:\/\/zlcopenhagen.com\/da\/wp-json\/wp\/v2\/pages"}],"about":[{"href":"https:\/\/zlcopenhagen.com\/da\/wp-json\/wp\/v2\/types\/page"}],"author":[{"embeddable":true,"href":"https:\/\/zlcopenhagen.com\/da\/wp-json\/wp\/v2\/users\/2"}],"replies":[{"embeddable":true,"href":"https:\/\/zlcopenhagen.com\/da\/wp-json\/wp\/v2\/comments?post=31162"}],"version-history":[{"count":3,"href":"https:\/\/zlcopenhagen.com\/da\/wp-json\/wp\/v2\/pages\/31162\/revisions"}],"predecessor-version":[{"id":32801,"href":"https:\/\/zlcopenhagen.com\/da\/wp-json\/wp\/v2\/pages\/31162\/revisions\/32801"}],"wp:attachment":[{"href":"https:\/\/zlcopenhagen.com\/da\/wp-json\/wp\/v2\/media?parent=31162"}],"curies":[{"name":"wp","href":"https:\/\/api.w.org\/{rel}","templated":true}]}}