{"id":15503,"date":"2016-05-12T11:54:41","date_gmt":"2016-05-12T11:54:41","guid":{"rendered":"https:\/\/zlcopenhagen.com\/?page_id=15503&#038;lang=da"},"modified":"2018-01-08T21:29:00","modified_gmt":"2018-01-08T20:29:00","slug":"privat-politik","status":"publish","type":"page","link":"https:\/\/zlcopenhagen.com\/da\/privat-politik\/","title":{"rendered":"Privat Politik"},"content":{"rendered":"<h1><span style=\"color: #333333;\">PRIVAT POLITIK<\/span><\/h1>\n<h1><span style=\"color: #999999;\">BESKYTTELSE AF PERSONLIGE OPLYSNINGER<\/span><\/h1>\n<p>Denne fortrolighedspolitik beskriver, hvordan vi bruger og beskytter de oplysninger du indtaster n\u00e5r du bruger denne hjemmeside. Vi er forpligtet til at sikre, at dit privatliv er beskyttet. Skulle du blive bedt om at indtaste visse oplysninger, s\u00e5 du kan identificeres n\u00e5r du bruger denne hjemmeside, kan du v\u00e6re sikker p\u00e5 at oplysningerne kun vil blive anvendt i overensstemmelse med denne fortrolighedserkl\u00e6ring. Denne politik kan \u00e6ndre sig fra tid til anden n\u00e5r siden bliver opdateret. Du b\u00f8r tjekke denne side en gang i mellem for at sikre, at du indforst\u00e5et med eventuelle \u00e6ndringer.<\/p>\n<h1><span style=\"color: #999999;\">HVAD VI INDSAMLER<\/span><\/h1>\n<p>Vi kan indsamle f\u00f8lgende oplysninger:<\/p>\n<ul class=\"privacypolicy-top-box\">\n<li style=\"list-style-type: none;\">\n<ul class=\"privacypolicy-top-box\">\n<li style=\"list-style-type: none;\">\n<ul>\n<li>Navn, Kontaktoplysninger, herunder e-mail-adresse<\/li>\n<li>Demografiske oplysninger s\u00e5som postnummer, pr\u00e6ferencer og interesser<\/li>\n<li>Andre relevante oplysninger til kundeunders\u00f8gelser og \/ eller tilbud<\/li>\n<\/ul>\n<\/li>\n<\/ul>\n<\/li>\n<\/ul>\n<p>For den omfattende liste af cookies vi indsamler, <a href=\"http:\/\/zahidlatif.com\/index.php\/behandling-af-data#list\">se listen over de cookies<\/a> vi indsamler.<\/p>\n<h1><span style=\"color: #999999;\">HVAD VI G\u00d8R MED DE INFORMATIONER VI INDSAMLER<\/span><\/h1>\n<p>Vi har brug for disse oplysninger for at forst\u00e5 dine behov og for at give dig en bedre service, specielt af f\u00f8lgende grunde:-<\/p>\n<ul class=\"privacypolicy-top-box\">\n<li style=\"list-style-type: none;\">\n<ul class=\"privacypolicy-top-box\">\n<li style=\"list-style-type: none;\">\n<ul>\n<li>Intern registrering.<\/li>\n<li>Vi kan bruge oplysningerne til at forbedre vores produkter og tjenester.<\/li>\n<li>Vi kan med j\u00e6vne mellemrum sende reklame e-mails om nye produkter, specielle tilbud eller andre \u00a0oplysninger.<\/li>\n<li>Fra tid til anden kan vi ogs\u00e5 bruge dine oplysninger til at kontakte dig til markedsunders\u00f8gelser.<\/li>\n<\/ul>\n<\/li>\n<\/ul>\n<\/li>\n<\/ul>\n<p>Vi kan kontakte dig via e-mail, telefon, fax eller mail. Vi kan bruge oplysningerne til at tilpasse hjemmesiden efter dine interesser.<\/p>\n<h1><span style=\"color: #999999;\">SIKKERHED<\/span><\/h1>\n<p>Vi er forpligtet til at sikre, at dine oplysninger er sikre. For at forhindre uautoriseret adgang eller videregivelse, har vi indf\u00f8rt passende fysiske, elektroniske og ledelsesm\u00e6ssige procedurer for at beskytte og sikre de oplysninger vi indsamler online.<\/p>\n<h1><span style=\"color: #999999;\">S\u00c5DAN BRUGER VI COOKIES<\/span><\/h1>\n<p>En cookie er en lille fil, som beder om tilladelse til at blive placeret p\u00e5 din computers harddisk. Hvis du er enig, bliver filen tilf\u00f8jet og cookien hj\u00e6lper med at analysere webtrafik eller fort\u00e6ller dig, n\u00e5r du bes\u00f8ger et bestemt websted. Cookies tillader web applikationer at svare dig som individ. Den web-applikation kan skr\u00e6ddersy sine operationer til dine behov, sympatier og antipatier ved at indsamle og huske oplysninger om dine pr\u00e6ferencer.<\/p>\n<p>Vi bruger logstatistik til at identificere, hvilke sider der bliver brugt. Dette hj\u00e6lper os med at analysere data om trafikken p\u00e5 hjemmesiden, s\u00e5 vi kan forbedre den, for at skr\u00e6ddersy den til kundernes behov. Vi bruger kun disse oplysninger til statistiske analyseform\u00e5l og derefter bliver dataen fjernet fra systemet.<\/p>\n<p>Samlet set hj\u00e6lper cookies os med at give dig en bedre hjemmeside, der giver os mulighed for at overv\u00e5ge, hvilke sider du finde nyttige, og hvilke du ikke g\u00f8r. En cookie giver \u00a0os p\u00e5 ingen m\u00e5de adgang til din computer eller oplysninger om dig, andet end de data, du v\u00e6lger at dele med os. Du kan v\u00e6lge at acceptere eller afvise cookies. De fleste webbrowsere accepterer automatisk cookies, men du kan normalt \u00e6ndre din browser til at afvise cookies hvis du foretr\u00e6kker det. Dette kan dog forhindre dig i at udnytte hjemmesiden fuldt ud.<\/p>\n<h1><span style=\"color: #999999;\">LINKS TIL ANDRE HJEMMESIDER<\/span><\/h1>\n<p>Vores hjemmeside kan indeholde links til andre interessante hjemmesider. Men hvis du har brugt disse links til at forlade vores side, b\u00f8r du bem\u00e6rke, at vi ikke har nogen kontrol over andre hjemmesider. Derfor kan vi ikke v\u00e6re ansvarlig for databeskyttelse og privat livets fred af alle oplysninger, som du afgiver ved at bes\u00f8ger s\u00e5danne steder, og s\u00e5danne steder er ikke omfattet af denne fortrolighedserkl\u00e6ring. Du b\u00f8r udvise forsigtighed og se p\u00e5 fortrolighedserkl\u00e6ringen for den p\u00e5g\u00e6ldende hjemmeside.<\/p>\n<h1><span style=\"color: #999999;\">KONTROLLERE DIN PERSONLIGE OPLYSNINGER<\/span><\/h1>\n<p>Du kan v\u00e6lge at begr\u00e6nse indsamlingen\/brug af dine personlige oplysninger p\u00e5 f\u00f8lgende m\u00e5der:<\/p>\n<ul class=\"privacypolicy-top-box\">\n<li style=\"list-style-type: none;\">\n<ul class=\"privacypolicy-top-box\">\n<li style=\"list-style-type: none;\">\n<ul>\n<li>N\u00e5r du bliver bedt om at udfylde en formular p\u00e5 hjemmesiden, se efter feltet, hvor du kan klikke for at angive, hvis du ikke \u00f8nsker at oplysningerne skal kunne bruges til markedsf\u00f8ring.<\/li>\n<li>Hvis du tidligere har aftalt at vi bruger dine personlige oplysninger til direkte markedsf\u00f8ring, kan du til enhver tid \u00e6ndre din mening ved at skrive til os p\u00e5 info@zlcopenhagen.com<\/li>\n<\/ul>\n<\/li>\n<\/ul>\n<\/li>\n<\/ul>\n<p>Vi vil ikke s\u00e6lge, distribuere eller udleje dine personlige oplysninger til tredjemand, medmindre vi har din tilladelse, hvis det er p\u00e5kr\u00e6vet af loven. Vi kan bruge dine personlige oplysninger til at sende dig reklame oplysninger om tredjemand, som vi tror du vil finde interessant, hvis du giver udtryk for at du \u00f8nsker dette.<\/p>\n<p>Du kan anmode om detaljer om de personlige oplysninger, som vi har om dig i henhold til databeskyttelsesdirektivet af 1998. Et lille gebyr skal betales. Hvis du gerne vil have en kopi af de oplysninger vi har om dig, s\u00e5 skriv venligst til os.<\/p>\n<p>Hvis du mener at oplysningerne vi har om dig er ukorrekte eller ufuldst\u00e6ndige, bedes du maile til os s\u00e5 hurtigt som muligt, p\u00e5 ovenn\u00e6vnte adresse. Vi vil straks rette eventuelle oplysninger, der m\u00e5tte at v\u00e6re ukorrekte.<\/p>\n<h1><a name=\"list\"><\/a><span style=\"color: #999999;\">LISTEN AF COOKIES VI INDSAMLER<\/span><\/h1>\n<p>Tabellen nedenfor viser de cookies vi indsamler og hvilke oplysninger de indeholder<\/p>\n<table class=\"data-table\">\n<thead>\n<tr>\n<th>COOKIE navn<\/th>\n<th class=\"style1\">COOKIE Beskrivelse<\/th>\n<\/tr>\n<\/thead>\n<tbody>\n<tr>\n<th>CART<\/th>\n<td class=\"style1\">Tilknytningen til din indk\u00f8bskurv.<\/td>\n<\/tr>\n<tr>\n<th>CATEGORY_INFO<\/th>\n<td class=\"style1\">Gemmer info om sidens kategori, der g\u00f8r det muligt at vise siderne hurtigere.<\/td>\n<\/tr>\n<tr>\n<th>COMPARE<\/th>\n<td class=\"style1\">Sammenligner de elementer du har i produkt listen<\/td>\n<\/tr>\n<tr>\n<th>CURRENCY<\/th>\n<td class=\"style1\">Din foretrukne valuta<\/td>\n<\/tr>\n<tr>\n<th>KUNDE<\/th>\n<td class=\"style1\">En krypteret version af dit kunde-id i butikken.<\/td>\n<\/tr>\n<tr>\n<th>CUSTOMER_AUTH<\/th>\n<td class=\"style1\">En indikator der vise at du i \u00f8jeblikket er logget ind i butikken.<\/td>\n<\/tr>\n<tr>\n<th>CUSTOMER_INFO<\/th>\n<td class=\"style1\">En krypteret version af den kundegruppe du tilh\u00f8rer.<\/td>\n<\/tr>\n<tr>\n<th>CUSTOMER_SEGMENT_IDS<\/th>\n<td class=\"style1\">Gemmer kundesegments ID<\/td>\n<\/tr>\n<tr>\n<th>EXTERNAL_NO_CACHE<\/th>\n<td class=\"style1\"><em>Et flag<\/em>, som angiver om caching er deaktiveret eller ej<\/td>\n<\/tr>\n<tr>\n<th>FRONTEND<\/th>\n<td class=\"style1\">Din sesssion id p\u00e5 serveren.<\/td>\n<\/tr>\n<tr>\n<th>GUEST-VIEW<\/th>\n<td class=\"style1\">Giver g\u00e6sterne mulighed for at redigere deres ordrer.<\/td>\n<\/tr>\n<tr>\n<th>LAST_CATEGORY<\/th>\n<td class=\"style1\">Den sidste kategori du har bes\u00f8gt.<\/td>\n<\/tr>\n<tr>\n<th>LAST_PRODUCT<\/th>\n<td class=\"style1\">Det seneste produkt du har set p\u00e5.<\/td>\n<\/tr>\n<tr>\n<th>NEWMESSAGE<\/th>\n<td class=\"style1\">Angiver om der er modtaget en ny besked.<\/td>\n<\/tr>\n<tr>\n<th>NO_CACHE<\/th>\n<td class=\"style1\">Angiver om det er tilladt at bruge cachen.<\/td>\n<\/tr>\n<tr>\n<th>PERSISTENT_SHOPPING_CART<\/th>\n<td class=\"style1\">Et link til oplysninger om din kurv og visning af den historie.<\/td>\n<\/tr>\n<tr>\n<th>POLL<\/th>\n<td class=\"style1\">eventuelle afstemninger, hvor du for nylig har stemt.<\/td>\n<\/tr>\n<tr>\n<th>POLLN<\/th>\n<td class=\"style1\">ID p\u00e5 eventuelle afstemninger, hvor du for nylig har stemt.<\/td>\n<\/tr>\n<tr>\n<th>RECENTLYCOMPARED<\/th>\n<td class=\"style1\">De produkter, du har sammenlignet for nylig.<\/td>\n<\/tr>\n<tr>\n<th>STF<\/th>\n<td class=\"style1\">Oplysninger om de produkter, du har mailet til dine venner.<\/td>\n<\/tr>\n<tr>\n<th>STORE<\/th>\n<td class=\"style1\">butikkens visning eller det sprog du har valgt.<\/td>\n<\/tr>\n<tr>\n<th>USER_ALLOWED_SAVE_COOKIE<\/th>\n<td class=\"style1\">Angiver om en kunde har lov til at bruge cookies.<\/td>\n<\/tr>\n<tr>\n<th>VIEWED_PRODUCT_IDS<\/th>\n<td class=\"style1\">De produkter du har set p\u00e5 for nylig.<\/td>\n<\/tr>\n<tr>\n<th>WISHLIST<\/th>\n<td class=\"style1\">En krypteret liste over de produkter du har tilf\u00f8jet til din \u00f8nskeseddel.<\/td>\n<\/tr>\n<tr>\n<th>WISHLIST_CNT<\/th>\n<td class=\"style1\">Antallet af varer p\u00e5 din \u00f8nskeseddel.<\/td>\n<\/tr>\n<\/tbody>\n<\/table>\n","protected":false},"excerpt":{"rendered":"<p>PRIVAT POLITIK BESKYTTELSE AF PERSONLIGE OPLYSNINGER Denne fortrolighedspolitik beskriver, hvordan vi bruger og beskytter de oplysninger du indtaster n\u00e5r du bruger denne hjemmeside. Vi er forpligtet til at sikre, at dit privatliv er beskyttet. Skulle du blive bedt om at indtaste visse oplysninger, s\u00e5 du kan identificeres n\u00e5r du bruger denne hjemmeside, kan du v\u00e6re sikker p\u00e5 at oplysningerne kun [&hellip;]<\/p>\n","protected":false},"author":2,"featured_media":15254,"parent":0,"menu_order":0,"comment_status":"closed","ping_status":"closed","template":"","meta":{"footnotes":""},"class_list":["post-15503","page","type-page","status-publish","has-post-thumbnail","hentry"],"yoast_head":"<!-- This site is optimized with the Yoast SEO Premium plugin v26.6 (Yoast SEO v27.5) - https:\/\/yoast.com\/product\/yoast-seo-premium-wordpress\/ -->\n<title>Privat Politik - ZLCOPENHAGEN.COM<\/title>\n<meta name=\"description\" content=\"Discover ZLCOPENHAGEN: Danish-Punjabi fusion in ethical menswear. Born from activism. Built on bold design. Worn with purpose.\" \/>\n<meta name=\"robots\" content=\"index, follow, max-snippet:-1, max-image-preview:large, max-video-preview:-1\" \/>\n<link rel=\"canonical\" href=\"https:\/\/zlcopenhagen.com\/da\/privat-politik\/\" \/>\n<meta property=\"og:locale\" content=\"da_DK\" \/>\n<meta property=\"og:type\" content=\"article\" \/>\n<meta property=\"og:title\" content=\"ZLCOPENHAGEN | Cross-Cultural Menswear &amp; Ethical Style\" \/>\n<meta property=\"og:description\" content=\"Discover ZLCOPENHAGEN: Danish-Punjabi fusion in ethical menswear. Born from activism. Built on bold design. Worn with purpose.\" \/>\n<meta property=\"og:url\" content=\"https:\/\/zlcopenhagen.com\/da\/privat-politik\/\" \/>\n<meta property=\"og:site_name\" content=\"zlcopenhagen.com\" \/>\n<meta property=\"article:modified_time\" content=\"2018-01-08T20:29:00+00:00\" \/>\n<meta property=\"og:image\" content=\"https:\/\/i0.wp.com\/zlcopenhagen.com\/wp-content\/uploads\/2014\/09\/about-phone.jpg?fit=1920%2C1440&ssl=1\" \/>\n\t<meta property=\"og:image:width\" content=\"1920\" \/>\n\t<meta property=\"og:image:height\" content=\"1440\" \/>\n\t<meta property=\"og:image:type\" content=\"image\/jpeg\" \/>\n<meta name=\"twitter:card\" content=\"summary_large_image\" \/>\n<meta name=\"twitter:label1\" content=\"Estimeret l\u00e6setid\" \/>\n\t<meta name=\"twitter:data1\" content=\"6 minutter\" \/>\n<!-- \/ Yoast SEO Premium plugin. -->","yoast_head_json":{"title":"Privat Politik - ZLCOPENHAGEN.COM","description":"Discover ZLCOPENHAGEN: Danish-Punjabi fusion in ethical menswear. Born from activism. Built on bold design. Worn with purpose.","robots":{"index":"index","follow":"follow","max-snippet":"max-snippet:-1","max-image-preview":"max-image-preview:large","max-video-preview":"max-video-preview:-1"},"canonical":"https:\/\/zlcopenhagen.com\/da\/privat-politik\/","og_locale":"da_DK","og_type":"article","og_title":"ZLCOPENHAGEN | Cross-Cultural Menswear & Ethical Style","og_description":"Discover ZLCOPENHAGEN: Danish-Punjabi fusion in ethical menswear. Born from activism. Built on bold design. Worn with purpose.","og_url":"https:\/\/zlcopenhagen.com\/da\/privat-politik\/","og_site_name":"zlcopenhagen.com","article_modified_time":"2018-01-08T20:29:00+00:00","og_image":[{"width":1920,"height":1440,"url":"https:\/\/i0.wp.com\/zlcopenhagen.com\/wp-content\/uploads\/2014\/09\/about-phone.jpg?fit=1920%2C1440&ssl=1","type":"image\/jpeg"}],"twitter_card":"summary_large_image","twitter_misc":{"Estimeret l\u00e6setid":"6 minutter"},"schema":{"@context":"https:\/\/schema.org","@graph":[{"@type":"WebPage","@id":"https:\/\/zlcopenhagen.com\/da\/privat-politik\/","url":"https:\/\/zlcopenhagen.com\/da\/privat-politik\/","name":"Privat Politik - ZLCOPENHAGEN.COM","isPartOf":{"@id":"https:\/\/zlcopenhagen.com\/#website"},"primaryImageOfPage":{"@id":"https:\/\/zlcopenhagen.com\/da\/privat-politik\/#primaryimage"},"image":{"@id":"https:\/\/zlcopenhagen.com\/da\/privat-politik\/#primaryimage"},"thumbnailUrl":"https:\/\/zlcopenhagen.com\/wp-content\/uploads\/2014\/09\/about-phone.jpg","datePublished":"2016-05-12T11:54:41+00:00","dateModified":"2018-01-08T20:29:00+00:00","description":"Discover ZLCOPENHAGEN: Danish-Punjabi fusion in ethical menswear. Born from activism. Built on bold design. Worn with purpose.","breadcrumb":{"@id":"https:\/\/zlcopenhagen.com\/da\/privat-politik\/#breadcrumb"},"inLanguage":"da-DK","potentialAction":[{"@type":"ReadAction","target":["https:\/\/zlcopenhagen.com\/da\/privat-politik\/"]}]},{"@type":"ImageObject","inLanguage":"da-DK","@id":"https:\/\/zlcopenhagen.com\/da\/privat-politik\/#primaryimage","url":"https:\/\/zlcopenhagen.com\/wp-content\/uploads\/2014\/09\/about-phone.jpg","contentUrl":"https:\/\/zlcopenhagen.com\/wp-content\/uploads\/2014\/09\/about-phone.jpg","width":1920,"height":1440,"caption":"Tryg online handel lige ved h\u00e5nden: Oplev sikker smart shopping via din mobil"},{"@type":"BreadcrumbList","@id":"https:\/\/zlcopenhagen.com\/da\/privat-politik\/#breadcrumb","itemListElement":[{"@type":"ListItem","position":1,"name":"Home","item":"https:\/\/zlcopenhagen.com\/da\/"},{"@type":"ListItem","position":2,"name":"Privat Politik"}]},{"@type":"WebSite","@id":"https:\/\/zlcopenhagen.com\/#website","url":"https:\/\/zlcopenhagen.com\/","name":"zlcopenhagen.com","description":"","publisher":{"@id":"https:\/\/zlcopenhagen.com\/#organization"},"potentialAction":[{"@type":"SearchAction","target":{"@type":"EntryPoint","urlTemplate":"https:\/\/zlcopenhagen.com\/?s={search_term_string}"},"query-input":{"@type":"PropertyValueSpecification","valueRequired":true,"valueName":"search_term_string"}}],"inLanguage":"da-DK"},{"@type":["Organization","Place"],"@id":"https:\/\/zlcopenhagen.com\/#organization","name":"ZLCOPENHAGEN","alternateName":"ZLCOPENHAGEN","url":"https:\/\/zlcopenhagen.com\/","logo":{"@id":"https:\/\/zlcopenhagen.com\/da\/privat-politik\/#local-main-organization-logo"},"image":{"@id":"https:\/\/zlcopenhagen.com\/da\/privat-politik\/#local-main-organization-logo"},"sameAs":["https:\/\/www.youtube.com\/channel\/UCy7JINwB6DMr2fA9yHpDQJg"],"telephone":[],"openingHoursSpecification":[{"@type":"OpeningHoursSpecification","dayOfWeek":["Monday","Tuesday","Wednesday","Thursday","Friday","Saturday","Sunday"],"opens":"09:00","closes":"17:00"}]},{"@type":"ImageObject","inLanguage":"da-DK","@id":"https:\/\/zlcopenhagen.com\/da\/privat-politik\/#local-main-organization-logo","url":"https:\/\/zlcopenhagen.com\/wp-content\/uploads\/2016\/05\/blog-logo.jpg","contentUrl":"https:\/\/zlcopenhagen.com\/wp-content\/uploads\/2016\/05\/blog-logo.jpg","width":68,"height":68,"caption":"ZLCOPENHAGEN"}]}},"_links":{"self":[{"href":"https:\/\/zlcopenhagen.com\/da\/wp-json\/wp\/v2\/pages\/15503","targetHints":{"allow":["GET"]}}],"collection":[{"href":"https:\/\/zlcopenhagen.com\/da\/wp-json\/wp\/v2\/pages"}],"about":[{"href":"https:\/\/zlcopenhagen.com\/da\/wp-json\/wp\/v2\/types\/page"}],"author":[{"embeddable":true,"href":"https:\/\/zlcopenhagen.com\/da\/wp-json\/wp\/v2\/users\/2"}],"replies":[{"embeddable":true,"href":"https:\/\/zlcopenhagen.com\/da\/wp-json\/wp\/v2\/comments?post=15503"}],"version-history":[{"count":0,"href":"https:\/\/zlcopenhagen.com\/da\/wp-json\/wp\/v2\/pages\/15503\/revisions"}],"wp:featuredmedia":[{"embeddable":true,"href":"https:\/\/zlcopenhagen.com\/da\/wp-json\/wp\/v2\/media\/15254"}],"wp:attachment":[{"href":"https:\/\/zlcopenhagen.com\/da\/wp-json\/wp\/v2\/media?parent=15503"}],"curies":[{"name":"wp","href":"https:\/\/api.w.org\/{rel}","templated":true}]}}