{"id":15461,"date":"2016-05-08T11:04:15","date_gmt":"2016-05-08T11:04:15","guid":{"rendered":"https:\/\/zlcopenhagen.com\/cart\/?lang=da"},"modified":"2026-01-23T20:13:47","modified_gmt":"2026-01-23T19:13:47","slug":"fyld-din-kurv-uden-modellen","status":"publish","type":"page","link":"https:\/\/zlcopenhagen.com\/da\/fyld-din-kurv-uden-modellen\/","title":{"rendered":"FYLD DIN KURV&#8230;UDEN MODELEN"},"content":{"rendered":"<p>[spb_text_block animation=&#8221;none&#8221; animation_delay=&#8221;0&#8243; simplified_controls=&#8221;yes&#8221; custom_css_percentage=&#8221;no&#8221; padding_vertical=&#8221;0&#8243; padding_horizontal=&#8221;0&#8243; margin_vertical=&#8221;0&#8243; custom_css=&#8221;margin-top: 0px;margin-bottom: 0px;&#8221; border_size=&#8221;0&#8243; border_styling_global=&#8221;default&#8221; width=&#8221;1\/1&#8243; el_position=&#8221;first last&#8221;]<\/p>\n\n<p>[\/spb_text_block] [spb_text_block animation=&#8221;none&#8221; animation_delay=&#8221;0&#8243; simplified_controls=&#8221;yes&#8221; custom_css_percentage=&#8221;no&#8221; padding_vertical=&#8221;0&#8243; padding_horizontal=&#8221;0&#8243; margin_vertical=&#8221;0&#8243; custom_css=&#8221;margin-top: 0px;margin-bottom: 0px;&#8221; border_size=&#8221;0&#8243; border_styling_global=&#8221;default&#8221; width=&#8221;1\/1&#8243; el_position=&#8221;first last&#8221;]<\/p>\n<h2>MODELLEN ER DESV\u00c6RRE IKKE TIL SALG!<\/h2>\n<p>Ja, vi ved, det kan v\u00e6re fristende \u2013 men vores modeller bliver hos os lidt endnu! Heldigvis kan du g\u00e5 helt amok med alle de andre l\u00e6kre varer i kurven.<\/p>\n<p>Men dr\u00f8mmer du om selv at v\u00e6re modellen? Hvis du t\u00e6nker, &#8220;Den kunne jeg ogs\u00e5 b\u00e6re,&#8221; s\u00e5 tag springet! Vi leder altid efter nye ansigter, der t\u00f8r st\u00e5 foran kameraet og vise, hvad de kan. Er det dig?<\/p>\n<p><strong><a href=\"https:\/\/zlcopenhagen.com\/da\/bliv-model-elite-models-unique-models\/\" target=\"_blank\" rel=\"noopener\">Hop ind her og bliv model hos os!<\/a><\/strong><\/p>\n<p>[\/spb_text_block] [spb_image image=&#8221;31645&#8243; image_size=&#8221;full&#8221; frame=&#8221;noframe&#8221; caption_pos=&#8221;hover&#8221; remove_rounded=&#8221;yes&#8221; fullwidth=&#8221;no&#8221; overflow_mode=&#8221;none&#8221; link_target=&#8221;_self&#8221; lightbox=&#8221;no&#8221; intro_animation=&#8221;none&#8221; animation_delay=&#8221;200&#8243; width=&#8221;1\/1&#8243; el_position=&#8221;first last&#8221;][\/spb_image] [spb_row element_name=&#8221;Row&#8221; wrap_type=&#8221;full-width-contained&#8221; row_bg_type=&#8221;color&#8221; color_row_height=&#8221;content-height&#8221; bg_type=&#8221;cover&#8221; parallax_image_height=&#8221;content-height&#8221; parallax_image_movement=&#8221;fixed&#8221; parallax_image_speed=&#8221;standard&#8221; bg_video_loop=&#8221;yes&#8221; parallax_video_height=&#8221;window-height&#8221; row_top_style=&#8221;none&#8221; row_bottom_style=&#8221;none&#8221; parallax_video_overlay=&#8221;none&#8221; row_overlay_opacity=&#8221;0&#8243; remove_element_spacing=&#8221;no&#8221; row_col_spacing=&#8221;0&#8243; row_col_pos=&#8221;default&#8221; row_col_equal_heights=&#8221;yes&#8221; row_expanding=&#8221;no&#8221; row_animation=&#8221;none&#8221; row_animation_delay=&#8221;0&#8243; minimize_row=&#8221;no&#8221; simplified_controls=&#8221;yes&#8221; custom_css_percentage=&#8221;no&#8221; custom_css=&#8221;margin-top: 0px;margin-bottom: 0px;border-top: 18px #f51e1e;border-left: 18px #f51e1e;border-right: 18px #f51e1e;border-bottom: 18px #f51e1e;padding-top: 211px;padding-bottom: 211px;&#8221; border_color_global=&#8221;#f51e1e&#8221; border_styling_global=&#8221;default&#8221; width=&#8221;1\/1&#8243; el_position=&#8221;first last&#8221;] [spb_icon_box element_name=&#8221;sikkerhed ved k\u00f8b&#8221; title=&#8221;SIKKERHED VED NETK\u00d8B&#8221; box_type=&#8221;standard&#8221; box_icon_type=&#8221;icon&#8221; icon=&#8221;sf-im-yes&#8221; animate_svg=&#8221;no&#8221; link=&#8221;https:\/\/zlcopenhagen.com\/da\/kundeservice\/&#8221; target=&#8221;_blank&#8221; animation=&#8221;none&#8221; animation_delay=&#8221;0&#8243; icon_color=&#8221;#99cc00&#8243; icon_bg_color=&#8221;#ff00cc&#8221; text_color=&#8221;#080101&#8243; animated_box_style=&#8221;coloured&#8221; animated_box_rounded=&#8221;yes&#8221; width=&#8221;1\/2&#8243; el_position=&#8221;first&#8221;]<\/p>\n<p style=\"text-align: left;\">Hos ZLCOPENHAGEN er vi glade for at tilbyde dig vores partnerskab med <a href=\"https:\/\/epay.dk\/\" target=\"_blank\" rel=\"noopener\"><strong>ePay<\/strong><\/a> og <strong><a href=\"https:\/\/worldline.com\/da-dk\/home.html\" target=\"_blank\" rel=\"noopener\">Bambora\/Worldline<\/a><\/strong>, som g\u00f8r online betalinger hurtigere og nemmere. Med fokus p\u00e5 sikkerhed f\u00f8lger vi PCI DSS-standarder, bruger st\u00e6rk kryptering og sikrer dine data med regelm\u00e6ssige systemrevisioner.<\/p>\n<p style=\"text-align: left;\">Hvis du har sp\u00f8rgsm\u00e5l eller foretr\u00e6kker at benytte MobilePay direkte, er du altid velkommen til at kontakte os via e-mail eller telefon. Vi st\u00e5r klar til at assistere dig med din betaling, s\u00e5 din oplevelse bliver s\u00e5 let som muligt. Vi tilbyder ogs\u00e5 betalinger med vores vares partner <strong><a href=\"https:\/\/www.paypal.com\/dk\/webapps\/mpp\/about\" target=\"_blank\" rel=\"noopener\">PayPal<\/a><\/strong>.<\/p>\n<p>Du kan l\u00e6se mere om <a href=\"https:\/\/zlcopenhagen.com\/da\/sikker-shopping\/\" target=\"_blank\" rel=\"noopener\"><strong>Sikker Shopping her<\/strong><\/a>.<\/p>\n<p>[\/spb_icon_box] [spb_icon_box element_name=&#8221;FORSENDELSE OG LEVERANCE TIL HELE VERDEN&#8221; title=&#8221;FORSENDELSE OG LEVERANCE TIL HELE VERDEN&#8221; box_type=&#8221;standard&#8221; box_icon_type=&#8221;icon&#8221; icon=&#8221;sf-im-globe&#8221; animate_svg=&#8221;no&#8221; target=&#8221;_self&#8221; animation=&#8221;none&#8221; animation_delay=&#8221;0&#8243; icon_color=&#8221;#99cc00&#8243; animated_box_style=&#8221;coloured&#8221; animated_box_rounded=&#8221;yes&#8221; width=&#8221;1\/2&#8243; el_position=&#8221;last&#8221;]<\/p>\n<p style=\"text-align: left;\">N\u00e5r du afgiver en ordre hos mig, er det enten jeg personligt eller mit lille, dedikerede team, der tager h\u00e5nd om at pakke og sende dine varer afsted inden for 1-3 arbejdsdage. I tilf\u00e6lde af at en vare ikke er p\u00e5 lager og skal bestilles hjem, beder jeg om din forst\u00e5else for, at processen kan tage lidt l\u00e6ngere.<\/p>\n<p style=\"text-align: left;\">Bor du inden for EU, kan du forvente at modtage din ordre 5-7 arbejdsdage efter k\u00f8bet. Dine varer sendes med omhu gennem p\u00e5lidelige kurertjenester som FedEx, GLS, eller DAO3645, afh\u00e6ngigt af, hvad der bedst tjener form\u00e5let. Du kan finde flere oplysninger under vores <strong><a href=\"https:\/\/zlcopenhagen.com\/da\/kundeservice\/\" target=\"_blank\" rel=\"noopener\">kundeservice<\/a><\/strong> side.<\/p>\n<p>[\/spb_icon_box] [spb_icon_box title=&#8221;JEG OG MIT TEAM G\u00d8R VORES BEDSTE&#8221; box_type=&#8221;standard&#8221; box_icon_type=&#8221;icon&#8221; icon=&#8221;sf-im-gears&#8221; animate_svg=&#8221;no&#8221; target=&#8221;_self&#8221; animation=&#8221;none&#8221; animation_delay=&#8221;0&#8243; icon_color=&#8221;#99cc00&#8243; animated_box_style=&#8221;coloured&#8221; animated_box_rounded=&#8221;yes&#8221; width=&#8221;1\/2&#8243; el_position=&#8221;first&#8221;]<\/p>\n<p style=\"text-align: left;\">I min virksomhed, hvor jeg sammen med mit team arbejder dedikeret, tager vi dit privatliv og sikkerheden af dine personlige oplysninger yderst seri\u00f8st, alt sammen under vores kerneprincip om &#8220;sikker smart shopping&#8221;. Dette engagement er fundamentalt for vores m\u00e5l om at fremme &#8220;tryg online handel&#8221;. Vi forpligter os til n\u00f8je at overholde databeskyttelseslove, og vi behandler dine data med st\u00f8rste respekt og omhu. Det er vores ambition at sikre, at hver gang du handler hos os, f\u00f8ler du dig helt tryg og sikker, vidende at dine oplysninger er i gode h\u00e6nder. Din tillid er vores h\u00f8jeste prioritet, og vi er her for at v\u00e6rne om den ved hver eneste transaktion.<\/p>\n<p>[\/spb_icon_box] [spb_icon_box element_name=&#8221;BESKYTTELSE AF PERSONDATA&#8221; title=&#8221;BESKYTTELSE AF PERSONDATA&#8221; box_type=&#8221;standard&#8221; box_icon_type=&#8221;icon&#8221; icon=&#8221;sf-im-lock-2&#8243; animate_svg=&#8221;no&#8221; target=&#8221;_blank&#8221; animation=&#8221;wobble&#8221; animation_delay=&#8221;100&#8243; icon_color=&#8221;#99cc00&#8243; animated_box_style=&#8221;coloured&#8221; animated_box_rounded=&#8221;yes&#8221; width=&#8221;1\/2&#8243; el_position=&#8221;last&#8221;]<\/p>\n<p style=\"text-align: left;\">I min virksomhed, hvor jeg sammen med mit team arbejder dedikeret, tager vi dit privatliv og sikkerheden af dine personlige oplysninger yderst seri\u00f8st, alt sammen under vores kerneprincip om &#8220;sikker smart shopping&#8221;. Dette engagement er fundamentalt for vores m\u00e5l om at fremme &#8220;tryg online handel&#8221;. Vi forpligter os til n\u00f8je at overholde databeskyttelseslove, og vi behandler dine data med st\u00f8rste respekt og omhu. Det er vores ambition at sikre, at hver gang du handler hos os, f\u00f8ler du dig helt tryg og sikker, vidende at dine oplysninger er i gode h\u00e6nder. Din tillid er vores h\u00f8jeste prioritet, og vi er her for at v\u00e6rne om den ved hver eneste transaktion.<\/p>\n<p>[\/spb_icon_box] [spb_icon_box element_name=&#8221;HAR DU EN IDE?&#8221; title=&#8221;FORBEDRINGER OG FREMTIDIGE INNOVATIONER&#8221; box_type=&#8221;standard&#8221; box_icon_type=&#8221;icon&#8221; icon=&#8221;sf-im-light-bulb&#8221; animate_svg=&#8221;no&#8221; link=&#8221;https:\/\/zlcopenhagen.com\/wp-admin\/customize.php?url=https%3A%2F%2Fzlcopenhagen.com%2Fcustomer-service%2F&#8221; target=&#8221;_blank&#8221; animation=&#8221;fadeIn&#8221; animation_delay=&#8221;100&#8243; icon_color=&#8221;#99cc00&#8243; animated_box_style=&#8221;coloured&#8221; animated_box_rounded=&#8221;yes&#8221; width=&#8221;1\/2&#8243; el_position=&#8221;first&#8221;]<\/p>\n<p style=\"text-align: left;\">Hos os er dit input guld v\u00e6rd. Vi \u00f8nsker at g\u00f8re din &#8220;sikker smart shopping&#8221;-oplevelse endnu bedre og mere personlig. Hver kommentar og hver id\u00e9 fra dig inspirerer os til at t\u00e6nke innovativt og b\u00e6redygtigt. Er der noget ved vores service, du elsker, eller m\u00e5ske noget, der kunne v\u00e6re bedre? Vi lytter! Vi kigger ogs\u00e5 p\u00e5, hvordan vi kan g\u00f8re vores pakkel\u00f8sninger gr\u00f8nnere og vores hjemmeside mere brugervenlig. Vores dr\u00f8m er at skabe en shoppingoplevelse, hvor du f\u00f8ler dig tryg og v\u00e6rdsat, og hvor vi sammen bidrager til en bedre planet. Lad os sammen forme fremtiden for &#8220;tryg online handel&#8221;. Din stemme er vejen frem!<\/p>\n<p>[\/spb_icon_box] [spb_icon_box element_name=&#8221;b\u00e6redygtige&#8221; title=&#8221;SUSTAINABLE&#8221; box_type=&#8221;standard&#8221; box_icon_type=&#8221;icon&#8221; icon=&#8221;sf-im-environmental-3&#8243; animate_svg=&#8221;no&#8221; link=&#8221;https:\/\/zlcopenhagen.com\/wp-admin\/customize.php?url=https%3A%2F%2Fzlcopenhagen.com%2Fcustomer-service%2F&#8221; target=&#8221;_blank&#8221; animation=&#8221;fadeIn&#8221; animation_delay=&#8221;100&#8243; icon_color=&#8221;#99cc00&#8243; animated_box_style=&#8221;coloured&#8221; animated_box_rounded=&#8221;yes&#8221; width=&#8221;1\/2&#8243; el_position=&#8221;last&#8221;]<\/p>\n<p style=\"text-align: center;\">I min enkeltmandsvirksomhed g\u00e5r jeg op i b\u00e6redygtighed med hjertet. For at give dig det bedste, indsamler jeg n\u00f8je informationer fra vores leverand\u00f8rer og stoler p\u00e5 deres ekspertise og etik. Vi arbejder h\u00e5nd i h\u00e5nd for at sikre, at du modtager produkter, der er b\u00e5de ansvarlige og af h\u00f8j kvalitet. Selvf\u00f8lgelig, jeg er kun menneske, og fejl kan forekomme trods vores bedste intentioner. Men jeg lover dig, jeg vil altid st\u00e5 klar til at g\u00f8re det rigtige og sikre din tilfredshed. Sammen g\u00f8r vi en forskel for en bedre verden.<\/p>\n<p>[\/spb_icon_box] [spb_icon_box element_name=&#8221;RETURNERING OG OMBYTNING&#8221; title=&#8221;RETURNERING OG OMBYTNING&#8221; box_type=&#8221;standard&#8221; box_icon_type=&#8221;icon&#8221; icon=&#8221;sf-im-repeat-2&#8243; animate_svg=&#8221;no&#8221; link=&#8221;https:\/\/zlcopenhagen.com\/wp-admin\/customize.php?url=https%3A%2F%2Fzlcopenhagen.com%2Fcustomer-service%2F&#8221; target=&#8221;_blank&#8221; animation=&#8221;fadeIn&#8221; animation_delay=&#8221;100&#8243; icon_color=&#8221;#99cc00&#8243; animated_box_style=&#8221;coloured&#8221; animated_box_rounded=&#8221;yes&#8221; width=&#8221;1\/2&#8243; el_position=&#8221;first&#8221;]<\/p>\n<p>Hos os er din tilfredshed altid i centrum. Skulle du modtage din ordre og indse, at du \u00f8nsker at returnere eller bytte en vare, vil jeg personligt s\u00f8rge for, at processen er s\u00e5 enkel som mulig. Fra det \u00f8jeblik du \u00e5bner din pakke, har du 14 dage til at beslutte dig. Hvis du ombestemmer dig, er det vigtigt, at varen kommer tilbage til os i samme stand, som da du modtog den.<\/p>\n<p>Jeg anbefaler, at du sender din returvare med DAO365, GLS, FedEx, eller som anbefalet brev \u2013 eller en anden forsendelsesmetode, hvor vi skal kvittere for modtagelsen. Dette er for din og min sikkerheds skyld. Skulle der v\u00e6re opst\u00e5et en fejl fra vores side, som f.eks. en forkert st\u00f8rrelse eller en beskadiget vare, d\u00e6kker vi naturligvis alle omkostninger ved returneringen.<\/p>\n<p>N\u00e5r vi modtager din returvare, g\u00e5r jeg personligt igennem vores retursystem, og du kan forvente at se det refunderede bel\u00f8b p\u00e5 din konto inden for 7 dage. Det kan dog tage op til 14 dage, afh\u00e6ngigt af systemet. For at g\u00f8re ombytning eller refundering s\u00e5 smidig som muligt, husk venligst at udfylde returneringsformularen med dit navn, ordrenummer, og om du foretr\u00e6kker pengene tilbage. Din tilfredshed er min prioritet, og jeg er her for at hj\u00e6lpe med ethvert skridt p\u00e5 vejen.<\/p>\n<p>[\/spb_icon_box] [spb_icon_box element_name=&#8221;Private label&#8221; title=&#8221;SKR\u00c6DDERSYET L\u00d8SNINGER&#8221; box_type=&#8221;standard&#8221; box_icon_type=&#8221;icon&#8221; icon=&#8221;sf-im-equalizer&#8221; animate_svg=&#8221;no&#8221; link=&#8221;https:\/\/zlcopenhagen.com\/wp-admin\/customize.php?url=https%3A%2F%2Fzlcopenhagen.com%2Fcustomer-service%2F&#8221; target=&#8221;_blank&#8221; animation=&#8221;fadeIn&#8221; animation_delay=&#8221;100&#8243; icon_color=&#8221;#99cc00&#8243; animated_box_style=&#8221;coloured&#8221; animated_box_rounded=&#8221;yes&#8221; width=&#8221;1\/2&#8243; el_position=&#8221;last&#8221;]<\/p>\n<p>Teksten er p\u00e5 vej<\/p>\n<p>[\/spb_icon_box] [\/spb_row] [spb_image image=&#8221;15930&#8243; image_size=&#8221;full&#8221; frame=&#8221;noframe&#8221; caption_pos=&#8221;hover&#8221; remove_rounded=&#8221;yes&#8221; fullwidth=&#8221;no&#8221; overflow_mode=&#8221;none&#8221; link_target=&#8221;_self&#8221; lightbox=&#8221;no&#8221; intro_animation=&#8221;none&#8221; animation_delay=&#8221;200&#8243; width=&#8221;1\/1&#8243; el_position=&#8221;first last&#8221;][\/spb_image] [spb_products title=&#8221;M\u00c5SKE SKAL DE MED I DIN KURV&#8221; asset_type=&#8221;best-sellers&#8221; display_type=&#8221;gallery&#8221; display_layout=&#8221;standard&#8221; multi_masonry=&#8221;yes&#8221; carousel=&#8221;no&#8221; fullwidth=&#8221;no&#8221; columns=&#8221;6&#8243; item_count=&#8221;18&#8243; order_by=&#8221;rand&#8221; order=&#8221;DESC&#8221; button_enabled=&#8221;no&#8221; width=&#8221;1\/1&#8243; el_position=&#8221;first last&#8221;]<\/p>\n","protected":false},"excerpt":{"rendered":"<p>[spb_text_block animation=&#8221;none&#8221; animation_delay=&#8221;0&#8243; simplified_controls=&#8221;yes&#8221; custom_css_percentage=&#8221;no&#8221; padding_vertical=&#8221;0&#8243; padding_horizontal=&#8221;0&#8243; margin_vertical=&#8221;0&#8243; custom_css=&#8221;margin-top: 0px;margin-bottom: 0px;&#8221; border_size=&#8221;0&#8243; border_styling_global=&#8221;default&#8221; width=&#8221;1\/1&#8243; el_position=&#8221;first last&#8221;] [\/spb_text_block] [spb_text_block animation=&#8221;none&#8221; animation_delay=&#8221;0&#8243; simplified_controls=&#8221;yes&#8221; custom_css_percentage=&#8221;no&#8221; padding_vertical=&#8221;0&#8243; padding_horizontal=&#8221;0&#8243; margin_vertical=&#8221;0&#8243; custom_css=&#8221;margin-top: 0px;margin-bottom: 0px;&#8221; border_size=&#8221;0&#8243; border_styling_global=&#8221;default&#8221; width=&#8221;1\/1&#8243; el_position=&#8221;first last&#8221;] MODELLEN ER DESV\u00c6RRE IKKE TIL SALG! Ja, vi ved, det kan v\u00e6re fristende \u2013 men vores modeller bliver hos os lidt endnu! Heldigvis kan du g\u00e5 helt [&hellip;]<\/p>\n","protected":false},"author":2,"featured_media":15254,"parent":0,"menu_order":0,"comment_status":"closed","ping_status":"closed","template":"","meta":{"footnotes":""},"class_list":["post-15461","page","type-page","status-publish","has-post-thumbnail","hentry"],"yoast_head":"<!-- This site is optimized with the Yoast SEO Premium plugin v26.6 (Yoast SEO v27.4) - https:\/\/yoast.com\/product\/yoast-seo-premium-wordpress\/ -->\n<title>Sikker &amp; Smart Shopping. F\u00e5 Stilen, Bliv Fristet &amp; M\u00e5ske Bliv Model<\/title>\n<meta name=\"description\" content=\"Sikker shopping hos ZLCOPENHAGEN | B\u00e6redygtig og stilfuld online handel \u2013 og m\u00e5ske en chance for at bliv model\" \/>\n<meta name=\"robots\" content=\"index, follow, max-snippet:-1, max-image-preview:large, max-video-preview:-1\" \/>\n<link rel=\"canonical\" href=\"https:\/\/zlcopenhagen.com\/da\/fyld-din-kurv-uden-modellen\/\" \/>\n<meta property=\"og:locale\" content=\"da_DK\" \/>\n<meta property=\"og:type\" content=\"article\" \/>\n<meta property=\"og:title\" content=\"ZLCOPENHAGEN | Cross-Cultural Menswear &amp; Ethical Style\" \/>\n<meta property=\"og:description\" content=\"Discover ZLCOPENHAGEN: Danish-Punjabi fusion in ethical menswear. Born from activism. Built on bold design. Worn with purpose.\" \/>\n<meta property=\"og:url\" content=\"https:\/\/zlcopenhagen.com\/da\/fyld-din-kurv-uden-modellen\/\" \/>\n<meta property=\"og:site_name\" content=\"zlcopenhagen.com\" \/>\n<meta property=\"article:modified_time\" content=\"2026-01-23T19:13:47+00:00\" \/>\n<meta property=\"og:image\" content=\"https:\/\/zlcopenhagen.com\/wp-content\/uploads\/2014\/09\/about-phone.jpg\" \/>\n\t<meta property=\"og:image:width\" content=\"1920\" \/>\n\t<meta property=\"og:image:height\" content=\"1440\" \/>\n\t<meta property=\"og:image:type\" content=\"image\/jpeg\" \/>\n<meta name=\"twitter:card\" content=\"summary_large_image\" \/>\n<meta name=\"twitter:label1\" content=\"Estimeret l\u00e6setid\" \/>\n\t<meta name=\"twitter:data1\" content=\"6 minutter\" \/>\n<!-- \/ Yoast SEO Premium plugin. -->","yoast_head_json":{"title":"Sikker & Smart Shopping. F\u00e5 Stilen, Bliv Fristet & M\u00e5ske Bliv Model","description":"Sikker shopping hos ZLCOPENHAGEN | B\u00e6redygtig og stilfuld online handel \u2013 og m\u00e5ske en chance for at bliv model","robots":{"index":"index","follow":"follow","max-snippet":"max-snippet:-1","max-image-preview":"max-image-preview:large","max-video-preview":"max-video-preview:-1"},"canonical":"https:\/\/zlcopenhagen.com\/da\/fyld-din-kurv-uden-modellen\/","og_locale":"da_DK","og_type":"article","og_title":"ZLCOPENHAGEN | Cross-Cultural Menswear & Ethical Style","og_description":"Discover ZLCOPENHAGEN: Danish-Punjabi fusion in ethical menswear. Born from activism. Built on bold design. Worn with purpose.","og_url":"https:\/\/zlcopenhagen.com\/da\/fyld-din-kurv-uden-modellen\/","og_site_name":"zlcopenhagen.com","article_modified_time":"2026-01-23T19:13:47+00:00","og_image":[{"width":1920,"height":1440,"url":"https:\/\/zlcopenhagen.com\/wp-content\/uploads\/2014\/09\/about-phone.jpg","type":"image\/jpeg"}],"twitter_card":"summary_large_image","twitter_misc":{"Estimeret l\u00e6setid":"6 minutter"},"schema":{"@context":"https:\/\/schema.org","@graph":[{"@type":["WebPage","CheckoutPage"],"@id":"https:\/\/zlcopenhagen.com\/da\/fyld-din-kurv-uden-modellen\/","url":"https:\/\/zlcopenhagen.com\/da\/fyld-din-kurv-uden-modellen\/","name":"Sikker & Smart Shopping. F\u00e5 Stilen, Bliv Fristet & M\u00e5ske Bliv Model","isPartOf":{"@id":"https:\/\/zlcopenhagen.com\/#website"},"primaryImageOfPage":{"@id":"https:\/\/zlcopenhagen.com\/da\/fyld-din-kurv-uden-modellen\/#primaryimage"},"image":{"@id":"https:\/\/zlcopenhagen.com\/da\/fyld-din-kurv-uden-modellen\/#primaryimage"},"thumbnailUrl":"https:\/\/zlcopenhagen.com\/wp-content\/uploads\/2014\/09\/about-phone.jpg","datePublished":"2016-05-08T11:04:15+00:00","dateModified":"2026-01-23T19:13:47+00:00","description":"Sikker shopping hos ZLCOPENHAGEN | B\u00e6redygtig og stilfuld online handel \u2013 og m\u00e5ske en chance for at bliv model","breadcrumb":{"@id":"https:\/\/zlcopenhagen.com\/da\/fyld-din-kurv-uden-modellen\/#breadcrumb"},"inLanguage":"da-DK","potentialAction":[{"@type":"ReadAction","target":["https:\/\/zlcopenhagen.com\/da\/fyld-din-kurv-uden-modellen\/"]}]},{"@type":"ImageObject","inLanguage":"da-DK","@id":"https:\/\/zlcopenhagen.com\/da\/fyld-din-kurv-uden-modellen\/#primaryimage","url":"https:\/\/zlcopenhagen.com\/wp-content\/uploads\/2014\/09\/about-phone.jpg","contentUrl":"https:\/\/zlcopenhagen.com\/wp-content\/uploads\/2014\/09\/about-phone.jpg","width":1920,"height":1440,"caption":"Tryg online handel lige ved h\u00e5nden: Oplev sikker smart shopping via din mobil"},{"@type":"BreadcrumbList","@id":"https:\/\/zlcopenhagen.com\/da\/fyld-din-kurv-uden-modellen\/#breadcrumb","itemListElement":[{"@type":"ListItem","position":1,"name":"Home","item":"https:\/\/zlcopenhagen.com\/da\/"},{"@type":"ListItem","position":2,"name":"FYLD DIN KURV&#8230;UDEN MODELEN"}]},{"@type":"WebSite","@id":"https:\/\/zlcopenhagen.com\/#website","url":"https:\/\/zlcopenhagen.com\/","name":"zlcopenhagen.com","description":"","publisher":{"@id":"https:\/\/zlcopenhagen.com\/#organization"},"potentialAction":[{"@type":"SearchAction","target":{"@type":"EntryPoint","urlTemplate":"https:\/\/zlcopenhagen.com\/?s={search_term_string}"},"query-input":{"@type":"PropertyValueSpecification","valueRequired":true,"valueName":"search_term_string"}}],"inLanguage":"da-DK"},{"@type":["Organization","Place"],"@id":"https:\/\/zlcopenhagen.com\/#organization","name":"ZLCOPENHAGEN","alternateName":"ZLCOPENHAGEN","url":"https:\/\/zlcopenhagen.com\/","logo":{"@id":"https:\/\/zlcopenhagen.com\/da\/fyld-din-kurv-uden-modellen\/#local-main-organization-logo"},"image":{"@id":"https:\/\/zlcopenhagen.com\/da\/fyld-din-kurv-uden-modellen\/#local-main-organization-logo"},"sameAs":["https:\/\/www.youtube.com\/channel\/UCy7JINwB6DMr2fA9yHpDQJg"],"telephone":[],"openingHoursSpecification":[{"@type":"OpeningHoursSpecification","dayOfWeek":["Monday","Tuesday","Wednesday","Thursday","Friday","Saturday","Sunday"],"opens":"09:00","closes":"17:00"}]},{"@type":"ImageObject","inLanguage":"da-DK","@id":"https:\/\/zlcopenhagen.com\/da\/fyld-din-kurv-uden-modellen\/#local-main-organization-logo","url":"https:\/\/zlcopenhagen.com\/wp-content\/uploads\/2016\/05\/blog-logo.jpg","contentUrl":"https:\/\/zlcopenhagen.com\/wp-content\/uploads\/2016\/05\/blog-logo.jpg","width":68,"height":68,"caption":"ZLCOPENHAGEN"}]}},"_links":{"self":[{"href":"https:\/\/zlcopenhagen.com\/da\/wp-json\/wp\/v2\/pages\/15461","targetHints":{"allow":["GET"]}}],"collection":[{"href":"https:\/\/zlcopenhagen.com\/da\/wp-json\/wp\/v2\/pages"}],"about":[{"href":"https:\/\/zlcopenhagen.com\/da\/wp-json\/wp\/v2\/types\/page"}],"author":[{"embeddable":true,"href":"https:\/\/zlcopenhagen.com\/da\/wp-json\/wp\/v2\/users\/2"}],"replies":[{"embeddable":true,"href":"https:\/\/zlcopenhagen.com\/da\/wp-json\/wp\/v2\/comments?post=15461"}],"version-history":[{"count":66,"href":"https:\/\/zlcopenhagen.com\/da\/wp-json\/wp\/v2\/pages\/15461\/revisions"}],"predecessor-version":[{"id":32018,"href":"https:\/\/zlcopenhagen.com\/da\/wp-json\/wp\/v2\/pages\/15461\/revisions\/32018"}],"wp:featuredmedia":[{"embeddable":true,"href":"https:\/\/zlcopenhagen.com\/da\/wp-json\/wp\/v2\/media\/15254"}],"wp:attachment":[{"href":"https:\/\/zlcopenhagen.com\/da\/wp-json\/wp\/v2\/media?parent=15461"}],"curies":[{"name":"wp","href":"https:\/\/api.w.org\/{rel}","templated":true}]}}